{"id":1961,"date":"2021-11-26T04:07:21","date_gmt":"2021-11-26T04:07:21","guid":{"rendered":"https:\/\/www.jc-learning.de\/?page_id=1961"},"modified":"2025-05-19T13:04:24","modified_gmt":"2025-05-19T11:04:24","slug":"impressum","status":"publish","type":"page","link":"https:\/\/www.jc-training.de\/en\/impressum\/","title":{"rendered":"Impressum"},"content":{"rendered":"<div data-elementor-type=\"wp-page\" data-elementor-id=\"1961\" class=\"elementor elementor-1961\" data-elementor-post-type=\"page\">\n\t\t\t\t\t\t<section class=\"elementor-section elementor-top-section elementor-element elementor-element-a2828b6 elementor-section-boxed elementor-section-height-default elementor-section-height-default\" data-id=\"a2828b6\" data-element_type=\"section\" data-e-type=\"section\">\n\t\t\t\t\t\t<div class=\"elementor-container elementor-column-gap-default\">\n\t\t\t\t\t<div class=\"elementor-column elementor-col-100 elementor-top-column elementor-element elementor-element-67807cd\" data-id=\"67807cd\" data-element_type=\"column\" data-e-type=\"column\">\n\t\t\t<div class=\"elementor-widget-wrap elementor-element-populated\">\n\t\t\t\t\t\t<div class=\"elementor-element elementor-element-8acfac8 elementor-widget elementor-widget-heading\" data-id=\"8acfac8\" data-element_type=\"widget\" data-e-type=\"widget\" data-widget_type=\"heading.default\">\n\t\t\t\t<div class=\"elementor-widget-container\">\n\t\t\t\t\t<h1 class=\"elementor-heading-title elementor-size-default\">Impressum<\/h1>\t\t\t\t<\/div>\n\t\t\t\t<\/div>\n\t\t\t\t<div class=\"elementor-element elementor-element-ba5a309 elementor-widget elementor-widget-text-editor\" data-id=\"ba5a309\" data-element_type=\"widget\" data-e-type=\"widget\" data-widget_type=\"text-editor.default\">\n\t\t\t\t<div class=\"elementor-widget-container\">\n\t\t\t\t\t\t\t\t\t<div><p><strong>JConsulting &amp; Training<br \/><\/strong>Johannes Bollingerfehr<br \/>Knollstr. 10<br \/>49179 Ostercappeln<\/p><p>Kontakt<br \/>Telefon: +49 5473 &#8211; 9129808 &#8211; 0<br \/>Telefax: +49 5473 &#8211; 9129808 &#8211; 9<br \/>E-Mail:\u00a0info@jc-training.de<br \/>www.jc-training.de<\/p><p>Umsatzsteuer-ID<br \/>DE266181539<\/p><p>Inhaltlich verantwortlich: Johannes Bollingerfehr, Adresse wie oben.<\/p><p>Verantwortungsbereich<br \/>Das Impressum gilt f\u00fcr die Internetpr\u00e4senz unter den beiden Domainnamen www.jc-training.de und www.jc-learning.de<\/p><p>Haftungshinweis<br \/>Trotz sorgf\u00e4ltiger inhaltlicher Kontrolle \u00fcbernehmen wir keine Haftung f\u00fcr die Inhalte externer Links. F\u00fcr den Inhalt der verlinkten Seiten sind ausschlie\u00dflich deren Betreiber verantwortlich.<br \/>Die Inhalte dieses Webprojektes wurden sorgf\u00e4ltig gepr\u00fcft und nach bestem Wissen erstellt. F\u00fcr die hier dargebotenen Informationen wird kein Anspruch auf Vollst\u00e4ndigkeit, Aktualit\u00e4t, Qualit\u00e4t und Richtigkeit erhoben. Es wird keine Verantwortung f\u00fcr Sch\u00e4den \u00fcbernommen, die durch das Vertrauen auf die Inhalte dieser Website oder deren Gebrauch entstehen.<\/p><p>Wir sind nicht bereit und nicht verpflichtet an einem Streitbeilegungsverfahren vor einer Verbraucherschlichtungsstelle teilzunehmen.<\/p><p>Urheberschutz und Nutzung<br \/>Die Inhalte und die Gestaltung unserer Internet-Seiten sind gesch\u00fctzt. Wenn nicht ausdr\u00fccklich anders vermerkt, liegen die Urheberrechte f\u00fcr alle Inhalte und Texte bei JC-Training. Die meisten Illustrationen unterliegen ebenfalls den Urheberrechten von JC-Training.\u00a0Eine Verwendung ohne vorherige ausdr\u00fcckliche\u00a0Zustimmung ist nicht gestattet.<\/p><p>\u00a0<\/p><\/div>\t\t\t\t\t\t\t\t<\/div>\n\t\t\t\t<\/div>\n\t\t\t\t\t<\/div>\n\t\t<\/div>\n\t\t\t\t\t<\/div>\n\t\t<\/section>\n\t\t\t\t<\/div>","protected":false},"excerpt":{"rendered":"<p>Impressum JConsulting &amp; TrainingJohannes BollingerfehrKnollstr. 1049179 Ostercappeln KontaktTelefon: +49 5473 &#8211; 9129808 &#8211; 0Telefax: +49 5473 &#8211; 9129808 &#8211; 9E-Mail:\u00a0info@jc-training.dewww.jc-training.de Umsatzsteuer-IDDE266181539 Inhaltlich verantwortlich: Johannes Bollingerfehr,<\/p>","protected":false},"author":2174,"featured_media":0,"parent":0,"menu_order":0,"comment_status":"closed","ping_status":"closed","template":"","meta":{"_price":"","_stock":"","_tribe_ticket_header":"","_tribe_default_ticket_provider":"","_tribe_ticket_capacity":"0","_ticket_start_date":"","_ticket_end_date":"","_tribe_ticket_show_description":"","_tribe_ticket_show_not_going":false,"_tribe_ticket_use_global_stock":"","_tribe_ticket_global_stock_level":"","_global_stock_mode":"","_global_stock_cap":"","_tribe_rsvp_for_event":"","_tribe_ticket_going_count":"","_tribe_ticket_not_going_count":"","_tribe_tickets_list":"[]","_tribe_ticket_has_attendee_info_fields":false,"_EventAllDay":false,"_EventTimezone":"","_EventStartDate":"","_EventEndDate":"","_EventStartDateUTC":"","_EventEndDateUTC":"","_EventShowMap":false,"_EventShowMapLink":false,"_EventURL":"","_EventCost":"","_EventCostDescription":"","_EventCurrencySymbol":"","_EventCurrencyCode":"","_EventCurrencyPosition":"","_EventDateTimeSeparator":"","_EventTimeRangeSeparator":"","_EventOrganizerID":[],"_EventVenueID":[],"_OrganizerEmail":"","_OrganizerPhone":"","_OrganizerWebsite":"","_VenueAddress":"","_VenueCity":"","_VenueCountry":"","_VenueProvince":"","_VenueState":"","_VenueZip":"","_VenuePhone":"","_VenueURL":"","_VenueStateProvince":"","_VenueLat":"","_VenueLng":"","_VenueShowMap":false,"_VenueShowMapLink":false,"productId":0,"courseId":0,"footnotes":"","_tec_slr_enabled":"","_tec_slr_layout":""},"class_list":["post-1961","page","type-page","status-publish","hentry"],"ticketed":false,"_links":{"self":[{"href":"https:\/\/www.jc-training.de\/en\/wp-json\/wp\/v2\/pages\/1961","targetHints":{"allow":["GET"]}}],"collection":[{"href":"https:\/\/www.jc-training.de\/en\/wp-json\/wp\/v2\/pages"}],"about":[{"href":"https:\/\/www.jc-training.de\/en\/wp-json\/wp\/v2\/types\/page"}],"author":[{"embeddable":true,"href":"https:\/\/www.jc-training.de\/en\/wp-json\/wp\/v2\/users\/2174"}],"replies":[{"embeddable":true,"href":"https:\/\/www.jc-training.de\/en\/wp-json\/wp\/v2\/comments?post=1961"}],"version-history":[{"count":49,"href":"https:\/\/www.jc-training.de\/en\/wp-json\/wp\/v2\/pages\/1961\/revisions"}],"predecessor-version":[{"id":6455,"href":"https:\/\/www.jc-training.de\/en\/wp-json\/wp\/v2\/pages\/1961\/revisions\/6455"}],"wp:attachment":[{"href":"https:\/\/www.jc-training.de\/en\/wp-json\/wp\/v2\/media?parent=1961"}],"curies":[{"name":"wp","href":"https:\/\/api.w.org\/{rel}","templated":true}]}}