{"id":2155,"date":"2021-11-28T05:28:20","date_gmt":"2021-11-28T05:28:20","guid":{"rendered":"https:\/\/www.jc-learning.de\/?page_id=2155"},"modified":"2023-09-01T12:47:53","modified_gmt":"2023-09-01T12:47:53","slug":"konfliktkompetenz","status":"publish","type":"page","link":"https:\/\/www.jc-training.de\/en\/einzelpersonen__trashed\/konfliktkompetenz\/","title":{"rendered":"Konfliktkompetenz"},"content":{"rendered":"<div data-elementor-type=\"wp-page\" data-elementor-id=\"2155\" class=\"elementor elementor-2155\" data-elementor-post-type=\"page\">\n\t\t\t\t\t\t<section class=\"elementor-section elementor-top-section elementor-element elementor-element-f84859c elementor-section-boxed elementor-section-height-default elementor-section-height-default\" data-id=\"f84859c\" data-element_type=\"section\" data-e-type=\"section\">\n\t\t\t\t\t\t<div class=\"elementor-container elementor-column-gap-default\">\n\t\t\t\t\t<div class=\"elementor-column elementor-col-100 elementor-top-column elementor-element elementor-element-9e4c249\" data-id=\"9e4c249\" data-element_type=\"column\" data-e-type=\"column\">\n\t\t\t<div class=\"elementor-widget-wrap elementor-element-populated\">\n\t\t\t\t\t\t<div class=\"elementor-element elementor-element-03e3cc4 elementor-widget elementor-widget-heading\" data-id=\"03e3cc4\" data-element_type=\"widget\" data-e-type=\"widget\" data-widget_type=\"heading.default\">\n\t\t\t\t<div class=\"elementor-widget-container\">\n\t\t\t\t\t<h1 class=\"elementor-heading-title elementor-size-default\">Konfliktkompetenz<\/h1>\t\t\t\t<\/div>\n\t\t\t\t<\/div>\n\t\t\t\t<div class=\"elementor-element elementor-element-34290bb elementor-widget elementor-widget-heading\" data-id=\"34290bb\" data-element_type=\"widget\" data-e-type=\"widget\" data-widget_type=\"heading.default\">\n\t\t\t\t<div class=\"elementor-widget-container\">\n\t\t\t\t\t<h2 class=\"elementor-heading-title elementor-size-default\">Konfliktverhalten erleben<\/h2>\t\t\t\t<\/div>\n\t\t\t\t<\/div>\n\t\t\t\t\t<\/div>\n\t\t<\/div>\n\t\t\t\t\t<\/div>\n\t\t<\/section>\n\t\t\t\t<section class=\"elementor-section elementor-top-section elementor-element elementor-element-95f7d21 elementor-section-boxed elementor-section-height-default elementor-section-height-default\" data-id=\"95f7d21\" data-element_type=\"section\" data-e-type=\"section\">\n\t\t\t\t\t\t<div class=\"elementor-container elementor-column-gap-default\">\n\t\t\t\t\t<div class=\"elementor-column elementor-col-50 elementor-top-column elementor-element elementor-element-b006f38\" data-id=\"b006f38\" data-element_type=\"column\" data-e-type=\"column\">\n\t\t\t<div class=\"elementor-widget-wrap elementor-element-populated\">\n\t\t\t\t\t\t<div class=\"elementor-element elementor-element-bfa8aa6 elementor-widget elementor-widget-text-editor\" data-id=\"bfa8aa6\" data-element_type=\"widget\" data-e-type=\"widget\" data-widget_type=\"text-editor.default\">\n\t\t\t\t<div class=\"elementor-widget-container\">\n\t\t\t\t\t\t\t\t\t<p>In unserem Heranwachsen stiften Konflikte ein Gef\u00fchl f\u00fcr die eigenen Grenzen und \u00a0der pers\u00f6nlichen Identit\u00e4t und sie motivieren zur pers\u00f6nlichen Weiterentwicklung. Aber es sind auch diese Erfahrungen, die unser Konfliktverhalten nachhaltig pr\u00e4gen. Auch in einzelnen Organisationen und unserer Gesellschaft finden wir gelebte Konfliktkultur. Aber was ist denn ein Konflikt nun genau, und was \u00a0ist es, was uns an Konflikten so verunsichert?<\/p><p><strong>Zielgruppe:<br \/><\/strong>Alle die sich mit ihrem eigenen Konfliktverhalten auseinandersetzen m\u00f6chten.<\/p><p><strong>Ziele:<br \/><\/strong>Die Teilnehmenden erkunden ihr eigenes Konfliktverhalten und lernen die Auswirkungen im Gruppenkontext kennen. In der Reflexion des eigenen Verhaltens werden Nutzen und Begrenzungen erkannt und aktiv entwickelt.<\/p>\t\t\t\t\t\t\t\t<\/div>\n\t\t\t\t<\/div>\n\t\t\t\t<div class=\"elementor-element elementor-element-e5edaff elementor-widget elementor-widget-image\" data-id=\"e5edaff\" data-element_type=\"widget\" data-e-type=\"widget\" data-widget_type=\"image.default\">\n\t\t\t\t<div class=\"elementor-widget-container\">\n\t\t\t\t\t\t\t\t\t\t\t\t\t\t\t<img fetchpriority=\"high\" decoding=\"async\" width=\"1024\" height=\"509\" src=\"https:\/\/www.jc-training.de\/wp-content\/uploads\/elementor\/thumbs\/xstore-placeholder-r1cjxo17xt186qckskvic6vbg3fz6nh91em5aqkodk.png\" class=\"attachment-large size-large wp-image-3572 lazyload lazyload-simple et-lazyload-fadeIn\" alt=\"\" sizes=\"(max-width: 1024px) 100vw, 1024px\" data-src=\"https:\/\/www.jc-training.de\/wp-content\/uploads\/2023\/02\/AdobeStock_451273762-scaled-e1685614534796-1024x509.jpeg\" data-srcset=\"https:\/\/www.jc-training.de\/wp-content\/uploads\/2023\/02\/AdobeStock_451273762-scaled-e1685614534796-1024x509.jpeg 1024w, https:\/\/www.jc-training.de\/wp-content\/uploads\/2023\/02\/AdobeStock_451273762-scaled-e1685614534796-600x298.jpeg 600w, https:\/\/www.jc-training.de\/wp-content\/uploads\/2023\/02\/AdobeStock_451273762-scaled-e1685614534796-300x149.jpeg 300w, https:\/\/www.jc-training.de\/wp-content\/uploads\/2023\/02\/AdobeStock_451273762-scaled-e1685614534796-768x382.jpeg 768w, https:\/\/www.jc-training.de\/wp-content\/uploads\/2023\/02\/AdobeStock_451273762-scaled-e1685614534796-1536x764.jpeg 1536w, https:\/\/www.jc-training.de\/wp-content\/uploads\/2023\/02\/AdobeStock_451273762-scaled-e1685614534796-2048x1018.jpeg 2048w, https:\/\/www.jc-training.de\/wp-content\/uploads\/2023\/02\/AdobeStock_451273762-scaled-e1685614534796-1x1.jpeg 1w, https:\/\/www.jc-training.de\/wp-content\/uploads\/2023\/02\/AdobeStock_451273762-scaled-e1685614534796-10x5.jpeg 10w\" \/>\t\t\t\t\t\t\t\t\t\t\t\t\t\t\t<\/div>\n\t\t\t\t<\/div>\n\t\t\t\t\t<\/div>\n\t\t<\/div>\n\t\t\t\t<div class=\"elementor-column elementor-col-50 elementor-top-column elementor-element elementor-element-2dbf26c\" data-id=\"2dbf26c\" data-element_type=\"column\" data-e-type=\"column\">\n\t\t\t<div class=\"elementor-widget-wrap elementor-element-populated\">\n\t\t\t\t\t\t<div class=\"elementor-element elementor-element-74faf9a elementor-widget elementor-widget-image\" data-id=\"74faf9a\" data-element_type=\"widget\" data-e-type=\"widget\" data-widget_type=\"image.default\">\n\t\t\t\t<div class=\"elementor-widget-container\">\n\t\t\t\t\t\t\t\t\t\t\t\t\t\t\t<img decoding=\"async\" width=\"1024\" height=\"509\" src=\"https:\/\/www.jc-training.de\/wp-content\/uploads\/elementor\/thumbs\/xstore-placeholder-r1cjxo17xt186qckskvic6vbg3fz6nh91em5aqkodk.png\" class=\"attachment-large size-large wp-image-3565 lazyload lazyload-simple et-lazyload-fadeIn\" alt=\"\" sizes=\"(max-width: 1024px) 100vw, 1024px\" data-src=\"https:\/\/www.jc-training.de\/wp-content\/uploads\/2023\/02\/AdobeStock_314695870-klein-scaled-e1685614393591-1024x509.jpg\" data-srcset=\"https:\/\/www.jc-training.de\/wp-content\/uploads\/2023\/02\/AdobeStock_314695870-klein-scaled-e1685614393591-1024x509.jpg 1024w, https:\/\/www.jc-training.de\/wp-content\/uploads\/2023\/02\/AdobeStock_314695870-klein-scaled-e1685614393591-600x298.jpg 600w, https:\/\/www.jc-training.de\/wp-content\/uploads\/2023\/02\/AdobeStock_314695870-klein-scaled-e1685614393591-300x149.jpg 300w, https:\/\/www.jc-training.de\/wp-content\/uploads\/2023\/02\/AdobeStock_314695870-klein-scaled-e1685614393591-768x382.jpg 768w, https:\/\/www.jc-training.de\/wp-content\/uploads\/2023\/02\/AdobeStock_314695870-klein-scaled-e1685614393591-1536x764.jpg 1536w, https:\/\/www.jc-training.de\/wp-content\/uploads\/2023\/02\/AdobeStock_314695870-klein-scaled-e1685614393591-2048x1018.jpg 2048w, https:\/\/www.jc-training.de\/wp-content\/uploads\/2023\/02\/AdobeStock_314695870-klein-scaled-e1685614393591-1x1.jpg 1w, https:\/\/www.jc-training.de\/wp-content\/uploads\/2023\/02\/AdobeStock_314695870-klein-scaled-e1685614393591-10x5.jpg 10w\" \/>\t\t\t\t\t\t\t\t\t\t\t\t\t\t\t<\/div>\n\t\t\t\t<\/div>\n\t\t\t\t<div class=\"elementor-element elementor-element-9d70701 elementor-widget elementor-widget-text-editor\" data-id=\"9d70701\" data-element_type=\"widget\" data-e-type=\"widget\" data-widget_type=\"text-editor.default\">\n\t\t\t\t<div class=\"elementor-widget-container\">\n\t\t\t\t\t\t\t\t\t<p><strong>Inhalte:<\/strong><\/p>\t\t\t\t\t\t\t\t<\/div>\n\t\t\t\t<\/div>\n\t\t\t\t<section class=\"elementor-section elementor-inner-section elementor-element elementor-element-d8c54ec elementor-section-boxed elementor-section-height-default elementor-section-height-default\" data-id=\"d8c54ec\" data-element_type=\"section\" data-e-type=\"section\">\n\t\t\t\t\t\t<div class=\"elementor-container elementor-column-gap-default\">\n\t\t\t\t\t<div class=\"elementor-column elementor-col-100 elementor-inner-column elementor-element elementor-element-22a5813\" data-id=\"22a5813\" data-element_type=\"column\" data-e-type=\"column\">\n\t\t\t<div class=\"elementor-widget-wrap elementor-element-populated\">\n\t\t\t\t\t\t<div class=\"elementor-element elementor-element-34adb16 elementor-widget elementor-widget-text-editor\" data-id=\"34adb16\" data-element_type=\"widget\" data-e-type=\"widget\" data-widget_type=\"text-editor.default\">\n\t\t\t\t<div class=\"elementor-widget-container\">\n\t\t\t\t\t\t\t\t\t<ul><li>Welches typische Verhalten nutze ich in schwierigen Situationen?<\/li><li>Welche Voraussetzungen m\u00fcssen erf\u00fcllt sein, dass ich mich auf einen Konflikt einlassen kann?<\/li><li>Wie schaffe ich N\u00e4he und Vertrauen im Konflikt?<\/li><li>Was ist mein pers\u00f6nlicher Konfliktstil?<\/li><li>Wie kann ich Konflikte zur Weiterentwicklung und Intensivierung der <span style=\"line-height: 1.5;\">Zusammenarbeit nutzen?<\/span><\/li><\/ul>\t\t\t\t\t\t\t\t<\/div>\n\t\t\t\t<\/div>\n\t\t\t\t\t<\/div>\n\t\t<\/div>\n\t\t\t\t\t<\/div>\n\t\t<\/section>\n\t\t\t\t\t<\/div>\n\t\t<\/div>\n\t\t\t\t\t<\/div>\n\t\t<\/section>\n\t\t\t\t<\/div>","protected":false},"excerpt":{"rendered":"<p>Konfliktkompetenz Konfliktverhalten erleben In unserem Heranwachsen stiften Konflikte ein Gef\u00fchl f\u00fcr die eigenen Grenzen und &nbsp;der pers\u00f6nlichen Identit\u00e4t und sie motivieren zur pers\u00f6nlichen Weiterentwicklung. Aber<\/p>","protected":false},"author":2174,"featured_media":0,"parent":83,"menu_order":0,"comment_status":"closed","ping_status":"closed","template":"","meta":{"_price":"","_stock":"","_tribe_ticket_header":"","_tribe_default_ticket_provider":"","_tribe_ticket_capacity":"0","_ticket_start_date":"","_ticket_end_date":"","_tribe_ticket_show_description":"","_tribe_ticket_show_not_going":false,"_tribe_ticket_use_global_stock":"","_tribe_ticket_global_stock_level":"","_global_stock_mode":"","_global_stock_cap":"","_tribe_rsvp_for_event":"","_tribe_ticket_going_count":"","_tribe_ticket_not_going_count":"","_tribe_tickets_list":"[]","_tribe_ticket_has_attendee_info_fields":false,"_EventAllDay":false,"_EventTimezone":"","_EventStartDate":"","_EventEndDate":"","_EventStartDateUTC":"","_EventEndDateUTC":"","_EventShowMap":false,"_EventShowMapLink":false,"_EventURL":"","_EventCost":"","_EventCostDescription":"","_EventCurrencySymbol":"","_EventCurrencyCode":"","_EventCurrencyPosition":"","_EventDateTimeSeparator":"","_EventTimeRangeSeparator":"","_EventOrganizerID":[],"_EventVenueID":[],"_OrganizerEmail":"","_OrganizerPhone":"","_OrganizerWebsite":"","_VenueAddress":"","_VenueCity":"","_VenueCountry":"","_VenueProvince":"","_VenueState":"","_VenueZip":"","_VenuePhone":"","_VenueURL":"","_VenueStateProvince":"","_VenueLat":"","_VenueLng":"","_VenueShowMap":false,"_VenueShowMapLink":false,"productId":0,"courseId":0,"footnotes":"","_tec_slr_enabled":"","_tec_slr_layout":""},"class_list":["post-2155","page","type-page","status-publish","hentry"],"ticketed":false,"_links":{"self":[{"href":"https:\/\/www.jc-training.de\/en\/wp-json\/wp\/v2\/pages\/2155","targetHints":{"allow":["GET"]}}],"collection":[{"href":"https:\/\/www.jc-training.de\/en\/wp-json\/wp\/v2\/pages"}],"about":[{"href":"https:\/\/www.jc-training.de\/en\/wp-json\/wp\/v2\/types\/page"}],"author":[{"embeddable":true,"href":"https:\/\/www.jc-training.de\/en\/wp-json\/wp\/v2\/users\/2174"}],"replies":[{"embeddable":true,"href":"https:\/\/www.jc-training.de\/en\/wp-json\/wp\/v2\/comments?post=2155"}],"version-history":[{"count":16,"href":"https:\/\/www.jc-training.de\/en\/wp-json\/wp\/v2\/pages\/2155\/revisions"}],"predecessor-version":[{"id":3894,"href":"https:\/\/www.jc-training.de\/en\/wp-json\/wp\/v2\/pages\/2155\/revisions\/3894"}],"up":[{"embeddable":true,"href":"https:\/\/www.jc-training.de\/en\/wp-json\/wp\/v2\/pages\/83"}],"wp:attachment":[{"href":"https:\/\/www.jc-training.de\/en\/wp-json\/wp\/v2\/media?parent=2155"}],"curies":[{"name":"wp","href":"https:\/\/api.w.org\/{rel}","templated":true}]}}