{"id":2157,"date":"2021-11-28T05:29:12","date_gmt":"2021-11-28T05:29:12","guid":{"rendered":"https:\/\/www.jc-learning.de\/?page_id=2157"},"modified":"2023-09-01T12:44:24","modified_gmt":"2023-09-01T12:44:24","slug":"teammanagement","status":"publish","type":"page","link":"https:\/\/www.jc-training.de\/en\/home-2\/teammanagement\/","title":{"rendered":"Moderation"},"content":{"rendered":"<div data-elementor-type=\"wp-page\" data-elementor-id=\"2157\" class=\"elementor elementor-2157\" data-elementor-post-type=\"page\">\n\t\t\t\t\t\t<section class=\"elementor-section elementor-top-section elementor-element elementor-element-134f4a8 elementor-section-boxed elementor-section-height-default elementor-section-height-default\" data-id=\"134f4a8\" data-element_type=\"section\" data-e-type=\"section\">\n\t\t\t\t\t\t<div class=\"elementor-container elementor-column-gap-default\">\n\t\t\t\t\t<div class=\"elementor-column elementor-col-100 elementor-top-column elementor-element elementor-element-232307b\" data-id=\"232307b\" data-element_type=\"column\" data-e-type=\"column\">\n\t\t\t<div class=\"elementor-widget-wrap elementor-element-populated\">\n\t\t\t\t\t\t<div class=\"elementor-element elementor-element-d4cabaf elementor-widget elementor-widget-heading\" data-id=\"d4cabaf\" data-element_type=\"widget\" data-e-type=\"widget\" data-widget_type=\"heading.default\">\n\t\t\t\t<div class=\"elementor-widget-container\">\n\t\t\t\t\t<h1 class=\"elementor-heading-title elementor-size-default\">Moderation<\/h1>\t\t\t\t<\/div>\n\t\t\t\t<\/div>\n\t\t\t\t<div class=\"elementor-element elementor-element-88fc7e5 elementor-widget elementor-widget-heading\" data-id=\"88fc7e5\" data-element_type=\"widget\" data-e-type=\"widget\" data-widget_type=\"heading.default\">\n\t\t\t\t<div class=\"elementor-widget-container\">\n\t\t\t\t\t<h2 class=\"elementor-heading-title elementor-size-default\">Besprechungen wirksam gestalten<\/h2>\t\t\t\t<\/div>\n\t\t\t\t<\/div>\n\t\t\t\t\t<\/div>\n\t\t<\/div>\n\t\t\t\t\t<\/div>\n\t\t<\/section>\n\t\t\t\t<section class=\"elementor-section elementor-top-section elementor-element elementor-element-41b0ba4 elementor-section-boxed elementor-section-height-default elementor-section-height-default\" data-id=\"41b0ba4\" data-element_type=\"section\" data-e-type=\"section\">\n\t\t\t\t\t\t<div class=\"elementor-container elementor-column-gap-default\">\n\t\t\t\t\t<div class=\"elementor-column elementor-col-50 elementor-top-column elementor-element elementor-element-b0099c1\" data-id=\"b0099c1\" data-element_type=\"column\" data-e-type=\"column\">\n\t\t\t<div class=\"elementor-widget-wrap elementor-element-populated\">\n\t\t\t\t\t\t<div class=\"elementor-element elementor-element-227942d elementor-widget elementor-widget-text-editor\" data-id=\"227942d\" data-element_type=\"widget\" data-e-type=\"widget\" data-widget_type=\"text-editor.default\">\n\t\t\t\t<div class=\"elementor-widget-container\">\n\t\t\t\t\t\t\t\t\t<p>Besprechungen und Schulungen sind ein wesentlicher Bestandteil unserer Arbeitswelt. Die Ressourcen, die damit verbunden sind, werden jedoch nicht immer zufriedenstellend genutzt. Die Teilnehmer erfahren ihren Einfluss auf tragf\u00e4hige Ergebnisse und eine effiziente Besprechungskultur im Unternehmen, der Abteilung, im Team usw.<\/p>\t\t\t\t\t\t\t\t<\/div>\n\t\t\t\t<\/div>\n\t\t\t\t<div class=\"elementor-element elementor-element-5581e30 elementor-widget elementor-widget-text-editor\" data-id=\"5581e30\" data-element_type=\"widget\" data-e-type=\"widget\" data-widget_type=\"text-editor.default\">\n\t\t\t\t<div class=\"elementor-widget-container\">\n\t\t\t\t\t\t\t\t\t<p><strong>Zielgruppe:<br \/><\/strong>F\u00fchrungskr\u00e4fte, Nachwuchsf\u00fchrungskr\u00e4fte, Projektmitarbeiter, Spezialisten, Meinungsbildner, Betriebs- und Personalr\u00e4te, die Teamarbeit\u00a0f\u00f6rdern wollen.\u00a0<\/p>\t\t\t\t\t\t\t\t<\/div>\n\t\t\t\t<\/div>\n\t\t\t\t<section class=\"elementor-section elementor-inner-section elementor-element elementor-element-b0d3c58 elementor-section-boxed elementor-section-height-default elementor-section-height-default\" data-id=\"b0d3c58\" data-element_type=\"section\" data-e-type=\"section\">\n\t\t\t\t\t\t<div class=\"elementor-container elementor-column-gap-default\">\n\t\t\t\t\t<div class=\"elementor-column elementor-col-100 elementor-inner-column elementor-element elementor-element-81cdd51\" data-id=\"81cdd51\" data-element_type=\"column\" data-e-type=\"column\">\n\t\t\t<div class=\"elementor-widget-wrap elementor-element-populated\">\n\t\t\t\t\t\t<div class=\"elementor-element elementor-element-c1dd1b4 elementor-widget elementor-widget-spacer\" data-id=\"c1dd1b4\" data-element_type=\"widget\" data-e-type=\"widget\" data-widget_type=\"spacer.default\">\n\t\t\t\t<div class=\"elementor-widget-container\">\n\t\t\t\t\t\t\t<div class=\"elementor-spacer\">\n\t\t\t<div class=\"elementor-spacer-inner\"><\/div>\n\t\t<\/div>\n\t\t\t\t\t\t<\/div>\n\t\t\t\t<\/div>\n\t\t\t\t<div class=\"elementor-element elementor-element-9dc7d25 elementor-widget elementor-widget-image\" data-id=\"9dc7d25\" data-element_type=\"widget\" data-e-type=\"widget\" data-widget_type=\"image.default\">\n\t\t\t\t<div class=\"elementor-widget-container\">\n\t\t\t\t\t\t\t\t\t\t\t\t\t\t\t<img fetchpriority=\"high\" decoding=\"async\" width=\"1024\" height=\"683\" src=\"https:\/\/www.jc-training.de\/wp-content\/uploads\/xstore\/xstore-placeholder-1024x1024.png\" class=\"attachment-large size-large wp-image-3896 lazyload lazyload-simple et-lazyload-fadeIn\" alt=\"\" sizes=\"(max-width: 1024px) 100vw, 1024px\" data-src=\"https:\/\/www.jc-training.de\/wp-content\/uploads\/2023\/03\/AdobeStock_328828242-1024x683.jpeg\" data-srcset=\"https:\/\/www.jc-training.de\/wp-content\/uploads\/2023\/03\/AdobeStock_328828242-1024x683.jpeg 1024w, https:\/\/www.jc-training.de\/wp-content\/uploads\/2023\/03\/AdobeStock_328828242-scaled-600x400.jpeg 600w, https:\/\/www.jc-training.de\/wp-content\/uploads\/2023\/03\/AdobeStock_328828242-300x200.jpeg 300w, https:\/\/www.jc-training.de\/wp-content\/uploads\/2023\/03\/AdobeStock_328828242-768x512.jpeg 768w, https:\/\/www.jc-training.de\/wp-content\/uploads\/2023\/03\/AdobeStock_328828242-1536x1024.jpeg 1536w, https:\/\/www.jc-training.de\/wp-content\/uploads\/2023\/03\/AdobeStock_328828242-2048x1365.jpeg 2048w, https:\/\/www.jc-training.de\/wp-content\/uploads\/2023\/03\/AdobeStock_328828242-1320x880.jpeg 1320w, https:\/\/www.jc-training.de\/wp-content\/uploads\/2023\/03\/AdobeStock_328828242-1x1.jpeg 1w, https:\/\/www.jc-training.de\/wp-content\/uploads\/2023\/03\/AdobeStock_328828242-10x7.jpeg 10w\" \/>\t\t\t\t\t\t\t\t\t\t\t\t\t\t\t<\/div>\n\t\t\t\t<\/div>\n\t\t\t\t\t<\/div>\n\t\t<\/div>\n\t\t\t\t\t<\/div>\n\t\t<\/section>\n\t\t\t\t\t<\/div>\n\t\t<\/div>\n\t\t\t\t<div class=\"elementor-column elementor-col-50 elementor-top-column elementor-element elementor-element-a8ebf2c\" data-id=\"a8ebf2c\" data-element_type=\"column\" data-e-type=\"column\">\n\t\t\t<div class=\"elementor-widget-wrap elementor-element-populated\">\n\t\t\t\t\t\t<div class=\"elementor-element elementor-element-da0bc43 elementor-widget elementor-widget-image\" data-id=\"da0bc43\" data-element_type=\"widget\" data-e-type=\"widget\" data-widget_type=\"image.default\">\n\t\t\t\t<div class=\"elementor-widget-container\">\n\t\t\t\t\t\t\t\t\t\t\t\t\t\t\t<img decoding=\"async\" width=\"2048\" height=\"1365\" src=\"https:\/\/www.jc-training.de\/wp-content\/uploads\/elementor\/thumbs\/xstore-placeholder-r1cjxo17bfuxp7mrcqcyt7qgiii6tgjqk9oelfk4o8.png\" class=\"attachment-2048x2048 size-2048x2048 wp-image-3895 lazyload lazyload-simple et-lazyload-fadeIn\" alt=\"\" sizes=\"(max-width: 2048px) 100vw, 2048px\" data-src=\"https:\/\/www.jc-training.de\/wp-content\/uploads\/2023\/03\/AdobeStock_387722478-2048x1365.jpeg\" data-srcset=\"https:\/\/www.jc-training.de\/wp-content\/uploads\/2023\/03\/AdobeStock_387722478-2048x1365.jpeg 2048w, https:\/\/www.jc-training.de\/wp-content\/uploads\/2023\/03\/AdobeStock_387722478-scaled-600x400.jpeg 600w, https:\/\/www.jc-training.de\/wp-content\/uploads\/2023\/03\/AdobeStock_387722478-300x200.jpeg 300w, https:\/\/www.jc-training.de\/wp-content\/uploads\/2023\/03\/AdobeStock_387722478-1024x683.jpeg 1024w, https:\/\/www.jc-training.de\/wp-content\/uploads\/2023\/03\/AdobeStock_387722478-768x512.jpeg 768w, https:\/\/www.jc-training.de\/wp-content\/uploads\/2023\/03\/AdobeStock_387722478-1536x1024.jpeg 1536w, https:\/\/www.jc-training.de\/wp-content\/uploads\/2023\/03\/AdobeStock_387722478-1320x880.jpeg 1320w, https:\/\/www.jc-training.de\/wp-content\/uploads\/2023\/03\/AdobeStock_387722478-1x1.jpeg 1w, https:\/\/www.jc-training.de\/wp-content\/uploads\/2023\/03\/AdobeStock_387722478-10x7.jpeg 10w\" \/>\t\t\t\t\t\t\t\t\t\t\t\t\t\t\t<\/div>\n\t\t\t\t<\/div>\n\t\t\t\t<div class=\"elementor-element elementor-element-b71b1a6 elementor-widget elementor-widget-text-editor\" data-id=\"b71b1a6\" data-element_type=\"widget\" data-e-type=\"widget\" data-widget_type=\"text-editor.default\">\n\t\t\t\t<div class=\"elementor-widget-container\">\n\t\t\t\t\t\t\t\t\t<p><strong>Seminarinhalte:<\/strong><\/p><ul><li>Welche Faktoren machen meine Teamsitzung erfolgreich?<\/li><li>Wie moderiere ich und wie f\u00fchre ich in Besprechungen?<\/li><li>Welche Pr\u00e4sentationsformen kenne ich, wie unterst\u00fctzen Sie mich in meiner Wirkung?<\/li><li>Wie kann ich die Motivation in der Gruppe beeinflussen und meinem Thema einen Wert verleihen?<\/li><li>Wie behalte ich in einer Besprechung den \u201eroten Faden\u201c?<\/li><\/ul>\t\t\t\t\t\t\t\t<\/div>\n\t\t\t\t<\/div>\n\t\t\t\t\t<\/div>\n\t\t<\/div>\n\t\t\t\t\t<\/div>\n\t\t<\/section>\n\t\t\t\t<\/div>","protected":false},"excerpt":{"rendered":"<p>Moderation Besprechungen wirksam gestalten Besprechungen und Schulungen sind ein wesentlicher Bestandteil unserer Arbeitswelt. Die Ressourcen, die damit verbunden sind, werden jedoch nicht immer zufriedenstellend genutzt.<\/p>","protected":false},"author":2174,"featured_media":0,"parent":1851,"menu_order":0,"comment_status":"closed","ping_status":"closed","template":"","meta":{"_price":"","_stock":"","_tribe_ticket_header":"","_tribe_default_ticket_provider":"","_tribe_ticket_capacity":"0","_ticket_start_date":"","_ticket_end_date":"","_tribe_ticket_show_description":"","_tribe_ticket_show_not_going":false,"_tribe_ticket_use_global_stock":"","_tribe_ticket_global_stock_level":"","_global_stock_mode":"","_global_stock_cap":"","_tribe_rsvp_for_event":"","_tribe_ticket_going_count":"","_tribe_ticket_not_going_count":"","_tribe_tickets_list":"[]","_tribe_ticket_has_attendee_info_fields":false,"_EventAllDay":false,"_EventTimezone":"","_EventStartDate":"","_EventEndDate":"","_EventStartDateUTC":"","_EventEndDateUTC":"","_EventShowMap":false,"_EventShowMapLink":false,"_EventURL":"","_EventCost":"","_EventCostDescription":"","_EventCurrencySymbol":"","_EventCurrencyCode":"","_EventCurrencyPosition":"","_EventDateTimeSeparator":"","_EventTimeRangeSeparator":"","_EventOrganizerID":[],"_EventVenueID":[],"_OrganizerEmail":"","_OrganizerPhone":"","_OrganizerWebsite":"","_VenueAddress":"","_VenueCity":"","_VenueCountry":"","_VenueProvince":"","_VenueState":"","_VenueZip":"","_VenuePhone":"","_VenueURL":"","_VenueStateProvince":"","_VenueLat":"","_VenueLng":"","_VenueShowMap":false,"_VenueShowMapLink":false,"productId":0,"courseId":0,"footnotes":"","_tec_slr_enabled":"","_tec_slr_layout":""},"class_list":["post-2157","page","type-page","status-publish","hentry"],"ticketed":false,"_links":{"self":[{"href":"https:\/\/www.jc-training.de\/en\/wp-json\/wp\/v2\/pages\/2157","targetHints":{"allow":["GET"]}}],"collection":[{"href":"https:\/\/www.jc-training.de\/en\/wp-json\/wp\/v2\/pages"}],"about":[{"href":"https:\/\/www.jc-training.de\/en\/wp-json\/wp\/v2\/types\/page"}],"author":[{"embeddable":true,"href":"https:\/\/www.jc-training.de\/en\/wp-json\/wp\/v2\/users\/2174"}],"replies":[{"embeddable":true,"href":"https:\/\/www.jc-training.de\/en\/wp-json\/wp\/v2\/comments?post=2157"}],"version-history":[{"count":24,"href":"https:\/\/www.jc-training.de\/en\/wp-json\/wp\/v2\/pages\/2157\/revisions"}],"predecessor-version":[{"id":5134,"href":"https:\/\/www.jc-training.de\/en\/wp-json\/wp\/v2\/pages\/2157\/revisions\/5134"}],"up":[{"embeddable":true,"href":"https:\/\/www.jc-training.de\/en\/wp-json\/wp\/v2\/pages\/1851"}],"wp:attachment":[{"href":"https:\/\/www.jc-training.de\/en\/wp-json\/wp\/v2\/media?parent=2157"}],"curies":[{"name":"wp","href":"https:\/\/api.w.org\/{rel}","templated":true}]}}