{"id":2161,"date":"2021-11-28T05:30:33","date_gmt":"2021-11-28T05:30:33","guid":{"rendered":"https:\/\/www.jc-learning.de\/?page_id=2161"},"modified":"2023-09-01T12:47:30","modified_gmt":"2023-09-01T12:47:30","slug":"coaching","status":"publish","type":"page","link":"https:\/\/www.jc-training.de\/en\/einzelpersonen__trashed\/coaching\/","title":{"rendered":"Coaching"},"content":{"rendered":"<div data-elementor-type=\"wp-page\" data-elementor-id=\"2161\" class=\"elementor elementor-2161\" data-elementor-post-type=\"page\">\n\t\t\t\t\t\t<section class=\"elementor-section elementor-top-section elementor-element elementor-element-ad57a24 elementor-section-boxed elementor-section-height-default elementor-section-height-default\" data-id=\"ad57a24\" data-element_type=\"section\" data-e-type=\"section\">\n\t\t\t\t\t\t<div class=\"elementor-container elementor-column-gap-default\">\n\t\t\t\t\t<div class=\"elementor-column elementor-col-100 elementor-top-column elementor-element elementor-element-5e9a8be\" data-id=\"5e9a8be\" data-element_type=\"column\" data-e-type=\"column\">\n\t\t\t<div class=\"elementor-widget-wrap elementor-element-populated\">\n\t\t\t\t\t\t<div class=\"elementor-element elementor-element-ce462c7 elementor-widget elementor-widget-heading\" data-id=\"ce462c7\" data-element_type=\"widget\" data-e-type=\"widget\" data-widget_type=\"heading.default\">\n\t\t\t\t<div class=\"elementor-widget-container\">\n\t\t\t\t\t<h1 class=\"elementor-heading-title elementor-size-default\">Coaching<\/h1>\t\t\t\t<\/div>\n\t\t\t\t<\/div>\n\t\t\t\t\t<\/div>\n\t\t<\/div>\n\t\t\t\t\t<\/div>\n\t\t<\/section>\n\t\t\t\t<section class=\"elementor-section elementor-top-section elementor-element elementor-element-647e844 elementor-section-boxed elementor-section-height-default elementor-section-height-default\" data-id=\"647e844\" data-element_type=\"section\" data-e-type=\"section\">\n\t\t\t\t\t\t<div class=\"elementor-container elementor-column-gap-default\">\n\t\t\t\t\t<div class=\"elementor-column elementor-col-50 elementor-top-column elementor-element elementor-element-e374b75\" data-id=\"e374b75\" data-element_type=\"column\" data-e-type=\"column\">\n\t\t\t<div class=\"elementor-widget-wrap elementor-element-populated\">\n\t\t\t\t\t\t<div class=\"elementor-element elementor-element-114ac07 elementor-widget elementor-widget-text-editor\" data-id=\"114ac07\" data-element_type=\"widget\" data-e-type=\"widget\" data-widget_type=\"text-editor.default\">\n\t\t\t\t<div class=\"elementor-widget-container\">\n\t\t\t\t\t\t\t\t\t<p><strong>Warum Coaching ?<br><\/strong>Vielfach sind F\u00fchrungskr\u00e4fte und Mitarbeiter mit ihrer Verantwortung und ihren Problemen trotz Trainingsma\u00dfnahmen auf sich alleine gestellt. Sie haben im Rahmen ihrer eigenen F\u00e4higkeiten und M\u00f6glichkeiten nur eine begrenzte Perspektive, Dinge wahrzunehmen und geraten dabei zunehmend in Konflikt mit unterschiedlichsten Anforderungen und Erwartungen an sie. Ein L\u00f6sungsprozess f\u00fcr diese Konfliktfelder ist oft nur mit Unterst\u00fctzung von au\u00dfen einzuleiten.<\/p>\n<p>Das Ziel eines Coachings ist es, seinen Klienten, den Coachee, bei einer vom Klienten gew\u00fcnschten pers\u00f6nlichen Weiterentwicklung oder einer Problemstellung zu begleiten und zu unterst\u00fctzen. Der Coach hilft dem Klienten dabei gezielt und methodisch, sowohl Ziele zu definieren, als auch Wege zur Umsetzung dieser Ziele zu entwickeln. Dabei greift Coaching auf vielf\u00e4ltige Methoden zur\u00fcck um einerseits Klarheit \u00fcber die aktuelle Situation des Klienten zu erreichen andererseits aus dieser Situation heraus Konzepte und Ans\u00e4tze f\u00fcr eine Weiterentwicklung zu schaffen.<\/p>\t\t\t\t\t\t\t\t<\/div>\n\t\t\t\t<\/div>\n\t\t\t\t<div class=\"elementor-element elementor-element-beaad7d elementor-widget elementor-widget-spacer\" data-id=\"beaad7d\" data-element_type=\"widget\" data-e-type=\"widget\" data-widget_type=\"spacer.default\">\n\t\t\t\t<div class=\"elementor-widget-container\">\n\t\t\t\t\t\t\t<div class=\"elementor-spacer\">\n\t\t\t<div class=\"elementor-spacer-inner\"><\/div>\n\t\t<\/div>\n\t\t\t\t\t\t<\/div>\n\t\t\t\t<\/div>\n\t\t\t\t<div class=\"elementor-element elementor-element-b562637 elementor-widget elementor-widget-image\" data-id=\"b562637\" data-element_type=\"widget\" data-e-type=\"widget\" data-widget_type=\"image.default\">\n\t\t\t\t<div class=\"elementor-widget-container\">\n\t\t\t\t\t\t\t\t\t\t\t\t\t\t\t<img fetchpriority=\"high\" decoding=\"async\" width=\"1024\" height=\"683\" src=\"https:\/\/www.jc-training.de\/wp-content\/uploads\/xstore\/xstore-placeholder-1024x1024.png\" class=\"attachment-large size-large wp-image-4835 lazyload lazyload-simple et-lazyload-fadeIn\" alt=\"\" sizes=\"(max-width: 1024px) 100vw, 1024px\" data-src=\"https:\/\/www.jc-training.de\/wp-content\/uploads\/2023\/06\/AdobeStock_560971000-1024x683.jpeg\" data-srcset=\"https:\/\/www.jc-training.de\/wp-content\/uploads\/2023\/06\/AdobeStock_560971000-1024x683.jpeg 1024w, https:\/\/www.jc-training.de\/wp-content\/uploads\/2023\/06\/AdobeStock_560971000-scaled-600x400.jpeg 600w, https:\/\/www.jc-training.de\/wp-content\/uploads\/2023\/06\/AdobeStock_560971000-300x200.jpeg 300w, https:\/\/www.jc-training.de\/wp-content\/uploads\/2023\/06\/AdobeStock_560971000-768x512.jpeg 768w, https:\/\/www.jc-training.de\/wp-content\/uploads\/2023\/06\/AdobeStock_560971000-1536x1024.jpeg 1536w, https:\/\/www.jc-training.de\/wp-content\/uploads\/2023\/06\/AdobeStock_560971000-2048x1365.jpeg 2048w, https:\/\/www.jc-training.de\/wp-content\/uploads\/2023\/06\/AdobeStock_560971000-1x1.jpeg 1w, https:\/\/www.jc-training.de\/wp-content\/uploads\/2023\/06\/AdobeStock_560971000-10x7.jpeg 10w\" \/>\t\t\t\t\t\t\t\t\t\t\t\t\t\t\t<\/div>\n\t\t\t\t<\/div>\n\t\t\t\t\t<\/div>\n\t\t<\/div>\n\t\t\t\t<div class=\"elementor-column elementor-col-50 elementor-top-column elementor-element elementor-element-a19953a\" data-id=\"a19953a\" data-element_type=\"column\" data-e-type=\"column\">\n\t\t\t<div class=\"elementor-widget-wrap elementor-element-populated\">\n\t\t\t\t\t\t<div class=\"elementor-element elementor-element-8145305 elementor-widget__width-initial elementor-widget elementor-widget-image\" data-id=\"8145305\" data-element_type=\"widget\" data-e-type=\"widget\" data-widget_type=\"image.default\">\n\t\t\t\t<div class=\"elementor-widget-container\">\n\t\t\t\t\t\t\t\t\t\t\t\t\t\t\t<img decoding=\"async\" width=\"1024\" height=\"683\" src=\"https:\/\/www.jc-training.de\/wp-content\/uploads\/xstore\/xstore-placeholder-1024x1024.png\" class=\"attachment-large size-large wp-image-4833 lazyload lazyload-simple et-lazyload-fadeIn\" alt=\"\" sizes=\"(max-width: 1024px) 100vw, 1024px\" data-src=\"https:\/\/www.jc-training.de\/wp-content\/uploads\/2023\/06\/AdobeStock_359521658k-1024x683.jpg\" data-srcset=\"https:\/\/www.jc-training.de\/wp-content\/uploads\/2023\/06\/AdobeStock_359521658k-1024x683.jpg 1024w, https:\/\/www.jc-training.de\/wp-content\/uploads\/2023\/06\/AdobeStock_359521658k-600x400.jpg 600w, https:\/\/www.jc-training.de\/wp-content\/uploads\/2023\/06\/AdobeStock_359521658k-300x200.jpg 300w, https:\/\/www.jc-training.de\/wp-content\/uploads\/2023\/06\/AdobeStock_359521658k-768x512.jpg 768w, https:\/\/www.jc-training.de\/wp-content\/uploads\/2023\/06\/AdobeStock_359521658k-1536x1024.jpg 1536w, https:\/\/www.jc-training.de\/wp-content\/uploads\/2023\/06\/AdobeStock_359521658k-2048x1366.jpg 2048w, https:\/\/www.jc-training.de\/wp-content\/uploads\/2023\/06\/AdobeStock_359521658k-1x1.jpg 1w, https:\/\/www.jc-training.de\/wp-content\/uploads\/2023\/06\/AdobeStock_359521658k-10x7.jpg 10w\" \/>\t\t\t\t\t\t\t\t\t\t\t\t\t\t\t<\/div>\n\t\t\t\t<\/div>\n\t\t\t\t<div class=\"elementor-element elementor-element-fc11acd elementor-widget elementor-widget-spacer\" data-id=\"fc11acd\" data-element_type=\"widget\" data-e-type=\"widget\" data-widget_type=\"spacer.default\">\n\t\t\t\t<div class=\"elementor-widget-container\">\n\t\t\t\t\t\t\t<div class=\"elementor-spacer\">\n\t\t\t<div class=\"elementor-spacer-inner\"><\/div>\n\t\t<\/div>\n\t\t\t\t\t\t<\/div>\n\t\t\t\t<\/div>\n\t\t\t\t<div class=\"elementor-element elementor-element-7540f8e elementor-widget elementor-widget-text-editor\" data-id=\"7540f8e\" data-element_type=\"widget\" data-e-type=\"widget\" data-widget_type=\"text-editor.default\">\n\t\t\t\t<div class=\"elementor-widget-container\">\n\t\t\t\t\t\t\t\t\t<p><strong>Executive-Coaching:<br \/><\/strong>Die Entwicklung Ihrer Pers\u00f6nlichkeit ist ein wichtiger Faktor, um schwierige Situationen zu meistern. Das Executive-Coaching unterst\u00fctzt Sie darin, bisherige Denk- und Verhaltensmuster zu erkennen und aufzul\u00f6sen. Es schafft die Basis, um schwierigen Lebenssituationen neu zu begegnen und hilft Ihnen, in Zukunft das zu tun, was Ihnen Energie und Kraft gibt. Ihr Coach steht Ihnen dabei unterst\u00fctzend und beratend zur Seite. <br \/>Solch ein Coaching ist nicht gleichzusetzen mit einem F\u00fchrungskr\u00e4fte Seminar, denn hier werden keine L\u00f6sungen oder konkrete Handlungsempfehlungen mit auf den Weg gegeben. Das w\u00fcrde nicht dem Anspruch eines Executive-Coachings gerecht werden. Vielmehr vermittelt der Coach Kompetenzen, die den Coachee selbst zur L\u00f6sung bringen. Aus diesem Grund sind solche Coachings auch immer individuell und ma\u00dfgeschneidert auf den jeweiligen Coachee. Im Vordergrund steht allerdings immer die Pers\u00f6nlichkeit, an der sukzessive gearbeitet wird.<br \/><br \/><\/p>\t\t\t\t\t\t\t\t<\/div>\n\t\t\t\t<\/div>\n\t\t\t\t\t<\/div>\n\t\t<\/div>\n\t\t\t\t\t<\/div>\n\t\t<\/section>\n\t\t\t\t<\/div>","protected":false},"excerpt":{"rendered":"<p>Coaching Warum Coaching ? Vielfach sind F\u00fchrungskr\u00e4fte und Mitarbeiter mit ihrer Verantwortung und ihren Problemen trotz Trainingsma\u00dfnahmen auf sich alleine gestellt. Sie haben im Rahmen<\/p>","protected":false},"author":2174,"featured_media":0,"parent":83,"menu_order":0,"comment_status":"closed","ping_status":"closed","template":"","meta":{"_price":"","_stock":"","_tribe_ticket_header":"","_tribe_default_ticket_provider":"","_tribe_ticket_capacity":"0","_ticket_start_date":"","_ticket_end_date":"","_tribe_ticket_show_description":"","_tribe_ticket_show_not_going":false,"_tribe_ticket_use_global_stock":"","_tribe_ticket_global_stock_level":"","_global_stock_mode":"","_global_stock_cap":"","_tribe_rsvp_for_event":"","_tribe_ticket_going_count":"","_tribe_ticket_not_going_count":"","_tribe_tickets_list":"[]","_tribe_ticket_has_attendee_info_fields":false,"_EventAllDay":false,"_EventTimezone":"","_EventStartDate":"","_EventEndDate":"","_EventStartDateUTC":"","_EventEndDateUTC":"","_EventShowMap":false,"_EventShowMapLink":false,"_EventURL":"","_EventCost":"","_EventCostDescription":"","_EventCurrencySymbol":"","_EventCurrencyCode":"","_EventCurrencyPosition":"","_EventDateTimeSeparator":"","_EventTimeRangeSeparator":"","_EventOrganizerID":[],"_EventVenueID":[],"_OrganizerEmail":"","_OrganizerPhone":"","_OrganizerWebsite":"","_VenueAddress":"","_VenueCity":"","_VenueCountry":"","_VenueProvince":"","_VenueState":"","_VenueZip":"","_VenuePhone":"","_VenueURL":"","_VenueStateProvince":"","_VenueLat":"","_VenueLng":"","_VenueShowMap":false,"_VenueShowMapLink":false,"productId":0,"courseId":0,"footnotes":"","_tec_slr_enabled":"","_tec_slr_layout":""},"class_list":["post-2161","page","type-page","status-publish","hentry"],"ticketed":false,"_links":{"self":[{"href":"https:\/\/www.jc-training.de\/en\/wp-json\/wp\/v2\/pages\/2161","targetHints":{"allow":["GET"]}}],"collection":[{"href":"https:\/\/www.jc-training.de\/en\/wp-json\/wp\/v2\/pages"}],"about":[{"href":"https:\/\/www.jc-training.de\/en\/wp-json\/wp\/v2\/types\/page"}],"author":[{"embeddable":true,"href":"https:\/\/www.jc-training.de\/en\/wp-json\/wp\/v2\/users\/2174"}],"replies":[{"embeddable":true,"href":"https:\/\/www.jc-training.de\/en\/wp-json\/wp\/v2\/comments?post=2161"}],"version-history":[{"count":16,"href":"https:\/\/www.jc-training.de\/en\/wp-json\/wp\/v2\/pages\/2161\/revisions"}],"predecessor-version":[{"id":5135,"href":"https:\/\/www.jc-training.de\/en\/wp-json\/wp\/v2\/pages\/2161\/revisions\/5135"}],"up":[{"embeddable":true,"href":"https:\/\/www.jc-training.de\/en\/wp-json\/wp\/v2\/pages\/83"}],"wp:attachment":[{"href":"https:\/\/www.jc-training.de\/en\/wp-json\/wp\/v2\/media?parent=2161"}],"curies":[{"name":"wp","href":"https:\/\/api.w.org\/{rel}","templated":true}]}}