{"id":2165,"date":"2021-11-28T05:31:40","date_gmt":"2021-11-28T05:31:40","guid":{"rendered":"https:\/\/www.jc-learning.de\/?page_id=2165"},"modified":"2023-09-01T12:48:03","modified_gmt":"2023-09-01T12:48:03","slug":"kundenorientierung","status":"publish","type":"page","link":"https:\/\/www.jc-training.de\/en\/einzelpersonen__trashed\/kundenorientierung\/","title":{"rendered":"Kundenorientierung"},"content":{"rendered":"<div data-elementor-type=\"wp-page\" data-elementor-id=\"2165\" class=\"elementor elementor-2165\" data-elementor-post-type=\"page\">\n\t\t\t\t\t\t<section class=\"elementor-section elementor-top-section elementor-element elementor-element-7b264b6 elementor-section-boxed elementor-section-height-default elementor-section-height-default\" data-id=\"7b264b6\" data-element_type=\"section\" data-e-type=\"section\">\n\t\t\t\t\t\t<div class=\"elementor-container elementor-column-gap-default\">\n\t\t\t\t\t<div class=\"elementor-column elementor-col-100 elementor-top-column elementor-element elementor-element-7b72511\" data-id=\"7b72511\" data-element_type=\"column\" data-e-type=\"column\">\n\t\t\t<div class=\"elementor-widget-wrap elementor-element-populated\">\n\t\t\t\t\t\t<div class=\"elementor-element elementor-element-50f4d06 elementor-widget elementor-widget-heading\" data-id=\"50f4d06\" data-element_type=\"widget\" data-e-type=\"widget\" data-widget_type=\"heading.default\">\n\t\t\t\t<div class=\"elementor-widget-container\">\n\t\t\t\t\t<h1 class=\"elementor-heading-title elementor-size-default\">Kundenorientierung<\/h1>\t\t\t\t<\/div>\n\t\t\t\t<\/div>\n\t\t\t\t<div class=\"elementor-element elementor-element-2843662 elementor-widget elementor-widget-heading\" data-id=\"2843662\" data-element_type=\"widget\" data-e-type=\"widget\" data-widget_type=\"heading.default\">\n\t\t\t\t<div class=\"elementor-widget-container\">\n\t\t\t\t\t<h2 class=\"elementor-heading-title elementor-size-default\">Frischer Wind im Kundenservice. Der Weg zum Kunden \u00fcber die eigene Pers\u00f6nlichkeit<\/h2>\t\t\t\t<\/div>\n\t\t\t\t<\/div>\n\t\t\t\t\t<\/div>\n\t\t<\/div>\n\t\t\t\t\t<\/div>\n\t\t<\/section>\n\t\t\t\t<section class=\"elementor-section elementor-top-section elementor-element elementor-element-0e68c61 elementor-section-boxed elementor-section-height-default elementor-section-height-default\" data-id=\"0e68c61\" data-element_type=\"section\" data-e-type=\"section\">\n\t\t\t\t\t\t<div class=\"elementor-container elementor-column-gap-default\">\n\t\t\t\t\t<div class=\"elementor-column elementor-col-50 elementor-top-column elementor-element elementor-element-f5790c0\" data-id=\"f5790c0\" data-element_type=\"column\" data-e-type=\"column\">\n\t\t\t<div class=\"elementor-widget-wrap elementor-element-populated\">\n\t\t\t\t\t\t<div class=\"elementor-element elementor-element-7cfc2d8 elementor-widget elementor-widget-text-editor\" data-id=\"7cfc2d8\" data-element_type=\"widget\" data-e-type=\"widget\" data-widget_type=\"text-editor.default\">\n\t\t\t\t<div class=\"elementor-widget-container\">\n\t\t\t\t\t\t\t\t\t<p><strong>Seminarziel:<br \/><\/strong>Die Verhaltensweisen, die wir zeigen, beruhen oftmals auf dem Bild, welches wir von uns selbst haben. Da wir nur selten dieses Bild mit der Sichtweise anderer auf uns abgleichen, kann es passieren, dass es zu Irritationen oder gar St\u00f6rungen im Kontakt mit anderen kommt.<br \/>Auf diesem Seminar k\u00f6nnen die Teilnehmer selbst erleben, wie sich ihre Verhaltenweisen auf andere auswirken. Wir bieten das Umfeld um zu reflektieren und gegebenfalls neues Verhalten zu integrieren.<\/p>\t\t\t\t\t\t\t\t<\/div>\n\t\t\t\t<\/div>\n\t\t\t\t<div class=\"elementor-element elementor-element-6fedfae elementor-widget elementor-widget-text-editor\" data-id=\"6fedfae\" data-element_type=\"widget\" data-e-type=\"widget\" data-widget_type=\"text-editor.default\">\n\t\t\t\t<div class=\"elementor-widget-container\">\n\t\t\t\t\t\t\t\t\t<p><strong>Seminarinhalt:<\/strong><\/p>\t\t\t\t\t\t\t\t<\/div>\n\t\t\t\t<\/div>\n\t\t\t\t<section class=\"elementor-section elementor-inner-section elementor-element elementor-element-2adbe5a elementor-section-boxed elementor-section-height-default elementor-section-height-default\" data-id=\"2adbe5a\" data-element_type=\"section\" data-e-type=\"section\">\n\t\t\t\t\t\t<div class=\"elementor-container elementor-column-gap-default\">\n\t\t\t\t\t<div class=\"elementor-column elementor-col-100 elementor-inner-column elementor-element elementor-element-ce9a731\" data-id=\"ce9a731\" data-element_type=\"column\" data-e-type=\"column\">\n\t\t\t<div class=\"elementor-widget-wrap elementor-element-populated\">\n\t\t\t\t\t\t<div class=\"elementor-element elementor-element-96a01b1 elementor-widget elementor-widget-text-editor\" data-id=\"96a01b1\" data-element_type=\"widget\" data-e-type=\"widget\" data-widget_type=\"text-editor.default\">\n\t\t\t\t<div class=\"elementor-widget-container\">\n\t\t\t\t\t\t\t\t\t<ul><li>Wie und womit wirke ich auf Kunden?<\/li><li>Was sind die Anforderungen meines Unternehmens und welche Werte stehen dahinter?<\/li><li>Was sind meine Erfolgsfaktoren im Umgang mit Kunden?<\/li><li>Wie erkenne ich meine eigenen F\u00e4higkeiten\u00a0 im Kundenkontakt?<\/li><li>Wodurch kann ich meine pers\u00f6nlichen F\u00e4higkeiten f\u00f6rdern?<\/li><li>Welche Instrumente im Kundenkontakt gibt es?<br \/>Welche Auswirkungen haben meine Einstellungen auf mein Verhalten?<\/li><li>Welche Formulierungen k\u00f6nnen mich im Kontakt unterst\u00fctzen?<\/li><\/ul>\t\t\t\t\t\t\t\t<\/div>\n\t\t\t\t<\/div>\n\t\t\t\t\t<\/div>\n\t\t<\/div>\n\t\t\t\t\t<\/div>\n\t\t<\/section>\n\t\t\t\t\t<\/div>\n\t\t<\/div>\n\t\t\t\t<div class=\"elementor-column elementor-col-50 elementor-top-column elementor-element elementor-element-f0e4b8f\" data-id=\"f0e4b8f\" data-element_type=\"column\" data-e-type=\"column\">\n\t\t\t<div class=\"elementor-widget-wrap elementor-element-populated\">\n\t\t\t\t\t\t<div class=\"elementor-element elementor-element-f270d41 elementor-widget elementor-widget-image\" data-id=\"f270d41\" data-element_type=\"widget\" data-e-type=\"widget\" data-widget_type=\"image.default\">\n\t\t\t\t<div class=\"elementor-widget-container\">\n\t\t\t\t\t\t\t\t\t\t\t\t\t\t\t<img loading=\"lazy\" decoding=\"async\" width=\"1024\" height=\"608\" src=\"https:\/\/www.jc-training.de\/wp-content\/uploads\/2023\/02\/AdobeStock_564248623-scaled-e1687246510633-1024x608.jpeg\" class=\"attachment-large size-large wp-image-3627\" alt=\"\" srcset=\"https:\/\/www.jc-training.de\/wp-content\/uploads\/2023\/02\/AdobeStock_564248623-scaled-e1687246510633-1024x608.jpeg 1024w, https:\/\/www.jc-training.de\/wp-content\/uploads\/2023\/02\/AdobeStock_564248623-scaled-e1687246510633-600x356.jpeg 600w, https:\/\/www.jc-training.de\/wp-content\/uploads\/2023\/02\/AdobeStock_564248623-scaled-e1687246510633-300x178.jpeg 300w, https:\/\/www.jc-training.de\/wp-content\/uploads\/2023\/02\/AdobeStock_564248623-scaled-e1687246510633-768x456.jpeg 768w, https:\/\/www.jc-training.de\/wp-content\/uploads\/2023\/02\/AdobeStock_564248623-scaled-e1687246510633-1536x912.jpeg 1536w, https:\/\/www.jc-training.de\/wp-content\/uploads\/2023\/02\/AdobeStock_564248623-scaled-e1687246510633-2048x1216.jpeg 2048w, https:\/\/www.jc-training.de\/wp-content\/uploads\/2023\/02\/AdobeStock_564248623-scaled-e1687246510633-1x1.jpeg 1w, https:\/\/www.jc-training.de\/wp-content\/uploads\/2023\/02\/AdobeStock_564248623-scaled-e1687246510633-10x6.jpeg 10w\" sizes=\"auto, (max-width: 1024px) 100vw, 1024px\" \/>\t\t\t\t\t\t\t\t\t\t\t\t\t\t\t<\/div>\n\t\t\t\t<\/div>\n\t\t\t\t<div class=\"elementor-element elementor-element-aef3e5b elementor-widget elementor-widget-text-editor\" data-id=\"aef3e5b\" data-element_type=\"widget\" data-e-type=\"widget\" data-widget_type=\"text-editor.default\">\n\t\t\t\t<div class=\"elementor-widget-container\">\n\t\t\t\t\t\t\t\t\t<p><strong>Zielgruppe:<br \/><\/strong>Ausnahmslos alle die im Kundenkontakt stehen.<\/p>\t\t\t\t\t\t\t\t<\/div>\n\t\t\t\t<\/div>\n\t\t\t\t\t<\/div>\n\t\t<\/div>\n\t\t\t\t\t<\/div>\n\t\t<\/section>\n\t\t\t\t<\/div>","protected":false},"excerpt":{"rendered":"<p>Kundenorientierung Frischer Wind im Kundenservice. Der Weg zum Kunden \u00fcber die eigene Pers\u00f6nlichkeit Seminarziel: Die Verhaltensweisen, die wir zeigen, beruhen oftmals auf dem Bild, welches<\/p>","protected":false},"author":2174,"featured_media":0,"parent":83,"menu_order":0,"comment_status":"closed","ping_status":"closed","template":"","meta":{"_price":"","_stock":"","_tribe_ticket_header":"","_tribe_default_ticket_provider":"","_tribe_ticket_capacity":"0","_ticket_start_date":"","_ticket_end_date":"","_tribe_ticket_show_description":"","_tribe_ticket_show_not_going":false,"_tribe_ticket_use_global_stock":"","_tribe_ticket_global_stock_level":"","_global_stock_mode":"","_global_stock_cap":"","_tribe_rsvp_for_event":"","_tribe_ticket_going_count":"","_tribe_ticket_not_going_count":"","_tribe_tickets_list":"[]","_tribe_ticket_has_attendee_info_fields":false,"_EventAllDay":false,"_EventTimezone":"","_EventStartDate":"","_EventEndDate":"","_EventStartDateUTC":"","_EventEndDateUTC":"","_EventShowMap":false,"_EventShowMapLink":false,"_EventURL":"","_EventCost":"","_EventCostDescription":"","_EventCurrencySymbol":"","_EventCurrencyCode":"","_EventCurrencyPosition":"","_EventDateTimeSeparator":"","_EventTimeRangeSeparator":"","_EventOrganizerID":[],"_EventVenueID":[],"_OrganizerEmail":"","_OrganizerPhone":"","_OrganizerWebsite":"","_VenueAddress":"","_VenueCity":"","_VenueCountry":"","_VenueProvince":"","_VenueState":"","_VenueZip":"","_VenuePhone":"","_VenueURL":"","_VenueStateProvince":"","_VenueLat":"","_VenueLng":"","_VenueShowMap":false,"_VenueShowMapLink":false,"productId":0,"courseId":0,"footnotes":"","_tec_slr_enabled":"","_tec_slr_layout":""},"class_list":["post-2165","page","type-page","status-publish","hentry"],"yoast_head":"<!-- This site is optimized with the Yoast SEO plugin v27.5 - https:\/\/yoast.com\/product\/yoast-seo-wordpress\/ -->\n<title>Kundenorientierung - JConsulting &amp; Training<\/title>\n<meta name=\"robots\" content=\"index, follow, max-snippet:-1, max-image-preview:large, max-video-preview:-1\" \/>\n<link rel=\"canonical\" href=\"https:\/\/www.jc-training.de\/en\/einzelpersonen__trashed\/kundenorientierung\/\" \/>\n<meta property=\"og:locale\" content=\"en_US\" \/>\n<meta property=\"og:type\" content=\"article\" \/>\n<meta property=\"og:title\" content=\"Kundenorientierung - JConsulting &amp; Training\" \/>\n<meta property=\"og:description\" content=\"Kundenorientierung Frischer Wind im Kundenservice. Der Weg zum Kunden \u00fcber die eigene Pers\u00f6nlichkeit Seminarziel: Die Verhaltensweisen, die wir zeigen, beruhen oftmals auf dem Bild, welches\" \/>\n<meta property=\"og:url\" content=\"https:\/\/www.jc-training.de\/en\/einzelpersonen__trashed\/kundenorientierung\/\" \/>\n<meta property=\"og:site_name\" content=\"JConsulting &amp; Training\" \/>\n<meta property=\"article:modified_time\" content=\"2023-09-01T12:48:03+00:00\" \/>\n<meta property=\"og:image\" content=\"https:\/\/www.jc-training.de\/wp-content\/uploads\/2023\/02\/AdobeStock_564248623-1024x683.jpeg\" \/>\n<meta name=\"twitter:card\" content=\"summary_large_image\" \/>\n<meta name=\"twitter:label1\" content=\"Est. reading time\" \/>\n\t<meta name=\"twitter:data1\" content=\"1 minute\" \/>\n<script type=\"application\/ld+json\" class=\"yoast-schema-graph\">{\"@context\":\"https:\\\/\\\/schema.org\",\"@graph\":[{\"@type\":\"WebPage\",\"@id\":\"https:\\\/\\\/www.jc-training.de\\\/einzelpersonen__trashed\\\/kundenorientierung\\\/\",\"url\":\"https:\\\/\\\/www.jc-training.de\\\/einzelpersonen__trashed\\\/kundenorientierung\\\/\",\"name\":\"Kundenorientierung - JConsulting &amp; Training\",\"isPartOf\":{\"@id\":\"https:\\\/\\\/www.jc-training.de\\\/#website\"},\"primaryImageOfPage\":{\"@id\":\"https:\\\/\\\/www.jc-training.de\\\/einzelpersonen__trashed\\\/kundenorientierung\\\/#primaryimage\"},\"image\":{\"@id\":\"https:\\\/\\\/www.jc-training.de\\\/einzelpersonen__trashed\\\/kundenorientierung\\\/#primaryimage\"},\"thumbnailUrl\":\"https:\\\/\\\/www.jc-training.de\\\/wp-content\\\/uploads\\\/2023\\\/02\\\/AdobeStock_564248623-1024x683.jpeg\",\"datePublished\":\"2021-11-28T05:31:40+00:00\",\"dateModified\":\"2023-09-01T12:48:03+00:00\",\"breadcrumb\":{\"@id\":\"https:\\\/\\\/www.jc-training.de\\\/einzelpersonen__trashed\\\/kundenorientierung\\\/#breadcrumb\"},\"inLanguage\":\"en-US\",\"potentialAction\":[{\"@type\":\"ReadAction\",\"target\":[\"https:\\\/\\\/www.jc-training.de\\\/einzelpersonen__trashed\\\/kundenorientierung\\\/\"]}]},{\"@type\":\"ImageObject\",\"inLanguage\":\"en-US\",\"@id\":\"https:\\\/\\\/www.jc-training.de\\\/einzelpersonen__trashed\\\/kundenorientierung\\\/#primaryimage\",\"url\":\"https:\\\/\\\/www.jc-training.de\\\/wp-content\\\/uploads\\\/2023\\\/02\\\/AdobeStock_564248623-1024x683.jpeg\",\"contentUrl\":\"https:\\\/\\\/www.jc-training.de\\\/wp-content\\\/uploads\\\/2023\\\/02\\\/AdobeStock_564248623-1024x683.jpeg\"},{\"@type\":\"BreadcrumbList\",\"@id\":\"https:\\\/\\\/www.jc-training.de\\\/einzelpersonen__trashed\\\/kundenorientierung\\\/#breadcrumb\",\"itemListElement\":[{\"@type\":\"ListItem\",\"position\":1,\"name\":\"Start\",\"item\":\"https:\\\/\\\/www.jc-training.de\\\/\"},{\"@type\":\"ListItem\",\"position\":2,\"name\":\"Einzelpersonen\",\"item\":\"https:\\\/\\\/www.jc-training.de\\\/?page_id=83\"},{\"@type\":\"ListItem\",\"position\":3,\"name\":\"Kundenorientierung\"}]},{\"@type\":\"WebSite\",\"@id\":\"https:\\\/\\\/www.jc-training.de\\\/#website\",\"url\":\"https:\\\/\\\/www.jc-training.de\\\/\",\"name\":\"JConsulting Training\",\"description\":\"Johannes Bollingerfehr\",\"publisher\":{\"@id\":\"https:\\\/\\\/www.jc-training.de\\\/#organization\"},\"alternateName\":\"jc-training\",\"potentialAction\":[{\"@type\":\"SearchAction\",\"target\":{\"@type\":\"EntryPoint\",\"urlTemplate\":\"https:\\\/\\\/www.jc-training.de\\\/?s={search_term_string}\"},\"query-input\":{\"@type\":\"PropertyValueSpecification\",\"valueRequired\":true,\"valueName\":\"search_term_string\"}}],\"inLanguage\":\"en-US\"},{\"@type\":\"Organization\",\"@id\":\"https:\\\/\\\/www.jc-training.de\\\/#organization\",\"name\":\"JConsulting Training\",\"alternateName\":\"JC Training\",\"url\":\"https:\\\/\\\/www.jc-training.de\\\/\",\"logo\":{\"@type\":\"ImageObject\",\"inLanguage\":\"en-US\",\"@id\":\"https:\\\/\\\/www.jc-training.de\\\/#\\\/schema\\\/logo\\\/image\\\/\",\"url\":\"\",\"contentUrl\":\"\",\"caption\":\"JConsulting Training\"},\"image\":{\"@id\":\"https:\\\/\\\/www.jc-training.de\\\/#\\\/schema\\\/logo\\\/image\\\/\"}}]}<\/script>\n<!-- \/ Yoast SEO plugin. -->","yoast_head_json":{"title":"Kundenorientierung - JConsulting &amp; Training","robots":{"index":"index","follow":"follow","max-snippet":"max-snippet:-1","max-image-preview":"max-image-preview:large","max-video-preview":"max-video-preview:-1"},"canonical":"https:\/\/www.jc-training.de\/en\/einzelpersonen__trashed\/kundenorientierung\/","og_locale":"en_US","og_type":"article","og_title":"Kundenorientierung - JConsulting &amp; Training","og_description":"Kundenorientierung Frischer Wind im Kundenservice. Der Weg zum Kunden \u00fcber die eigene Pers\u00f6nlichkeit Seminarziel: Die Verhaltensweisen, die wir zeigen, beruhen oftmals auf dem Bild, welches","og_url":"https:\/\/www.jc-training.de\/en\/einzelpersonen__trashed\/kundenorientierung\/","og_site_name":"JConsulting &amp; Training","article_modified_time":"2023-09-01T12:48:03+00:00","og_image":[{"url":"https:\/\/www.jc-training.de\/wp-content\/uploads\/2023\/02\/AdobeStock_564248623-1024x683.jpeg","type":"","width":"","height":""}],"twitter_card":"summary_large_image","twitter_misc":{"Est. reading time":"1 minute"},"schema":{"@context":"https:\/\/schema.org","@graph":[{"@type":"WebPage","@id":"https:\/\/www.jc-training.de\/einzelpersonen__trashed\/kundenorientierung\/","url":"https:\/\/www.jc-training.de\/einzelpersonen__trashed\/kundenorientierung\/","name":"Kundenorientierung - JConsulting &amp; Training","isPartOf":{"@id":"https:\/\/www.jc-training.de\/#website"},"primaryImageOfPage":{"@id":"https:\/\/www.jc-training.de\/einzelpersonen__trashed\/kundenorientierung\/#primaryimage"},"image":{"@id":"https:\/\/www.jc-training.de\/einzelpersonen__trashed\/kundenorientierung\/#primaryimage"},"thumbnailUrl":"https:\/\/www.jc-training.de\/wp-content\/uploads\/2023\/02\/AdobeStock_564248623-1024x683.jpeg","datePublished":"2021-11-28T05:31:40+00:00","dateModified":"2023-09-01T12:48:03+00:00","breadcrumb":{"@id":"https:\/\/www.jc-training.de\/einzelpersonen__trashed\/kundenorientierung\/#breadcrumb"},"inLanguage":"en-US","potentialAction":[{"@type":"ReadAction","target":["https:\/\/www.jc-training.de\/einzelpersonen__trashed\/kundenorientierung\/"]}]},{"@type":"ImageObject","inLanguage":"en-US","@id":"https:\/\/www.jc-training.de\/einzelpersonen__trashed\/kundenorientierung\/#primaryimage","url":"https:\/\/www.jc-training.de\/wp-content\/uploads\/2023\/02\/AdobeStock_564248623-1024x683.jpeg","contentUrl":"https:\/\/www.jc-training.de\/wp-content\/uploads\/2023\/02\/AdobeStock_564248623-1024x683.jpeg"},{"@type":"BreadcrumbList","@id":"https:\/\/www.jc-training.de\/einzelpersonen__trashed\/kundenorientierung\/#breadcrumb","itemListElement":[{"@type":"ListItem","position":1,"name":"Start","item":"https:\/\/www.jc-training.de\/"},{"@type":"ListItem","position":2,"name":"Einzelpersonen","item":"https:\/\/www.jc-training.de\/?page_id=83"},{"@type":"ListItem","position":3,"name":"Kundenorientierung"}]},{"@type":"WebSite","@id":"https:\/\/www.jc-training.de\/#website","url":"https:\/\/www.jc-training.de\/","name":"JConsulting Training","description":"Johannes Bollingerfehr","publisher":{"@id":"https:\/\/www.jc-training.de\/#organization"},"alternateName":"jc-training","potentialAction":[{"@type":"SearchAction","target":{"@type":"EntryPoint","urlTemplate":"https:\/\/www.jc-training.de\/?s={search_term_string}"},"query-input":{"@type":"PropertyValueSpecification","valueRequired":true,"valueName":"search_term_string"}}],"inLanguage":"en-US"},{"@type":"Organization","@id":"https:\/\/www.jc-training.de\/#organization","name":"JConsulting Training","alternateName":"JC Training","url":"https:\/\/www.jc-training.de\/","logo":{"@type":"ImageObject","inLanguage":"en-US","@id":"https:\/\/www.jc-training.de\/#\/schema\/logo\/image\/","url":"","contentUrl":"","caption":"JConsulting Training"},"image":{"@id":"https:\/\/www.jc-training.de\/#\/schema\/logo\/image\/"}}]}},"ticketed":false,"_links":{"self":[{"href":"https:\/\/www.jc-training.de\/en\/wp-json\/wp\/v2\/pages\/2165","targetHints":{"allow":["GET"]}}],"collection":[{"href":"https:\/\/www.jc-training.de\/en\/wp-json\/wp\/v2\/pages"}],"about":[{"href":"https:\/\/www.jc-training.de\/en\/wp-json\/wp\/v2\/types\/page"}],"author":[{"embeddable":true,"href":"https:\/\/www.jc-training.de\/en\/wp-json\/wp\/v2\/users\/2174"}],"replies":[{"embeddable":true,"href":"https:\/\/www.jc-training.de\/en\/wp-json\/wp\/v2\/comments?post=2165"}],"version-history":[{"count":21,"href":"https:\/\/www.jc-training.de\/en\/wp-json\/wp\/v2\/pages\/2165\/revisions"}],"predecessor-version":[{"id":5137,"href":"https:\/\/www.jc-training.de\/en\/wp-json\/wp\/v2\/pages\/2165\/revisions\/5137"}],"up":[{"embeddable":true,"href":"https:\/\/www.jc-training.de\/en\/wp-json\/wp\/v2\/pages\/83"}],"wp:attachment":[{"href":"https:\/\/www.jc-training.de\/en\/wp-json\/wp\/v2\/media?parent=2165"}],"curies":[{"name":"wp","href":"https:\/\/api.w.org\/{rel}","templated":true}]}}