{"id":2168,"date":"2021-11-28T05:37:41","date_gmt":"2021-11-28T05:37:41","guid":{"rendered":"https:\/\/www.jc-learning.de\/?page_id=2168"},"modified":"2023-09-01T12:46:33","modified_gmt":"2023-09-01T12:46:33","slug":"fuehrungs-und-expertenlaufbahn","status":"publish","type":"page","link":"https:\/\/www.jc-training.de\/en\/organisationsentwicklung\/fuehrungs-und-expertenlaufbahn\/","title":{"rendered":"F\u00fchrungs- und Expertenlaufbahn"},"content":{"rendered":"<div data-elementor-type=\"wp-page\" data-elementor-id=\"2168\" class=\"elementor elementor-2168\" data-elementor-post-type=\"page\">\n\t\t\t\t\t\t<section class=\"elementor-section elementor-top-section elementor-element elementor-element-ecfcc24 elementor-section-boxed elementor-section-height-default elementor-section-height-default\" data-id=\"ecfcc24\" data-element_type=\"section\" data-e-type=\"section\">\n\t\t\t\t\t\t<div class=\"elementor-container elementor-column-gap-default\">\n\t\t\t\t\t<div class=\"elementor-column elementor-col-100 elementor-top-column elementor-element elementor-element-0210d27\" data-id=\"0210d27\" data-element_type=\"column\" data-e-type=\"column\">\n\t\t\t<div class=\"elementor-widget-wrap elementor-element-populated\">\n\t\t\t\t\t\t<div class=\"elementor-element elementor-element-f0dad8d elementor-widget elementor-widget-heading\" data-id=\"f0dad8d\" data-element_type=\"widget\" data-e-type=\"widget\" data-widget_type=\"heading.default\">\n\t\t\t\t<div class=\"elementor-widget-container\">\n\t\t\t\t\t<h1 class=\"elementor-heading-title elementor-size-default\">F\u00fchrungs- und Expertenlaufbahn<\/h1>\t\t\t\t<\/div>\n\t\t\t\t<\/div>\n\t\t\t\t<div class=\"elementor-element elementor-element-b551f74 elementor-widget elementor-widget-heading\" data-id=\"b551f74\" data-element_type=\"widget\" data-e-type=\"widget\" data-widget_type=\"heading.default\">\n\t\t\t\t<div class=\"elementor-widget-container\">\n\t\t\t\t\t<h2 class=\"elementor-heading-title elementor-size-default\">Anerkennung und Wertsch\u00e4tzung \u00fcber die eigene Kompetenz<\/h2>\t\t\t\t<\/div>\n\t\t\t\t<\/div>\n\t\t\t\t\t<\/div>\n\t\t<\/div>\n\t\t\t\t\t<\/div>\n\t\t<\/section>\n\t\t\t\t<section class=\"elementor-section elementor-top-section elementor-element elementor-element-832a4e4 elementor-section-boxed elementor-section-height-default elementor-section-height-default\" data-id=\"832a4e4\" data-element_type=\"section\" data-e-type=\"section\">\n\t\t\t\t\t\t<div class=\"elementor-container elementor-column-gap-default\">\n\t\t\t\t\t<div class=\"elementor-column elementor-col-50 elementor-top-column elementor-element elementor-element-057cd03\" data-id=\"057cd03\" data-element_type=\"column\" data-e-type=\"column\">\n\t\t\t<div class=\"elementor-widget-wrap elementor-element-populated\">\n\t\t\t\t\t\t<div class=\"elementor-element elementor-element-20d9bab elementor-widget__width-initial elementor-widget elementor-widget-text-editor\" data-id=\"20d9bab\" data-element_type=\"widget\" data-e-type=\"widget\" data-widget_type=\"text-editor.default\">\n\t\t\t\t<div class=\"elementor-widget-container\">\n\t\t\t\t\t\t\t\t\t<p>Wenn Mitarbeiter ihre Ziele formulieren, geht es oftmals um die Frage, wo sehe ich mich in den n\u00e4chsten 1, 2 oder gar 10 Jahren. Hier sind dann Begriffe wie \u201eKarriere\u201c, \u201eLaufbahn\u201c oder \u201eF\u00fchrungsebene\u201c nicht weit, da es den meisten Menschen wichtig ist innerhalb eines Unternehmens Aufstiegsm\u00f6glichkeiten zu erkennen. An dieser Stelle sollten wir uns auch die Zeit nehmen dar\u00fcber nachzudenken, auf welche unterschiedlichen Weisen wir Karrieren und Anerkennung im Unternehmen erm\u00f6glichen. Wenn Sie zu dem Schluss kommen, dass eine gef\u00f6rderte Entwicklung ausschlie\u00dflich \u00fcber die Rolle als F\u00fchrungskraft erfolgt, kennen Sie vielleicht folgende Situation: Da ist zum Beispiel der Erfolgstr\u00e4ger einer Fachabteilung, der durch seine Fachkenntnisse besticht. Um diesen weiter zu f\u00f6rdern beschlie\u00dft man, ihn zum Abteilungsleiter \/ F\u00fchrungskraft zu machen. Ergebnis k\u00f6nnte sein, dass diese Person mit der zwischenmenschlichen Interaktion \u00fcberfordert oder zumindest ungl\u00fccklich ist und seine fachlichen Qualit\u00e4ten nicht mehr zum Tragen kommen. Die Motivation leidet.<\/p>\t\t\t\t\t\t\t\t<\/div>\n\t\t\t\t<\/div>\n\t\t\t\t\t<\/div>\n\t\t<\/div>\n\t\t\t\t<div class=\"elementor-column elementor-col-50 elementor-top-column elementor-element elementor-element-a3efed1\" data-id=\"a3efed1\" data-element_type=\"column\" data-e-type=\"column\">\n\t\t\t<div class=\"elementor-widget-wrap elementor-element-populated\">\n\t\t\t\t\t\t<div class=\"elementor-element elementor-element-f029de7 elementor-widget__width-initial elementor-widget elementor-widget-image\" data-id=\"f029de7\" data-element_type=\"widget\" data-e-type=\"widget\" data-widget_type=\"image.default\">\n\t\t\t\t<div class=\"elementor-widget-container\">\n\t\t\t\t\t\t\t\t\t\t\t\t\t\t\t<img fetchpriority=\"high\" decoding=\"async\" width=\"2560\" height=\"1440\" src=\"https:\/\/www.jc-training.de\/wp-content\/uploads\/elementor\/thumbs\/xstore-placeholder-r1cjxo17na4mb6yb6ar0ofqww2270fzd1t8dwpmjc8.png\" class=\"attachment-full size-full wp-image-3039 lazyload lazyload-simple et-lazyload-fadeIn\" alt=\"\" sizes=\"(max-width: 2560px) 100vw, 2560px\" data-src=\"https:\/\/www.jc-training.de\/wp-content\/uploads\/2022\/08\/AdobeStock_365778073k-scaled.jpeg\" data-srcset=\"https:\/\/www.jc-training.de\/wp-content\/uploads\/2022\/08\/AdobeStock_365778073k-scaled.jpeg 2560w, https:\/\/www.jc-training.de\/wp-content\/uploads\/2022\/08\/AdobeStock_365778073k-scaled-600x338.jpeg 600w, https:\/\/www.jc-training.de\/wp-content\/uploads\/2022\/08\/AdobeStock_365778073k-300x169.jpeg 300w, https:\/\/www.jc-training.de\/wp-content\/uploads\/2022\/08\/AdobeStock_365778073k-1024x576.jpeg 1024w, https:\/\/www.jc-training.de\/wp-content\/uploads\/2022\/08\/AdobeStock_365778073k-768x432.jpeg 768w, https:\/\/www.jc-training.de\/wp-content\/uploads\/2022\/08\/AdobeStock_365778073k-1536x864.jpeg 1536w, https:\/\/www.jc-training.de\/wp-content\/uploads\/2022\/08\/AdobeStock_365778073k-2048x1152.jpeg 2048w, https:\/\/www.jc-training.de\/wp-content\/uploads\/2022\/08\/AdobeStock_365778073k-1x1.jpeg 1w, https:\/\/www.jc-training.de\/wp-content\/uploads\/2022\/08\/AdobeStock_365778073k-10x6.jpeg 10w, https:\/\/www.jc-training.de\/wp-content\/uploads\/2022\/08\/AdobeStock_365778073k-1320x743.jpeg 1320w\" \/>\t\t\t\t\t\t\t\t\t\t\t\t\t\t\t<\/div>\n\t\t\t\t<\/div>\n\t\t\t\t\t<\/div>\n\t\t<\/div>\n\t\t\t\t\t<\/div>\n\t\t<\/section>\n\t\t\t\t<section class=\"elementor-section elementor-top-section elementor-element elementor-element-8ff99e2 elementor-section-boxed elementor-section-height-default elementor-section-height-default\" data-id=\"8ff99e2\" data-element_type=\"section\" data-e-type=\"section\">\n\t\t\t\t\t\t<div class=\"elementor-container elementor-column-gap-default\">\n\t\t\t\t\t<div class=\"elementor-column elementor-col-100 elementor-top-column elementor-element elementor-element-8c64209\" data-id=\"8c64209\" data-element_type=\"column\" data-e-type=\"column\">\n\t\t\t<div class=\"elementor-widget-wrap elementor-element-populated\">\n\t\t\t\t\t\t<div class=\"elementor-element elementor-element-2dfdd38 elementor-widget elementor-widget-spacer\" data-id=\"2dfdd38\" data-element_type=\"widget\" data-e-type=\"widget\" data-widget_type=\"spacer.default\">\n\t\t\t\t<div class=\"elementor-widget-container\">\n\t\t\t\t\t\t\t<div class=\"elementor-spacer\">\n\t\t\t<div class=\"elementor-spacer-inner\"><\/div>\n\t\t<\/div>\n\t\t\t\t\t\t<\/div>\n\t\t\t\t<\/div>\n\t\t\t\t\t<\/div>\n\t\t<\/div>\n\t\t\t\t\t<\/div>\n\t\t<\/section>\n\t\t\t\t<section class=\"elementor-section elementor-top-section elementor-element elementor-element-322eac3 elementor-section-boxed elementor-section-height-default elementor-section-height-default\" data-id=\"322eac3\" data-element_type=\"section\" data-e-type=\"section\">\n\t\t\t\t\t\t<div class=\"elementor-container elementor-column-gap-default\">\n\t\t\t\t\t<div class=\"elementor-column elementor-col-100 elementor-top-column elementor-element elementor-element-19010ae\" data-id=\"19010ae\" data-element_type=\"column\" data-e-type=\"column\">\n\t\t\t<div class=\"elementor-widget-wrap elementor-element-populated\">\n\t\t\t\t\t\t<div class=\"elementor-element elementor-element-19bc803 elementor-widget__width-initial elementor-widget elementor-widget-text-editor\" data-id=\"19bc803\" data-element_type=\"widget\" data-e-type=\"widget\" data-widget_type=\"text-editor.default\">\n\t\t\t\t<div class=\"elementor-widget-container\">\n\t\t\t\t\t\t\t\t\t<p>Um die Mitarbeiter so zu f\u00f6rdern, dass es f\u00fcr sie und dem Unternehmen eine attraktive Perspektive ergibt, sollte eine zweite Laufbahn angeboten werden. So ergeben sich zwei S\u00e4ulen innerhalb eines Unternehmens:<\/p>\t\t\t\t\t\t\t\t<\/div>\n\t\t\t\t<\/div>\n\t\t\t\t\t<\/div>\n\t\t<\/div>\n\t\t\t\t\t<\/div>\n\t\t<\/section>\n\t\t\t\t<section class=\"elementor-section elementor-top-section elementor-element elementor-element-94d86d1 elementor-section-boxed elementor-section-height-default elementor-section-height-default\" data-id=\"94d86d1\" data-element_type=\"section\" data-e-type=\"section\">\n\t\t\t\t\t\t<div class=\"elementor-container elementor-column-gap-wider\">\n\t\t\t\t\t<div class=\"elementor-column elementor-col-50 elementor-top-column elementor-element elementor-element-0f53829\" data-id=\"0f53829\" data-element_type=\"column\" data-e-type=\"column\">\n\t\t\t<div class=\"elementor-widget-wrap elementor-element-populated\">\n\t\t\t\t\t\t<div class=\"elementor-element elementor-element-d3e6c55 elementor-widget elementor-widget-heading\" data-id=\"d3e6c55\" data-element_type=\"widget\" data-e-type=\"widget\" data-widget_type=\"heading.default\">\n\t\t\t\t<div class=\"elementor-widget-container\">\n\t\t\t\t\t<h1 class=\"elementor-heading-title elementor-size-default\">F\u00fchrungskarriere<\/h1>\t\t\t\t<\/div>\n\t\t\t\t<\/div>\n\t\t\t\t<div class=\"elementor-element elementor-element-3269f80 elementor-widget elementor-widget-text-editor\" data-id=\"3269f80\" data-element_type=\"widget\" data-e-type=\"widget\" data-widget_type=\"text-editor.default\">\n\t\t\t\t<div class=\"elementor-widget-container\">\n\t\t\t\t\t\t\t\t\t<p>Attraktive, anspruchsvolle Stellenbeschreibung f\u00fcr Mitarbeiter, die ihre Anerkennung und Stellung als F\u00fchrungskraft generieren m\u00f6chten.<\/p><p><strong>Welche Ziele k\u00f6nnen mit der Einf\u00fchrung verfolgt werden?<\/strong><\/p>\t\t\t\t\t\t\t\t<\/div>\n\t\t\t\t<\/div>\n\t\t\t\t<section class=\"elementor-section elementor-inner-section elementor-element elementor-element-2fefb16 elementor-section-boxed elementor-section-height-default elementor-section-height-default\" data-id=\"2fefb16\" data-element_type=\"section\" data-e-type=\"section\">\n\t\t\t\t\t\t<div class=\"elementor-container elementor-column-gap-default\">\n\t\t\t\t\t<div class=\"elementor-column elementor-col-50 elementor-inner-column elementor-element elementor-element-c5b994e\" data-id=\"c5b994e\" data-element_type=\"column\" data-e-type=\"column\">\n\t\t\t<div class=\"elementor-widget-wrap elementor-element-populated\">\n\t\t\t\t\t\t<div class=\"elementor-element elementor-element-ebe5ef0 elementor-widget elementor-widget-text-editor\" data-id=\"ebe5ef0\" data-element_type=\"widget\" data-e-type=\"widget\" data-widget_type=\"text-editor.default\">\n\t\t\t\t<div class=\"elementor-widget-container\">\n\t\t\t\t\t\t\t\t\t<p>\u2022<br \/>\u2022<br \/>\u2022<br \/>\u2022<br \/>\u2022<br \/>\u2022<br \/>\u2022<br \/>\u2022<br \/>\u2022<br \/>\u2022<br \/>\u2022<br \/>\u2022<br \/>\u2022<br \/>\u2022<\/p>\t\t\t\t\t\t\t\t<\/div>\n\t\t\t\t<\/div>\n\t\t\t\t\t<\/div>\n\t\t<\/div>\n\t\t\t\t<div class=\"elementor-column elementor-col-50 elementor-inner-column elementor-element elementor-element-e114956\" data-id=\"e114956\" data-element_type=\"column\" data-e-type=\"column\">\n\t\t\t<div class=\"elementor-widget-wrap elementor-element-populated\">\n\t\t\t\t\t\t<div class=\"elementor-element elementor-element-4ba406e elementor-widget elementor-widget-text-editor\" data-id=\"4ba406e\" data-element_type=\"widget\" data-e-type=\"widget\" data-widget_type=\"text-editor.default\">\n\t\t\t\t<div class=\"elementor-widget-container\">\n\t\t\t\t\t\t\t\t\t<p>Anerkennung f\u00fcr Aufstieg in der Hierarchie schaffen<br \/>Gleichwertiges Modell zur Expertenlaufbahn<br \/>wirksame Anreizfunktion<br \/>Anzahl der F\u00fchrungspositionen ist begrenzt <br \/>F\u00fchrungskr\u00e4fte ans Unternehmen binden<br \/>Attraktivit\u00e4t als Arbeitgeber steigern<br \/>Strukturierte Weiterbildung wird aufgezeigt<br \/>M\u00f6gliche messbare Faktoren innerhalb der Stellenbeschreibung: <br \/>Gestaltungs- und Entscheidungsspielraum<br \/>Grad der Weiterentwicklung von Mitarbeitern und Prozessen<br \/>Entwicklung von Multiplikatoren<br \/>Grad an neuen Ideen\/Neuerungen<br \/>Einflussnahme<br \/>Wertbeitrag, erwarteter Nutzen, Beitrag zu Unternehmenszielen<\/p>\t\t\t\t\t\t\t\t<\/div>\n\t\t\t\t<\/div>\n\t\t\t\t\t<\/div>\n\t\t<\/div>\n\t\t\t\t\t<\/div>\n\t\t<\/section>\n\t\t\t\t\t<\/div>\n\t\t<\/div>\n\t\t\t\t<div class=\"elementor-column elementor-col-50 elementor-top-column elementor-element elementor-element-0e8f5e0\" data-id=\"0e8f5e0\" data-element_type=\"column\" data-e-type=\"column\">\n\t\t\t<div class=\"elementor-widget-wrap elementor-element-populated\">\n\t\t\t\t\t\t<div class=\"elementor-element elementor-element-f703eb2 elementor-widget elementor-widget-heading\" data-id=\"f703eb2\" data-element_type=\"widget\" data-e-type=\"widget\" data-widget_type=\"heading.default\">\n\t\t\t\t<div class=\"elementor-widget-container\">\n\t\t\t\t\t<h1 class=\"elementor-heading-title elementor-size-default\">Expertenkarriere<\/h1>\t\t\t\t<\/div>\n\t\t\t\t<\/div>\n\t\t\t\t<div class=\"elementor-element elementor-element-57e6246 elementor-widget elementor-widget-text-editor\" data-id=\"57e6246\" data-element_type=\"widget\" data-e-type=\"widget\" data-widget_type=\"text-editor.default\">\n\t\t\t\t<div class=\"elementor-widget-container\">\n\t\t\t\t\t\t\t\t\t<p>Attraktive, anspruchsvolle Stellenbeschreibung f\u00fcr Mitarbeiter, die ihre Anerkennung und Stellung lieber \u00fcber die Fachexpertise generieren m\u00f6chten.<\/p><p><strong>Welche Ziele k\u00f6nnen mit der Einf\u00fchrung verfolgt werden?<\/strong><\/p>\t\t\t\t\t\t\t\t<\/div>\n\t\t\t\t<\/div>\n\t\t\t\t<section class=\"elementor-section elementor-inner-section elementor-element elementor-element-dd22410 elementor-section-boxed elementor-section-height-default elementor-section-height-default\" data-id=\"dd22410\" data-element_type=\"section\" data-e-type=\"section\">\n\t\t\t\t\t\t<div class=\"elementor-container elementor-column-gap-default\">\n\t\t\t\t\t<div class=\"elementor-column elementor-col-50 elementor-inner-column elementor-element elementor-element-e19d478\" data-id=\"e19d478\" data-element_type=\"column\" data-e-type=\"column\">\n\t\t\t<div class=\"elementor-widget-wrap elementor-element-populated\">\n\t\t\t\t\t\t<div class=\"elementor-element elementor-element-e63a5fa elementor-widget elementor-widget-text-editor\" data-id=\"e63a5fa\" data-element_type=\"widget\" data-e-type=\"widget\" data-widget_type=\"text-editor.default\">\n\t\t\t\t<div class=\"elementor-widget-container\">\n\t\t\t\t\t\t\t\t\t<p>\u2022<br \/>\u2022<br \/>\u2022<br \/>\u2022<br \/>\u2022<br \/>\u2022<br \/>\u2022<br \/>\u2022<br \/><br \/>\u2022<\/p>\t\t\t\t\t\t\t\t<\/div>\n\t\t\t\t<\/div>\n\t\t\t\t\t<\/div>\n\t\t<\/div>\n\t\t\t\t<div class=\"elementor-column elementor-col-50 elementor-inner-column elementor-element elementor-element-835352b\" data-id=\"835352b\" data-element_type=\"column\" data-e-type=\"column\">\n\t\t\t<div class=\"elementor-widget-wrap elementor-element-populated\">\n\t\t\t\t\t\t<div class=\"elementor-element elementor-element-4b46f31 elementor-widget elementor-widget-text-editor\" data-id=\"4b46f31\" data-element_type=\"widget\" data-e-type=\"widget\" data-widget_type=\"text-editor.default\">\n\t\t\t\t<div class=\"elementor-widget-container\">\n\t\t\t\t\t\t\t\t\t<p>Anerkennung f\u00fcr fachliche Karriere schaffen<br \/>Gleichwertiges Modell zu F\u00fchrungslaufbahn<br \/>Fachliche Karriere soll explizit gemacht werden<br \/>wirksame Anreizfunktion<br \/>Anzahl der F\u00fchrungspositionen ist begrenzt \/ Alternative anbieten<br \/>Fachexperten ans Unternehmen binden<br \/>Attraktivit\u00e4t als Arbeitgeber steigern<br \/>gute Experten r\u00fccken in F\u00fchrungspositionen und gehen dadurch als Fachkraft verloren<br \/>Strukturierte Weiterbildung wird aufgezeigt<\/p>\t\t\t\t\t\t\t\t<\/div>\n\t\t\t\t<\/div>\n\t\t\t\t\t<\/div>\n\t\t<\/div>\n\t\t\t\t\t<\/div>\n\t\t<\/section>\n\t\t\t\t<div class=\"elementor-element elementor-element-01d7755 elementor-widget elementor-widget-text-editor\" data-id=\"01d7755\" data-element_type=\"widget\" data-e-type=\"widget\" data-widget_type=\"text-editor.default\">\n\t\t\t\t<div class=\"elementor-widget-container\">\n\t\t\t\t\t\t\t\t\t<p><strong>M\u00f6gliche messbare Faktoren innerhalb der Stellenbeschreibung:<\/strong><\/p>\t\t\t\t\t\t\t\t<\/div>\n\t\t\t\t<\/div>\n\t\t\t\t<section class=\"elementor-section elementor-inner-section elementor-element elementor-element-2819d3b elementor-section-boxed elementor-section-height-default elementor-section-height-default\" data-id=\"2819d3b\" data-element_type=\"section\" data-e-type=\"section\">\n\t\t\t\t\t\t<div class=\"elementor-container elementor-column-gap-default\">\n\t\t\t\t\t<div class=\"elementor-column elementor-col-50 elementor-inner-column elementor-element elementor-element-0de2d53\" data-id=\"0de2d53\" data-element_type=\"column\" data-e-type=\"column\">\n\t\t\t<div class=\"elementor-widget-wrap elementor-element-populated\">\n\t\t\t\t\t\t<div class=\"elementor-element elementor-element-94ddc23 elementor-widget elementor-widget-text-editor\" data-id=\"94ddc23\" data-element_type=\"widget\" data-e-type=\"widget\" data-widget_type=\"text-editor.default\">\n\t\t\t\t<div class=\"elementor-widget-container\">\n\t\t\t\t\t\t\t\t\t<p>\u2022<br \/>\u2022<br \/><br \/>\u2022<br \/>\u2022<br \/>\u2022<br \/>\u2022<br \/>\u2022<\/p>\t\t\t\t\t\t\t\t<\/div>\n\t\t\t\t<\/div>\n\t\t\t\t\t<\/div>\n\t\t<\/div>\n\t\t\t\t<div class=\"elementor-column elementor-col-50 elementor-inner-column elementor-element elementor-element-c5d3e07\" data-id=\"c5d3e07\" data-element_type=\"column\" data-e-type=\"column\">\n\t\t\t<div class=\"elementor-widget-wrap elementor-element-populated\">\n\t\t\t\t\t\t<div class=\"elementor-element elementor-element-8b64e35 elementor-widget elementor-widget-text-editor\" data-id=\"8b64e35\" data-element_type=\"widget\" data-e-type=\"widget\" data-widget_type=\"text-editor.default\">\n\t\t\t\t<div class=\"elementor-widget-container\">\n\t\t\t\t\t\t\t\t\t<p>Gestaltungs- und Entscheidungsspielraum<br \/>Grad der Weiterentwicklung von Methoden, Prozessen und Werkzeugen im Aufgabengebiet<br \/>Beratung und Wissensweitergabe an Kollegen<br \/>Grad an neuen Ideen\/Neuerungen<br \/>Beratung und Wissensweitergabe an Kollegen<br \/>Au\u00dfenwirkung, Netzwerk (Artikel schreiben, Vortr\u00e4ge, etc.)<br \/>Wertbeitrag, erwarteter Nutzen, Beitrag zu Unternehmenszielen<\/p>\t\t\t\t\t\t\t\t<\/div>\n\t\t\t\t<\/div>\n\t\t\t\t\t<\/div>\n\t\t<\/div>\n\t\t\t\t\t<\/div>\n\t\t<\/section>\n\t\t\t\t\t<\/div>\n\t\t<\/div>\n\t\t\t\t\t<\/div>\n\t\t<\/section>\n\t\t\t\t<\/div>","protected":false},"excerpt":{"rendered":"<p>F\u00fchrungs- und Expertenlaufbahn Anerkennung und Wertsch\u00e4tzung \u00fcber die eigene Kompetenz Wenn Mitarbeiter ihre Ziele formulieren, geht es oftmals um die Frage, wo sehe ich mich<\/p>","protected":false},"author":2174,"featured_media":0,"parent":4845,"menu_order":0,"comment_status":"closed","ping_status":"closed","template":"","meta":{"_price":"","_stock":"","_tribe_ticket_header":"","_tribe_default_ticket_provider":"","_tribe_ticket_capacity":"0","_ticket_start_date":"","_ticket_end_date":"","_tribe_ticket_show_description":"","_tribe_ticket_show_not_going":false,"_tribe_ticket_use_global_stock":"","_tribe_ticket_global_stock_level":"","_global_stock_mode":"","_global_stock_cap":"","_tribe_rsvp_for_event":"","_tribe_ticket_going_count":"","_tribe_ticket_not_going_count":"","_tribe_tickets_list":"[]","_tribe_ticket_has_attendee_info_fields":false,"_EventAllDay":false,"_EventTimezone":"","_EventStartDate":"","_EventEndDate":"","_EventStartDateUTC":"","_EventEndDateUTC":"","_EventShowMap":false,"_EventShowMapLink":false,"_EventURL":"","_EventCost":"","_EventCostDescription":"","_EventCurrencySymbol":"","_EventCurrencyCode":"","_EventCurrencyPosition":"","_EventDateTimeSeparator":"","_EventTimeRangeSeparator":"","_EventOrganizerID":[],"_EventVenueID":[],"_OrganizerEmail":"","_OrganizerPhone":"","_OrganizerWebsite":"","_VenueAddress":"","_VenueCity":"","_VenueCountry":"","_VenueProvince":"","_VenueState":"","_VenueZip":"","_VenuePhone":"","_VenueURL":"","_VenueStateProvince":"","_VenueLat":"","_VenueLng":"","_VenueShowMap":false,"_VenueShowMapLink":false,"productId":0,"courseId":0,"footnotes":"","_tec_slr_enabled":"","_tec_slr_layout":""},"class_list":["post-2168","page","type-page","status-publish","hentry"],"ticketed":false,"_links":{"self":[{"href":"https:\/\/www.jc-training.de\/en\/wp-json\/wp\/v2\/pages\/2168","targetHints":{"allow":["GET"]}}],"collection":[{"href":"https:\/\/www.jc-training.de\/en\/wp-json\/wp\/v2\/pages"}],"about":[{"href":"https:\/\/www.jc-training.de\/en\/wp-json\/wp\/v2\/types\/page"}],"author":[{"embeddable":true,"href":"https:\/\/www.jc-training.de\/en\/wp-json\/wp\/v2\/users\/2174"}],"replies":[{"embeddable":true,"href":"https:\/\/www.jc-training.de\/en\/wp-json\/wp\/v2\/comments?post=2168"}],"version-history":[{"count":22,"href":"https:\/\/www.jc-training.de\/en\/wp-json\/wp\/v2\/pages\/2168\/revisions"}],"predecessor-version":[{"id":4860,"href":"https:\/\/www.jc-training.de\/en\/wp-json\/wp\/v2\/pages\/2168\/revisions\/4860"}],"up":[{"embeddable":true,"href":"https:\/\/www.jc-training.de\/en\/wp-json\/wp\/v2\/pages\/4845"}],"wp:attachment":[{"href":"https:\/\/www.jc-training.de\/en\/wp-json\/wp\/v2\/media?parent=2168"}],"curies":[{"name":"wp","href":"https:\/\/api.w.org\/{rel}","templated":true}]}}