{"id":2170,"date":"2021-11-28T05:38:23","date_gmt":"2021-11-28T05:38:23","guid":{"rendered":"https:\/\/www.jc-learning.de\/?page_id=2170"},"modified":"2023-09-01T12:46:20","modified_gmt":"2023-09-01T12:46:20","slug":"betriebliches-gesundheitsmanagement","status":"publish","type":"page","link":"https:\/\/www.jc-training.de\/en\/organisationsentwicklung\/betriebliches-gesundheitsmanagement\/","title":{"rendered":"Betriebliches Gesundheitsmanagement"},"content":{"rendered":"<div data-elementor-type=\"wp-page\" data-elementor-id=\"2170\" class=\"elementor elementor-2170\" data-elementor-post-type=\"page\">\n\t\t\t\t\t\t<section class=\"elementor-section elementor-top-section elementor-element elementor-element-151e59e elementor-section-boxed elementor-section-height-default elementor-section-height-default\" data-id=\"151e59e\" data-element_type=\"section\" data-e-type=\"section\">\n\t\t\t\t\t\t<div class=\"elementor-container elementor-column-gap-default\">\n\t\t\t\t\t<div class=\"elementor-column elementor-col-100 elementor-top-column elementor-element elementor-element-a145de2\" data-id=\"a145de2\" data-element_type=\"column\" data-e-type=\"column\">\n\t\t\t<div class=\"elementor-widget-wrap elementor-element-populated\">\n\t\t\t\t\t\t<div class=\"elementor-element elementor-element-0c21472 elementor-widget elementor-widget-heading\" data-id=\"0c21472\" data-element_type=\"widget\" data-e-type=\"widget\" data-widget_type=\"heading.default\">\n\t\t\t\t<div class=\"elementor-widget-container\">\n\t\t\t\t\t<h1 class=\"elementor-heading-title elementor-size-default\">Betriebliches Gesundheitsmanagement<\/h1>\t\t\t\t<\/div>\n\t\t\t\t<\/div>\n\t\t\t\t<div class=\"elementor-element elementor-element-19940ac elementor-widget elementor-widget-heading\" data-id=\"19940ac\" data-element_type=\"widget\" data-e-type=\"widget\" data-widget_type=\"heading.default\">\n\t\t\t\t<div class=\"elementor-widget-container\">\n\t\t\t\t\t<h2 class=\"elementor-heading-title elementor-size-default\">Etablierung oder Anpassung in kleinen und mittleren Betrieben<\/h2>\t\t\t\t<\/div>\n\t\t\t\t<\/div>\n\t\t\t\t\t<\/div>\n\t\t<\/div>\n\t\t\t\t\t<\/div>\n\t\t<\/section>\n\t\t\t\t<section class=\"elementor-section elementor-top-section elementor-element elementor-element-ff14ca5 elementor-section-boxed elementor-section-height-default elementor-section-height-default\" data-id=\"ff14ca5\" data-element_type=\"section\" data-e-type=\"section\">\n\t\t\t\t\t\t<div class=\"elementor-container elementor-column-gap-default\">\n\t\t\t\t\t<div class=\"elementor-column elementor-col-50 elementor-top-column elementor-element elementor-element-33329f8\" data-id=\"33329f8\" data-element_type=\"column\" data-e-type=\"column\">\n\t\t\t<div class=\"elementor-widget-wrap elementor-element-populated\">\n\t\t\t\t\t\t<div class=\"elementor-element elementor-element-27ca09f elementor-widget elementor-widget-text-editor\" data-id=\"27ca09f\" data-element_type=\"widget\" data-e-type=\"widget\" data-widget_type=\"text-editor.default\">\n\t\t\t\t<div class=\"elementor-widget-container\">\n\t\t\t\t\t\t\t\t\t<p>Gesundheit wird in Zukunft ein Thema sein, mit dem\u00a0sich die Unternehmen in Deutschland intensiver\u00a0besch\u00e4ftigen m\u00fcssen. Der demographische Wandel und\u00a0die Arbeitsverdichtung f\u00fchren dazu, dass immer mehr\u00a0Mitarbeiter ausfallen. Dabei spielen psychisch bedingte\u00a0Ursachen eine immer gr\u00f6\u00dfer werdende Rolle.\u00a0Betriebliches Gesundheitsmanagement (BGM)\u00a0scheint da auf den ersten Blick das Zauberwort zu sein.\u00a0<br \/><strong>Doch was ist das eigentlich? \u00a0<\/strong>Ersch\u00f6pft es sich mit\u00a0R\u00fcckenschulung und Fitnessgutscheinen?\u00a0BGM ist viel komplexer als es scheint und ist mehr\u00a0Haltung und Kultur eines Unternehmens.\u00a0Drei Begriffe stellen hier den theoretischen Kern*,\u00a0aus dem sich alles ableiten l\u00e4sst: Sozialkapital,\u00a0Humankapital und Kooperation.<\/p><p style=\"text-align: left;\"><span style=\"font-size: 12px;\">\u00a0* <em>Badura, B. (2012), Gute Unternehmensf\u00fchrung \u2013 Sozialkapital, Gesundheit und\u00a0Unternehmensf\u00fchrung, in Wirtschaftspolitische Bl\u00e4tter 1\/2012, (129-139)<\/em><\/span><\/p>\t\t\t\t\t\t\t\t<\/div>\n\t\t\t\t<\/div>\n\t\t\t\t<div class=\"elementor-element elementor-element-73d004b elementor-widget elementor-widget-text-editor\" data-id=\"73d004b\" data-element_type=\"widget\" data-e-type=\"widget\" data-widget_type=\"text-editor.default\">\n\t\t\t\t<div class=\"elementor-widget-container\">\n\t\t\t\t\t\t\t\t\t<p><strong>Zielsetzung<br \/><\/strong>In dem Prozess werden je nach Themenschwerpunkt verschiedene Aspekte des BGMs beleuchtet und erkl\u00e4rbar dargestellt. Dabei werden interaktiv die Aspekte hervorgehoben, die das Unternehmen auf dem jeweiligen Entwicklungsstand ben\u00f6tigt. Diese reichen jeweils von der Sensibilisierung zum Thema bis zur F\u00f6rderung spezieller Themenbereiche wie F\u00fchrung, Kultur- und Ma\u00dfnahmenetablierung sowie Organisationsentwicklungsaspekten.<\/p>\t\t\t\t\t\t\t\t<\/div>\n\t\t\t\t<\/div>\n\t\t\t\t<div class=\"elementor-element elementor-element-b1b8d07 elementor-widget elementor-widget-image\" data-id=\"b1b8d07\" data-element_type=\"widget\" data-e-type=\"widget\" data-widget_type=\"image.default\">\n\t\t\t\t<div class=\"elementor-widget-container\">\n\t\t\t\t\t\t\t\t\t\t\t\t\t\t\t<img fetchpriority=\"high\" decoding=\"async\" width=\"1024\" height=\"478\" src=\"https:\/\/www.jc-training.de\/wp-content\/uploads\/elementor\/thumbs\/xstore-placeholder-r1cjxo183i9w1bct05cxwk27by6xy0jfv6p3mu363s.png\" class=\"attachment-large size-large wp-image-3595 lazyload lazyload-simple et-lazyload-fadeIn\" alt=\"\" sizes=\"(max-width: 1024px) 100vw, 1024px\" data-src=\"https:\/\/www.jc-training.de\/wp-content\/uploads\/2023\/02\/AdobeStock_317626874-1024x478.jpeg\" data-srcset=\"https:\/\/www.jc-training.de\/wp-content\/uploads\/2023\/02\/AdobeStock_317626874-1024x478.jpeg 1024w, https:\/\/www.jc-training.de\/wp-content\/uploads\/2023\/02\/AdobeStock_317626874-scaled-600x280.jpeg 600w, https:\/\/www.jc-training.de\/wp-content\/uploads\/2023\/02\/AdobeStock_317626874-300x140.jpeg 300w, https:\/\/www.jc-training.de\/wp-content\/uploads\/2023\/02\/AdobeStock_317626874-768x359.jpeg 768w, https:\/\/www.jc-training.de\/wp-content\/uploads\/2023\/02\/AdobeStock_317626874-1536x717.jpeg 1536w, https:\/\/www.jc-training.de\/wp-content\/uploads\/2023\/02\/AdobeStock_317626874-2048x956.jpeg 2048w, https:\/\/www.jc-training.de\/wp-content\/uploads\/2023\/02\/AdobeStock_317626874-1320x616.jpeg 1320w, https:\/\/www.jc-training.de\/wp-content\/uploads\/2023\/02\/AdobeStock_317626874-1x1.jpeg 1w, https:\/\/www.jc-training.de\/wp-content\/uploads\/2023\/02\/AdobeStock_317626874-10x5.jpeg 10w\" \/>\t\t\t\t\t\t\t\t\t\t\t\t\t\t\t<\/div>\n\t\t\t\t<\/div>\n\t\t\t\t\t<\/div>\n\t\t<\/div>\n\t\t\t\t<div class=\"elementor-column elementor-col-50 elementor-top-column elementor-element elementor-element-5fe2180\" data-id=\"5fe2180\" data-element_type=\"column\" data-e-type=\"column\">\n\t\t\t<div class=\"elementor-widget-wrap elementor-element-populated\">\n\t\t\t\t\t\t<div class=\"elementor-element elementor-element-f24667d elementor-widget elementor-widget-image\" data-id=\"f24667d\" data-element_type=\"widget\" data-e-type=\"widget\" data-widget_type=\"image.default\">\n\t\t\t\t<div class=\"elementor-widget-container\">\n\t\t\t\t\t\t\t\t\t\t\t\t\t\t\t<img decoding=\"async\" width=\"1024\" height=\"683\" src=\"https:\/\/www.jc-training.de\/wp-content\/uploads\/xstore\/xstore-placeholder-1024x1024.png\" class=\"attachment-large size-large wp-image-3088 lazyload lazyload-simple et-lazyload-fadeIn\" alt=\"\" sizes=\"(max-width: 1024px) 100vw, 1024px\" data-src=\"https:\/\/www.jc-training.de\/wp-content\/uploads\/2022\/08\/AdobeStock_281295944-1024x683.jpeg\" data-srcset=\"https:\/\/www.jc-training.de\/wp-content\/uploads\/2022\/08\/AdobeStock_281295944-1024x683.jpeg 1024w, https:\/\/www.jc-training.de\/wp-content\/uploads\/2022\/08\/AdobeStock_281295944-600x400.jpeg 600w, https:\/\/www.jc-training.de\/wp-content\/uploads\/2022\/08\/AdobeStock_281295944-300x200.jpeg 300w, https:\/\/www.jc-training.de\/wp-content\/uploads\/2022\/08\/AdobeStock_281295944-768x512.jpeg 768w, https:\/\/www.jc-training.de\/wp-content\/uploads\/2022\/08\/AdobeStock_281295944-1536x1025.jpeg 1536w, https:\/\/www.jc-training.de\/wp-content\/uploads\/2022\/08\/AdobeStock_281295944-1x1.jpeg 1w, https:\/\/www.jc-training.de\/wp-content\/uploads\/2022\/08\/AdobeStock_281295944-10x7.jpeg 10w, https:\/\/www.jc-training.de\/wp-content\/uploads\/2022\/08\/AdobeStock_281295944-1320x881.jpeg 1320w, https:\/\/www.jc-training.de\/wp-content\/uploads\/2022\/08\/AdobeStock_281295944.jpeg 1688w\" \/>\t\t\t\t\t\t\t\t\t\t\t\t\t\t\t<\/div>\n\t\t\t\t<\/div>\n\t\t\t\t<div class=\"elementor-element elementor-element-f572960 elementor-widget elementor-widget-text-editor\" data-id=\"f572960\" data-element_type=\"widget\" data-e-type=\"widget\" data-widget_type=\"text-editor.default\">\n\t\t\t\t<div class=\"elementor-widget-container\">\n\t\t\t\t\t\t\t\t\t<p style=\"text-align: left;\"><strong>Zielgruppe<br \/><\/strong>Mitarbeiter in leitender Funktion, Personalverantwortliche, Mitarbeitervertretung, Gesundheitsbeauftragte.<\/p>\t\t\t\t\t\t\t\t<\/div>\n\t\t\t\t<\/div>\n\t\t\t\t<div class=\"elementor-element elementor-element-ca04e50 elementor-widget elementor-widget-text-editor\" data-id=\"ca04e50\" data-element_type=\"widget\" data-e-type=\"widget\" data-widget_type=\"text-editor.default\">\n\t\t\t\t<div class=\"elementor-widget-container\">\n\t\t\t\t\t\t\t\t\t<p><strong>M\u00f6gliche Fragestellungen<\/strong><\/p>\t\t\t\t\t\t\t\t<\/div>\n\t\t\t\t<\/div>\n\t\t\t\t<section class=\"elementor-section elementor-inner-section elementor-element elementor-element-7fbcdda elementor-section-boxed elementor-section-height-default elementor-section-height-default\" data-id=\"7fbcdda\" data-element_type=\"section\" data-e-type=\"section\">\n\t\t\t\t\t\t<div class=\"elementor-container elementor-column-gap-default\">\n\t\t\t\t\t<div class=\"elementor-column elementor-col-100 elementor-inner-column elementor-element elementor-element-e558dae\" data-id=\"e558dae\" data-element_type=\"column\" data-e-type=\"column\">\n\t\t\t<div class=\"elementor-widget-wrap elementor-element-populated\">\n\t\t\t\t\t\t<div class=\"elementor-element elementor-element-5af6ec2 elementor-widget elementor-widget-text-editor\" data-id=\"5af6ec2\" data-element_type=\"widget\" data-e-type=\"widget\" data-widget_type=\"text-editor.default\">\n\t\t\t\t<div class=\"elementor-widget-container\">\n\t\t\t\t\t\t\t\t\t<h5>Welche Ziele verfolgen Sie mit dem Betrieblichen Gesundheitsmanagement?<\/h5><h5>Welche Ma\u00dfnahmen haben Sie bereits im Unternehmen etabliert?<\/h5><h5>Auf welche Themen und Schwerpunkte ist in Ihrer Unternehmung besonders zu achten?<\/h5><h5>Wie schaffe ich die n\u00f6tigen Strukturen?<\/h5><h5>Wie sichere ich Nachhaltigkeit und stetige Optimierung?<\/h5>\t\t\t\t\t\t\t\t<\/div>\n\t\t\t\t<\/div>\n\t\t\t\t\t<\/div>\n\t\t<\/div>\n\t\t\t\t\t<\/div>\n\t\t<\/section>\n\t\t\t\t\t<\/div>\n\t\t<\/div>\n\t\t\t\t\t<\/div>\n\t\t<\/section>\n\t\t\t\t<\/div>","protected":false},"excerpt":{"rendered":"<p>Betriebliches Gesundheitsmanagement Etablierung oder Anpassung in kleinen und mittleren Betrieben Gesundheit wird in Zukunft ein Thema sein, mit dem&nbsp;sich die Unternehmen in Deutschland intensiver&nbsp;besch\u00e4ftigen m\u00fcssen.<\/p>","protected":false},"author":2174,"featured_media":0,"parent":4845,"menu_order":0,"comment_status":"closed","ping_status":"closed","template":"","meta":{"_price":"","_stock":"","_tribe_ticket_header":"","_tribe_default_ticket_provider":"","_tribe_ticket_capacity":"0","_ticket_start_date":"","_ticket_end_date":"","_tribe_ticket_show_description":"","_tribe_ticket_show_not_going":false,"_tribe_ticket_use_global_stock":"","_tribe_ticket_global_stock_level":"","_global_stock_mode":"","_global_stock_cap":"","_tribe_rsvp_for_event":"","_tribe_ticket_going_count":"","_tribe_ticket_not_going_count":"","_tribe_tickets_list":"[]","_tribe_ticket_has_attendee_info_fields":false,"_EventAllDay":false,"_EventTimezone":"","_EventStartDate":"","_EventEndDate":"","_EventStartDateUTC":"","_EventEndDateUTC":"","_EventShowMap":false,"_EventShowMapLink":false,"_EventURL":"","_EventCost":"","_EventCostDescription":"","_EventCurrencySymbol":"","_EventCurrencyCode":"","_EventCurrencyPosition":"","_EventDateTimeSeparator":"","_EventTimeRangeSeparator":"","_EventOrganizerID":[],"_EventVenueID":[],"_OrganizerEmail":"","_OrganizerPhone":"","_OrganizerWebsite":"","_VenueAddress":"","_VenueCity":"","_VenueCountry":"","_VenueProvince":"","_VenueState":"","_VenueZip":"","_VenuePhone":"","_VenueURL":"","_VenueStateProvince":"","_VenueLat":"","_VenueLng":"","_VenueShowMap":false,"_VenueShowMapLink":false,"productId":0,"courseId":0,"footnotes":"","_tec_slr_enabled":"","_tec_slr_layout":""},"class_list":["post-2170","page","type-page","status-publish","hentry"],"ticketed":false,"_links":{"self":[{"href":"https:\/\/www.jc-training.de\/en\/wp-json\/wp\/v2\/pages\/2170","targetHints":{"allow":["GET"]}}],"collection":[{"href":"https:\/\/www.jc-training.de\/en\/wp-json\/wp\/v2\/pages"}],"about":[{"href":"https:\/\/www.jc-training.de\/en\/wp-json\/wp\/v2\/types\/page"}],"author":[{"embeddable":true,"href":"https:\/\/www.jc-training.de\/en\/wp-json\/wp\/v2\/users\/2174"}],"replies":[{"embeddable":true,"href":"https:\/\/www.jc-training.de\/en\/wp-json\/wp\/v2\/comments?post=2170"}],"version-history":[{"count":29,"href":"https:\/\/www.jc-training.de\/en\/wp-json\/wp\/v2\/pages\/2170\/revisions"}],"predecessor-version":[{"id":4862,"href":"https:\/\/www.jc-training.de\/en\/wp-json\/wp\/v2\/pages\/2170\/revisions\/4862"}],"up":[{"embeddable":true,"href":"https:\/\/www.jc-training.de\/en\/wp-json\/wp\/v2\/pages\/4845"}],"wp:attachment":[{"href":"https:\/\/www.jc-training.de\/en\/wp-json\/wp\/v2\/media?parent=2170"}],"curies":[{"name":"wp","href":"https:\/\/api.w.org\/{rel}","templated":true}]}}