{"id":2172,"date":"2021-11-28T05:39:03","date_gmt":"2021-11-28T05:39:03","guid":{"rendered":"https:\/\/www.jc-learning.de\/?page_id=2172"},"modified":"2023-09-01T12:45:10","modified_gmt":"2023-09-01T12:45:10","slug":"teamentwicklung","status":"publish","type":"page","link":"https:\/\/www.jc-training.de\/en\/home-2\/teamentwicklung\/","title":{"rendered":"Teamentwicklung"},"content":{"rendered":"<div data-elementor-type=\"wp-page\" data-elementor-id=\"2172\" class=\"elementor elementor-2172\" data-elementor-post-type=\"page\">\n\t\t\t\t\t\t<section class=\"elementor-section elementor-top-section elementor-element elementor-element-df1f697 elementor-section-boxed elementor-section-height-default elementor-section-height-default\" data-id=\"df1f697\" data-element_type=\"section\" data-e-type=\"section\">\n\t\t\t\t\t\t<div class=\"elementor-container elementor-column-gap-default\">\n\t\t\t\t\t<div class=\"elementor-column elementor-col-100 elementor-top-column elementor-element elementor-element-28ef3a4\" data-id=\"28ef3a4\" data-element_type=\"column\" data-e-type=\"column\">\n\t\t\t<div class=\"elementor-widget-wrap elementor-element-populated\">\n\t\t\t\t\t\t<div class=\"elementor-element elementor-element-0a67016 elementor-widget elementor-widget-heading\" data-id=\"0a67016\" data-element_type=\"widget\" data-e-type=\"widget\" data-widget_type=\"heading.default\">\n\t\t\t\t<div class=\"elementor-widget-container\">\n\t\t\t\t\t<h1 class=\"elementor-heading-title elementor-size-default\">Teamentwicklung<\/h1>\t\t\t\t<\/div>\n\t\t\t\t<\/div>\n\t\t\t\t<div class=\"elementor-element elementor-element-65309fc elementor-widget elementor-widget-heading\" data-id=\"65309fc\" data-element_type=\"widget\" data-e-type=\"widget\" data-widget_type=\"heading.default\">\n\t\t\t\t<div class=\"elementor-widget-container\">\n\t\t\t\t\t<h2 class=\"elementor-heading-title elementor-size-default\">Zusammenarbeit st\u00e4rken<\/h2>\t\t\t\t<\/div>\n\t\t\t\t<\/div>\n\t\t\t\t\t<\/div>\n\t\t<\/div>\n\t\t\t\t\t<\/div>\n\t\t<\/section>\n\t\t\t\t<section class=\"elementor-section elementor-top-section elementor-element elementor-element-8ad1dd0 elementor-section-boxed elementor-section-height-default elementor-section-height-default\" data-id=\"8ad1dd0\" data-element_type=\"section\" data-e-type=\"section\">\n\t\t\t\t\t\t<div class=\"elementor-container elementor-column-gap-default\">\n\t\t\t\t\t<div class=\"elementor-column elementor-col-50 elementor-top-column elementor-element elementor-element-b714d35\" data-id=\"b714d35\" data-element_type=\"column\" data-e-type=\"column\">\n\t\t\t<div class=\"elementor-widget-wrap elementor-element-populated\">\n\t\t\t\t\t\t<div class=\"elementor-element elementor-element-c1c2b62 elementor-widget elementor-widget-text-editor\" data-id=\"c1c2b62\" data-element_type=\"widget\" data-e-type=\"widget\" data-widget_type=\"text-editor.default\">\n\t\t\t\t<div class=\"elementor-widget-container\">\n\t\t\t\t\t\t\t\t\t<p>In vielen Firmen ist ein Team nicht mehr als eine nach fachlichen F\u00e4higkeiten zusammen gestellte Gruppe von Menschen, die ohne Zustimmung miteinander arbeiten m\u00fcssen. Die Folge ist, dass die Reibungen im Alltag dem Erfolg des Teams im Wege stehen. Die Folge sind Reibungsverluste und erheblicher wirtschaftlicher Schaden auf Unternehmensseite. In mehreren Studien hat die Beratungsgesellschaft KPMG festgestellt, dass in Summe der Konfliktkosten in Unternehmen regelm\u00e4\u00dfig 20 Prozent der Personalkosten erreichen. Die Konfliktkosten in Unternehmen m\u00f6glichst gering zu halten, wird angesichts des zunehmenden Wettbewerbs immer wichtiger. Die Entwicklung oder F\u00f6rderung der sozialen Beziehungen in Teams und das Erkennen der Bedeutung klarer Absprachen f\u00fcr den Umgang mit St\u00f6rungen sind die ersten Meilensteine.<\/p><p><strong>Zielgruppe:<\/strong><br \/>Alle Teams \/ Arbeitsgruppen \/ Abteilungen, die Interesse daran haben, das &#8222;Miteinander&#8220; zu erleben und die Effektivit\u00e4t des Teams zu nutzen.<\/p>\t\t\t\t\t\t\t\t<\/div>\n\t\t\t\t<\/div>\n\t\t\t\t<div class=\"elementor-element elementor-element-694ade2 elementor-widget elementor-widget-gallery\" data-id=\"694ade2\" data-element_type=\"widget\" data-e-type=\"widget\" data-settings=\"{&quot;gallery_layout&quot;:&quot;justified&quot;,&quot;ideal_row_height&quot;:{&quot;unit&quot;:&quot;px&quot;,&quot;size&quot;:247,&quot;sizes&quot;:[]},&quot;gap&quot;:{&quot;unit&quot;:&quot;px&quot;,&quot;size&quot;:5,&quot;sizes&quot;:[]},&quot;lazyload&quot;:&quot;yes&quot;,&quot;ideal_row_height_widescreen&quot;:{&quot;unit&quot;:&quot;px&quot;,&quot;size&quot;:&quot;&quot;,&quot;sizes&quot;:[]},&quot;ideal_row_height_tablet&quot;:{&quot;unit&quot;:&quot;px&quot;,&quot;size&quot;:150,&quot;sizes&quot;:[]},&quot;ideal_row_height_mobile&quot;:{&quot;unit&quot;:&quot;px&quot;,&quot;size&quot;:150,&quot;sizes&quot;:[]},&quot;gap_widescreen&quot;:{&quot;unit&quot;:&quot;px&quot;,&quot;size&quot;:&quot;&quot;,&quot;sizes&quot;:[]},&quot;gap_tablet&quot;:{&quot;unit&quot;:&quot;px&quot;,&quot;size&quot;:10,&quot;sizes&quot;:[]},&quot;gap_mobile&quot;:{&quot;unit&quot;:&quot;px&quot;,&quot;size&quot;:10,&quot;sizes&quot;:[]},&quot;overlay_background&quot;:&quot;yes&quot;,&quot;content_hover_animation&quot;:&quot;fade-in&quot;}\" data-widget_type=\"gallery.default\">\n\t\t\t\t<div class=\"elementor-widget-container\">\n\t\t\t\t\t\t\t<div class=\"elementor-gallery__container\">\n\t\t\t\t\t<\/div>\n\t\t\t\t\t<\/div>\n\t\t\t\t<\/div>\n\t\t\t\t\t<\/div>\n\t\t<\/div>\n\t\t\t\t<div class=\"elementor-column elementor-col-50 elementor-top-column elementor-element elementor-element-91eed32\" data-id=\"91eed32\" data-element_type=\"column\" data-e-type=\"column\">\n\t\t\t<div class=\"elementor-widget-wrap elementor-element-populated\">\n\t\t\t\t\t\t<div class=\"elementor-element elementor-element-ea75239 elementor-widget elementor-widget-image\" data-id=\"ea75239\" data-element_type=\"widget\" data-e-type=\"widget\" data-widget_type=\"image.default\">\n\t\t\t\t<div class=\"elementor-widget-container\">\n\t\t\t\t\t\t\t\t\t\t\t\t\t\t\t<img fetchpriority=\"high\" decoding=\"async\" width=\"2048\" height=\"1365\" src=\"https:\/\/www.jc-training.de\/wp-content\/uploads\/elementor\/thumbs\/xstore-placeholder-r1cjxo17bfuxp7mrcqcyt7qgiii6tgjqk9oelfk4o8.png\" class=\"attachment-2048x2048 size-2048x2048 wp-image-3571 lazyload lazyload-simple et-lazyload-fadeIn\" alt=\"\" sizes=\"(max-width: 2048px) 100vw, 2048px\" data-src=\"https:\/\/www.jc-training.de\/wp-content\/uploads\/2023\/02\/AdobeStock_450926812-2048x1365.jpeg\" data-srcset=\"https:\/\/www.jc-training.de\/wp-content\/uploads\/2023\/02\/AdobeStock_450926812-2048x1365.jpeg 2048w, https:\/\/www.jc-training.de\/wp-content\/uploads\/2023\/02\/AdobeStock_450926812-scaled-600x400.jpeg 600w, https:\/\/www.jc-training.de\/wp-content\/uploads\/2023\/02\/AdobeStock_450926812-300x200.jpeg 300w, https:\/\/www.jc-training.de\/wp-content\/uploads\/2023\/02\/AdobeStock_450926812-1024x683.jpeg 1024w, https:\/\/www.jc-training.de\/wp-content\/uploads\/2023\/02\/AdobeStock_450926812-768x512.jpeg 768w, https:\/\/www.jc-training.de\/wp-content\/uploads\/2023\/02\/AdobeStock_450926812-1536x1024.jpeg 1536w, https:\/\/www.jc-training.de\/wp-content\/uploads\/2023\/02\/AdobeStock_450926812-1320x880.jpeg 1320w, https:\/\/www.jc-training.de\/wp-content\/uploads\/2023\/02\/AdobeStock_450926812-1x1.jpeg 1w, https:\/\/www.jc-training.de\/wp-content\/uploads\/2023\/02\/AdobeStock_450926812-10x7.jpeg 10w\" \/>\t\t\t\t\t\t\t\t\t\t\t\t\t\t\t<\/div>\n\t\t\t\t<\/div>\n\t\t\t\t<div class=\"elementor-element elementor-element-21e2867 elementor-widget elementor-widget-text-editor\" data-id=\"21e2867\" data-element_type=\"widget\" data-e-type=\"widget\" data-widget_type=\"text-editor.default\">\n\t\t\t\t<div class=\"elementor-widget-container\">\n\t\t\t\t\t\t\t\t\t<p><strong>Teamentwicklung\u00a0<\/strong><\/p><p>Die Teilnehmenden erleben sich im Spiegelbild der Gruppe und k\u00f6nnen so ihr Eigen- und Fremdbild \u00fcberpr\u00fcfen. Das Potential an F\u00e4higkeiten in einer Gruppe nutzen und zu erfahren, wie durch eigenes Verhalten und das der Gruppenmitglieder der Entwicklungsprozess behindert oder gef\u00f6rdert wird, ist wesentlicher Bestandteil dieses Seminars.<\/p><p>Seminare unter freiem Himmel f\u00f6rdern die Teamentwicklung und bewegen eine Gruppe, aufeinander zuzugehen. Um mit Spa\u00df die pers\u00f6nlichen Grenzen auszutesten, sich auf andere verlassen zu \u00fcben und die Akzeptanz f\u00fcreinander zu erh\u00f6hen werden theoretisches Wissen und Outdoor-Aktivit\u00e4ten miteinander kombiniert.<\/p>\t\t\t\t\t\t\t\t<\/div>\n\t\t\t\t<\/div>\n\t\t\t\t\t<\/div>\n\t\t<\/div>\n\t\t\t\t\t<\/div>\n\t\t<\/section>\n\t\t\t\t<\/div>","protected":false},"excerpt":{"rendered":"<p>Teamentwicklung Zusammenarbeit st\u00e4rken In vielen Firmen ist ein Team nicht mehr als eine nach fachlichen F\u00e4higkeiten zusammen gestellte Gruppe von Menschen, die ohne Zustimmung miteinander<\/p>","protected":false},"author":2174,"featured_media":0,"parent":1851,"menu_order":0,"comment_status":"closed","ping_status":"closed","template":"","meta":{"_price":"","_stock":"","_tribe_ticket_header":"","_tribe_default_ticket_provider":"","_tribe_ticket_capacity":"0","_ticket_start_date":"","_ticket_end_date":"","_tribe_ticket_show_description":"","_tribe_ticket_show_not_going":false,"_tribe_ticket_use_global_stock":"","_tribe_ticket_global_stock_level":"","_global_stock_mode":"","_global_stock_cap":"","_tribe_rsvp_for_event":"","_tribe_ticket_going_count":"","_tribe_ticket_not_going_count":"","_tribe_tickets_list":"[]","_tribe_ticket_has_attendee_info_fields":false,"_EventAllDay":false,"_EventTimezone":"","_EventStartDate":"","_EventEndDate":"","_EventStartDateUTC":"","_EventEndDateUTC":"","_EventShowMap":false,"_EventShowMapLink":false,"_EventURL":"","_EventCost":"","_EventCostDescription":"","_EventCurrencySymbol":"","_EventCurrencyCode":"","_EventCurrencyPosition":"","_EventDateTimeSeparator":"","_EventTimeRangeSeparator":"","_EventOrganizerID":[],"_EventVenueID":[],"_OrganizerEmail":"","_OrganizerPhone":"","_OrganizerWebsite":"","_VenueAddress":"","_VenueCity":"","_VenueCountry":"","_VenueProvince":"","_VenueState":"","_VenueZip":"","_VenuePhone":"","_VenueURL":"","_VenueStateProvince":"","_VenueLat":"","_VenueLng":"","_VenueShowMap":false,"_VenueShowMapLink":false,"productId":0,"courseId":0,"footnotes":"","_tec_slr_enabled":"","_tec_slr_layout":""},"class_list":["post-2172","page","type-page","status-publish","hentry"],"ticketed":false,"_links":{"self":[{"href":"https:\/\/www.jc-training.de\/en\/wp-json\/wp\/v2\/pages\/2172","targetHints":{"allow":["GET"]}}],"collection":[{"href":"https:\/\/www.jc-training.de\/en\/wp-json\/wp\/v2\/pages"}],"about":[{"href":"https:\/\/www.jc-training.de\/en\/wp-json\/wp\/v2\/types\/page"}],"author":[{"embeddable":true,"href":"https:\/\/www.jc-training.de\/en\/wp-json\/wp\/v2\/users\/2174"}],"replies":[{"embeddable":true,"href":"https:\/\/www.jc-training.de\/en\/wp-json\/wp\/v2\/comments?post=2172"}],"version-history":[{"count":19,"href":"https:\/\/www.jc-training.de\/en\/wp-json\/wp\/v2\/pages\/2172\/revisions"}],"predecessor-version":[{"id":3907,"href":"https:\/\/www.jc-training.de\/en\/wp-json\/wp\/v2\/pages\/2172\/revisions\/3907"}],"up":[{"embeddable":true,"href":"https:\/\/www.jc-training.de\/en\/wp-json\/wp\/v2\/pages\/1851"}],"wp:attachment":[{"href":"https:\/\/www.jc-training.de\/en\/wp-json\/wp\/v2\/media?parent=2172"}],"curies":[{"name":"wp","href":"https:\/\/api.w.org\/{rel}","templated":true}]}}