{"id":2606,"date":"2022-05-14T07:51:10","date_gmt":"2022-05-14T07:51:10","guid":{"rendered":"https:\/\/www.jc-training.de\/?page_id=2606"},"modified":"2023-09-01T12:54:53","modified_gmt":"2023-09-01T12:54:53","slug":"seminare","status":"publish","type":"page","link":"https:\/\/www.jc-training.de\/en\/einzelpersonen__trashed\/seminare\/","title":{"rendered":"Seminare"},"content":{"rendered":"<div data-elementor-type=\"wp-page\" data-elementor-id=\"2606\" class=\"elementor elementor-2606\" data-elementor-post-type=\"page\">\n\t\t\t\t\t\t<section class=\"elementor-section elementor-top-section elementor-element elementor-element-d190e7d elementor-section-boxed elementor-section-height-default elementor-section-height-default\" data-id=\"d190e7d\" data-element_type=\"section\" data-e-type=\"section\">\n\t\t\t\t\t\t<div class=\"elementor-container elementor-column-gap-default\">\n\t\t\t\t\t<div class=\"elementor-column elementor-col-100 elementor-top-column elementor-element elementor-element-0fc5559\" data-id=\"0fc5559\" data-element_type=\"column\" data-e-type=\"column\">\n\t\t\t<div class=\"elementor-widget-wrap elementor-element-populated\">\n\t\t\t\t\t\t<div class=\"elementor-element elementor-element-509240c elementor-widget elementor-widget-banner\" data-id=\"509240c\" data-element_type=\"widget\" data-e-type=\"widget\" data-settings=\"{&quot;use_default_tags&quot;:&quot;no&quot;}\" data-widget_type=\"banner.default\">\n\t\t\t\t<div class=\"elementor-widget-container\">\n\t\t\t\t\t        <div id=\"banner-6938\" class=\"banner  banner-type-6 et_image-with-hover et_image-hover-6 valign-middle font-style-dark\" >\n\n\t\t\t\n\t\t\t\t<img fetchpriority=\"high\" decoding=\"async\" width=\"1024\" height=\"307\" src=\"https:\/\/www.jc-training.de\/wp-content\/uploads\/elementor\/thumbs\/xstore-placeholder-r1cjxo19jp0ki711p4k7gu1jib1s4spmz67txvsg2w.png\" data-src=\"https:\/\/www.jc-training.de\/wp-content\/uploads\/2023\/02\/AdobeStock_516954408-1024x307.jpeg\" class=\"lazyload lazyload-simple et-lazyload-fadeIn\" alt=\"\" data-srcset=\"https:\/\/www.jc-training.de\/wp-content\/uploads\/2023\/02\/AdobeStock_516954408-1024x307.jpeg 1024w, https:\/\/www.jc-training.de\/wp-content\/uploads\/2023\/02\/AdobeStock_516954408-scaled-600x180.jpeg 600w, https:\/\/www.jc-training.de\/wp-content\/uploads\/2023\/02\/AdobeStock_516954408-300x90.jpeg 300w, https:\/\/www.jc-training.de\/wp-content\/uploads\/2023\/02\/AdobeStock_516954408-768x230.jpeg 768w, https:\/\/www.jc-training.de\/wp-content\/uploads\/2023\/02\/AdobeStock_516954408-1536x461.jpeg 1536w, https:\/\/www.jc-training.de\/wp-content\/uploads\/2023\/02\/AdobeStock_516954408-2048x614.jpeg 2048w, https:\/\/www.jc-training.de\/wp-content\/uploads\/2023\/02\/AdobeStock_516954408-1320x396.jpeg 1320w, https:\/\/www.jc-training.de\/wp-content\/uploads\/2023\/02\/AdobeStock_516954408-1x1.jpeg 1w, https:\/\/www.jc-training.de\/wp-content\/uploads\/2023\/02\/AdobeStock_516954408-10x3.jpeg 10w\" data-sizes=\"(max-width: 1024px) 100vw, 1024px\" \/>                <div class=\"banner-content\">\n\n\t\t\t\t\t<h1 class=\"banner-title\"><span>Seminare<\/span><\/h1>                    <div class=\"content-inner\">\n\n\t\t\t\t\t\t<p>Qualifikation und Entwicklung<\/p>\n                    <\/div>\n\t\t\t\t\t        <\/div>\n\n\t\t        <\/div>\n\n\t\t\t\t\t\t<\/div>\n\t\t\t\t<\/div>\n\t\t\t\t\t<\/div>\n\t\t<\/div>\n\t\t\t\t\t<\/div>\n\t\t<\/section>\n\t\t\t\t<section class=\"elementor-section elementor-top-section elementor-element elementor-element-2712bf2 elementor-section-boxed elementor-section-height-default elementor-section-height-default\" data-id=\"2712bf2\" data-element_type=\"section\" data-e-type=\"section\">\n\t\t\t\t\t\t<div class=\"elementor-container elementor-column-gap-default\">\n\t\t\t\t\t<div class=\"elementor-column elementor-col-100 elementor-top-column elementor-element elementor-element-392f2a8\" data-id=\"392f2a8\" data-element_type=\"column\" data-e-type=\"column\">\n\t\t\t<div class=\"elementor-widget-wrap elementor-element-populated\">\n\t\t\t\t\t\t<div class=\"elementor-element elementor-element-f5a19fd elementor-align-left elementor-widget elementor-widget-etheme_advanced_headline\" data-id=\"f5a19fd\" data-element_type=\"widget\" data-e-type=\"widget\" data-widget_type=\"etheme_advanced_headline.default\">\n\t\t\t\t<div class=\"elementor-widget-container\">\n\t\t\t\t\t        \n        <div class=\"etheme-a-h-wrapper\">\n        \n            \n\t\t\t\n        <h2 class=\"etheme-advanced-headline etheme-advanced-headline-mask\">\n\n            Seminare & Trainings\n        <\/h2>\n\t\t\n                    \n        <\/div>\n        \n\t\t\t\t\t\t<\/div>\n\t\t\t\t<\/div>\n\t\t\t\t<div class=\"elementor-element elementor-element-0b10fd8 elementor-widget elementor-widget-text-editor\" data-id=\"0b10fd8\" data-element_type=\"widget\" data-e-type=\"widget\" data-widget_type=\"text-editor.default\">\n\t\t\t\t<div class=\"elementor-widget-container\">\n\t\t\t\t\t\t\t\t\t<p>Mit Kompetenz und pers\u00f6nlichem Einsatz f\u00f6rdern Ihre Mitarbeiter das Unternehmen.\u00a0 Unsere Seminare, eLearnings und Zertifikatslehrg\u00e4nge erstrecken sich \u00fcber die Bandbreite von zentralen, betrieblichen Fachthemen wie Personalmanagement oder F\u00fchrungsthemen bis zur F\u00f6rderung der pers\u00f6nlichen und sozialen F\u00e4higkeiten Ihrer Mitarbeiter.<\/p>\t\t\t\t\t\t\t\t<\/div>\n\t\t\t\t<\/div>\n\t\t\t\t\t<\/div>\n\t\t<\/div>\n\t\t\t\t\t<\/div>\n\t\t<\/section>\n\t\t\t\t<section class=\"elementor-section elementor-top-section elementor-element elementor-element-5784a2b elementor-section-boxed elementor-section-height-default elementor-section-height-default\" data-id=\"5784a2b\" data-element_type=\"section\" data-e-type=\"section\">\n\t\t\t\t\t\t<div class=\"elementor-container elementor-column-gap-default\">\n\t\t\t\t\t<div class=\"elementor-column elementor-col-100 elementor-top-column elementor-element elementor-element-45fec1c\" data-id=\"45fec1c\" data-element_type=\"column\" data-e-type=\"column\">\n\t\t\t<div class=\"elementor-widget-wrap elementor-element-populated\">\n\t\t\t\t\t\t<div class=\"elementor-element elementor-element-c08308f elementor-widget elementor-widget-et-custom-products-masonry\" data-id=\"c08308f\" data-element_type=\"widget\" data-e-type=\"widget\" data-widget_type=\"et-custom-products-masonry.default\">\n\t\t\t\t<div class=\"elementor-widget-container\">\n\t\t\t\t\t            <div class=\"etheme-custom-masonry\" data-type=\"1\">\n                                    <div class=\"et-masonry-item grid-1\" data-hover=\"zoom-in\" data-content-hover=\"reveal\"\n                    >\n                                                <a class=\"grid-img\"\n                             href=\"https:\/\/www.jc-training.de\/en\/product\/fuehrungskompetenz\/\"\n                                                        style=\"background-image: url(' https:\/\/www.jc-training.de\/wp-content\/uploads\/2023\/02\/AdobeStock_164972034-1024x683.jpeg ');\"                             >\n                        <\/a>\n                        \n                        <div class=\"info-box\"><div class=\"info-box-inner\"><h2 class=\"item-name\"><a href=\"https:\/\/www.jc-training.de\/en\/product\/fuehrungskompetenz\/\">F\u00fchrungskompetenz<\/a><\/h2><\/div><\/div>                    <\/div>\n                                    <div class=\"et-masonry-item grid-2\" data-hover=\"zoom-in\" data-content-hover=\"reveal\"\n                    >\n                                                <a class=\"grid-img\"\n                             href=\"https:\/\/www.jc-training.de\/en\/product\/kommunikation\/\"\n                                                        style=\"background-image: url(' https:\/\/www.jc-training.de\/wp-content\/uploads\/2023\/06\/AdobeStock_297062511k-1024x683.jpeg ');\"                             >\n                        <\/a>\n                        \n                        <div class=\"info-box\"><div class=\"info-box-inner\"><h2 class=\"item-name\"><a href=\"https:\/\/www.jc-training.de\/en\/product\/kommunikation\/\">Kommunikation &#038; emotionale Kompetenz<\/a><\/h2><\/div><\/div>                    <\/div>\n                                    <div class=\"et-masonry-item grid-3\" data-hover=\"zoom-in\" data-content-hover=\"reveal\"\n                    >\n                                                <a class=\"grid-img\"\n                             href=\"https:\/\/www.jc-training.de\/en\/product\/konfliktkompetenz\/\"\n                                                        style=\"background-image: url(' https:\/\/www.jc-training.de\/wp-content\/uploads\/2023\/06\/AdobeStock_314695870-klein-1024x683.jpg ');\"                             >\n                        <\/a>\n                        \n                        <div class=\"info-box\"><div class=\"info-box-inner\"><h2 class=\"item-name\"><a href=\"https:\/\/www.jc-training.de\/en\/product\/konfliktkompetenz\/\">Konfliktkompetenz<\/a><\/h2><\/div><\/div>                    <\/div>\n                                    <div class=\"et-masonry-item grid-4\" data-hover=\"zoom-in\" data-content-hover=\"reveal\"\n                    >\n                                                <a class=\"grid-img\"\n                             href=\"https:\/\/www.jc-training.de\/en\/product\/moderation\/\"\n                                                        style=\"background-image: url(' https:\/\/www.jc-training.de\/wp-content\/uploads\/2023\/03\/AdobeStock_387722478-1024x683.jpeg ');\"                             >\n                        <\/a>\n                        \n                        <div class=\"info-box\"><div class=\"info-box-inner\"><h2 class=\"item-name\"><a href=\"https:\/\/www.jc-training.de\/en\/product\/moderation\/\">Moderation<\/a><\/h2><\/div><\/div>                    <\/div>\n                                    <div class=\"et-masonry-item grid-5\" data-hover=\"zoom-in\" data-content-hover=\"reveal\"\n                    >\n                                                <a class=\"grid-img\"\n                             href=\"https:\/\/www.jc-training.de\/en\/product\/gruppendynamik\/\"\n                                                        style=\"background-image: url(' https:\/\/www.jc-training.de\/wp-content\/uploads\/2023\/02\/AdobeStock_202169792-klein-scaled-e1685612561633-1024x509.jpg ');\"                             >\n                        <\/a>\n                        \n                        <div class=\"info-box\"><div class=\"info-box-inner\"><h2 class=\"item-name\"><a href=\"https:\/\/www.jc-training.de\/en\/product\/gruppendynamik\/\">Gruppendynamik<\/a><\/h2><\/div><\/div>                    <\/div>\n                            <\/div>\n        \t\t\t\t<\/div>\n\t\t\t\t<\/div>\n\t\t\t\t\t<\/div>\n\t\t<\/div>\n\t\t\t\t\t<\/div>\n\t\t<\/section>\n\t\t\t\t<\/div>","protected":false},"excerpt":{"rendered":"<p>Seminare Qualifikation und Entwicklung Seminare &#038; Trainings Mit Kompetenz und pers\u00f6nlichem Einsatz f\u00f6rdern Ihre Mitarbeiter das Unternehmen.\u00a0 Unsere Seminare, eLearnings und Zertifikatslehrg\u00e4nge erstrecken sich \u00fcber<\/p>","protected":false},"author":2174,"featured_media":0,"parent":83,"menu_order":0,"comment_status":"closed","ping_status":"closed","template":"","meta":{"_price":"","_stock":"","_tribe_ticket_header":"","_tribe_default_ticket_provider":"","_tribe_ticket_capacity":"0","_ticket_start_date":"","_ticket_end_date":"","_tribe_ticket_show_description":"","_tribe_ticket_show_not_going":false,"_tribe_ticket_use_global_stock":"","_tribe_ticket_global_stock_level":"","_global_stock_mode":"","_global_stock_cap":"","_tribe_rsvp_for_event":"","_tribe_ticket_going_count":"","_tribe_ticket_not_going_count":"","_tribe_tickets_list":"[]","_tribe_ticket_has_attendee_info_fields":false,"_EventAllDay":false,"_EventTimezone":"","_EventStartDate":"","_EventEndDate":"","_EventStartDateUTC":"","_EventEndDateUTC":"","_EventShowMap":false,"_EventShowMapLink":false,"_EventURL":"","_EventCost":"","_EventCostDescription":"","_EventCurrencySymbol":"","_EventCurrencyCode":"","_EventCurrencyPosition":"","_EventDateTimeSeparator":"","_EventTimeRangeSeparator":"","_EventOrganizerID":[],"_EventVenueID":[],"_OrganizerEmail":"","_OrganizerPhone":"","_OrganizerWebsite":"","_VenueAddress":"","_VenueCity":"","_VenueCountry":"","_VenueProvince":"","_VenueState":"","_VenueZip":"","_VenuePhone":"","_VenueURL":"","_VenueStateProvince":"","_VenueLat":"","_VenueLng":"","_VenueShowMap":false,"_VenueShowMapLink":false,"productId":0,"courseId":0,"footnotes":"","_tec_slr_enabled":"","_tec_slr_layout":""},"class_list":["post-2606","page","type-page","status-publish","hentry"],"ticketed":false,"_links":{"self":[{"href":"https:\/\/www.jc-training.de\/en\/wp-json\/wp\/v2\/pages\/2606","targetHints":{"allow":["GET"]}}],"collection":[{"href":"https:\/\/www.jc-training.de\/en\/wp-json\/wp\/v2\/pages"}],"about":[{"href":"https:\/\/www.jc-training.de\/en\/wp-json\/wp\/v2\/types\/page"}],"author":[{"embeddable":true,"href":"https:\/\/www.jc-training.de\/en\/wp-json\/wp\/v2\/users\/2174"}],"replies":[{"embeddable":true,"href":"https:\/\/www.jc-training.de\/en\/wp-json\/wp\/v2\/comments?post=2606"}],"version-history":[{"count":22,"href":"https:\/\/www.jc-training.de\/en\/wp-json\/wp\/v2\/pages\/2606\/revisions"}],"predecessor-version":[{"id":5146,"href":"https:\/\/www.jc-training.de\/en\/wp-json\/wp\/v2\/pages\/2606\/revisions\/5146"}],"up":[{"embeddable":true,"href":"https:\/\/www.jc-training.de\/en\/wp-json\/wp\/v2\/pages\/83"}],"wp:attachment":[{"href":"https:\/\/www.jc-training.de\/en\/wp-json\/wp\/v2\/media?parent=2606"}],"curies":[{"name":"wp","href":"https:\/\/api.w.org\/{rel}","templated":true}]}}