{"id":2608,"date":"2022-05-14T07:51:58","date_gmt":"2022-05-14T07:51:58","guid":{"rendered":"https:\/\/www.jc-training.de\/?page_id=2608"},"modified":"2023-09-01T12:56:39","modified_gmt":"2023-09-01T12:56:39","slug":"e-learning","status":"publish","type":"page","link":"https:\/\/www.jc-training.de\/en\/e-learning\/","title":{"rendered":"E-Learning"},"content":{"rendered":"\t\t<div data-elementor-type=\"wp-page\" data-elementor-id=\"2608\" class=\"elementor elementor-2608\" data-elementor-post-type=\"page\">\n\t\t\t\t\t\t<section class=\"elementor-section elementor-top-section elementor-element elementor-element-b80d415 elementor-section-boxed elementor-section-height-default elementor-section-height-default\" data-id=\"b80d415\" data-element_type=\"section\" data-e-type=\"section\">\n\t\t\t\t\t\t<div class=\"elementor-container elementor-column-gap-default\">\n\t\t\t\t\t<div class=\"elementor-column elementor-col-100 elementor-top-column elementor-element elementor-element-65d06e5\" data-id=\"65d06e5\" data-element_type=\"column\" data-e-type=\"column\">\n\t\t\t<div class=\"elementor-widget-wrap elementor-element-populated\">\n\t\t\t\t\t\t<div class=\"elementor-element elementor-element-caa31e2 elementor-widget elementor-widget-banner\" data-id=\"caa31e2\" data-element_type=\"widget\" data-e-type=\"widget\" data-settings=\"{&quot;use_default_tags&quot;:&quot;no&quot;}\" data-widget_type=\"banner.default\">\n\t\t\t\t<div class=\"elementor-widget-container\">\n\t\t\t\t\t        <div id=\"banner-6823\" class=\"banner  banner-type-6 et_image-with-hover et_image-hover-6 valign-bottom font-style-dark no-titles\" >\n\n\t\t\t\n\t\t\t\t<img fetchpriority=\"high\" decoding=\"async\" width=\"1024\" height=\"437\" src=\"https:\/\/www.jc-training.de\/wp-content\/uploads\/elementor\/thumbs\/xstore-placeholder-r1cjxo18ca129lip0psomcnvgncff6sciuikgivmaw.png\" data-src=\"https:\/\/www.jc-training.de\/wp-content\/uploads\/2023\/02\/AdobeStock_135122703-1024x437.jpeg\" class=\" lazyload lazyload-simple et-lazyload-fadeIn\" alt=\"\" src=\"https:\/\/www.jc-training.de\/wp-content\/uploads\/elementor\/thumbs\/xstore-placeholder-r1cjxo18ca129lip0psomcnvgncff6sciuikgivmaw.png\" data-srcset=\"https:\/\/www.jc-training.de\/wp-content\/uploads\/2023\/02\/AdobeStock_135122703-1024x437.jpeg 1024w, https:\/\/www.jc-training.de\/wp-content\/uploads\/2023\/02\/AdobeStock_135122703-scaled-600x256.jpeg 600w, https:\/\/www.jc-training.de\/wp-content\/uploads\/2023\/02\/AdobeStock_135122703-300x128.jpeg 300w, https:\/\/www.jc-training.de\/wp-content\/uploads\/2023\/02\/AdobeStock_135122703-768x328.jpeg 768w, https:\/\/www.jc-training.de\/wp-content\/uploads\/2023\/02\/AdobeStock_135122703-1536x656.jpeg 1536w, https:\/\/www.jc-training.de\/wp-content\/uploads\/2023\/02\/AdobeStock_135122703-2048x874.jpeg 2048w, https:\/\/www.jc-training.de\/wp-content\/uploads\/2023\/02\/AdobeStock_135122703-1320x564.jpeg 1320w, https:\/\/www.jc-training.de\/wp-content\/uploads\/2023\/02\/AdobeStock_135122703-1x1.jpeg 1w, https:\/\/www.jc-training.de\/wp-content\/uploads\/2023\/02\/AdobeStock_135122703-10x4.jpeg 10w\" data-sizes=\"(max-width: 1024px) 100vw, 1024px\" \/>                <div class=\"banner-content \">\n\n\t\t\t\t\t                    <div class=\"content-inner\">\n\n\t\t\t\t\t\t<p>Flexibel &amp; nachhaltig<\/p>\n                    <\/div>\n\t\t\t\t\t        <\/div>\n\n\t\t        <\/div>\n\n\t\t\t\t\t\t<\/div>\n\t\t\t\t<\/div>\n\t\t\t\t\t<\/div>\n\t\t<\/div>\n\t\t\t\t\t<\/div>\n\t\t<\/section>\n\t\t\t\t<section class=\"elementor-section elementor-top-section elementor-element elementor-element-2487f50 elementor-section-boxed elementor-section-height-default elementor-section-height-default\" data-id=\"2487f50\" data-element_type=\"section\" data-e-type=\"section\">\n\t\t\t\t\t\t<div class=\"elementor-container elementor-column-gap-default\">\n\t\t\t\t\t<div class=\"elementor-column elementor-col-100 elementor-top-column elementor-element elementor-element-ac2cd16\" data-id=\"ac2cd16\" data-element_type=\"column\" data-e-type=\"column\">\n\t\t\t<div class=\"elementor-widget-wrap elementor-element-populated\">\n\t\t\t\t\t\t<div class=\"elementor-element elementor-element-32e7917 elementor-align-left elementor-widget elementor-widget-etheme_advanced_headline\" data-id=\"32e7917\" data-element_type=\"widget\" data-e-type=\"widget\" data-widget_type=\"etheme_advanced_headline.default\">\n\t\t\t\t<div class=\"elementor-widget-container\">\n\t\t\t\t\t        \n        <div class=\"etheme-a-h-wrapper\">\n        \n            \n\t\t\t\n        <h2 class=\"etheme-advanced-headline etheme-advanced-headline-mask\">\n\n            eLearning\n        <\/h2>\n\t\t\n                    \n        <\/div>\n        \n\t\t\t\t\t\t<\/div>\n\t\t\t\t<\/div>\n\t\t\t\t<div class=\"elementor-element elementor-element-599edd8 elementor-widget elementor-widget-text-editor\" data-id=\"599edd8\" data-element_type=\"widget\" data-e-type=\"widget\" data-widget_type=\"text-editor.default\">\n\t\t\t\t<div class=\"elementor-widget-container\">\n\t\t\t\t\t\t\t\t\t<p>Sie sind auf der Suche nach E-Learning f\u00fcr sich selbst, f\u00fcr Mitarbeiter oder das gesamte Unternehmen? Wir Ihnen \u00fcber eLearning-Kurse zu unterschiedlichen betrieblichen Themen. Unser digitales Lernangebot ist abwechslungsreich und didaktisch hochwertig aufbereitet und sorgt damit, bei h\u00f6chster Flexiblitit\u00e4t f\u00fcr die Lernenden, f\u00fcr einen nachhaltigen Lernerfolg.<\/p>\t\t\t\t\t\t\t\t<\/div>\n\t\t\t\t<\/div>\n\t\t\t\t\t<\/div>\n\t\t<\/div>\n\t\t\t\t\t<\/div>\n\t\t<\/section>\n\t\t\t\t<section class=\"elementor-section elementor-top-section elementor-element elementor-element-f73af97 elementor-section-boxed elementor-section-height-default elementor-section-height-default\" data-id=\"f73af97\" data-element_type=\"section\" data-e-type=\"section\">\n\t\t\t\t\t\t<div class=\"elementor-container elementor-column-gap-default\">\n\t\t\t\t\t<div class=\"elementor-column elementor-col-100 elementor-top-column elementor-element elementor-element-d3c01fd\" data-id=\"d3c01fd\" data-element_type=\"column\" data-e-type=\"column\">\n\t\t\t<div class=\"elementor-widget-wrap elementor-element-populated\">\n\t\t\t\t\t\t<div class=\"elementor-element elementor-element-f7970ed elementor-widget-divider--view-line elementor-widget elementor-widget-divider\" data-id=\"f7970ed\" data-element_type=\"widget\" data-e-type=\"widget\" data-widget_type=\"divider.default\">\n\t\t\t\t<div class=\"elementor-widget-container\">\n\t\t\t\t\t\t\t<div class=\"elementor-divider\">\n\t\t\t<span class=\"elementor-divider-separator\">\n\t\t\t\t\t\t<\/span>\n\t\t<\/div>\n\t\t\t\t\t\t<\/div>\n\t\t\t\t<\/div>\n\t\t\t\t\t<\/div>\n\t\t<\/div>\n\t\t\t\t\t<\/div>\n\t\t<\/section>\n\t\t\t\t<section class=\"elementor-section elementor-top-section elementor-element elementor-element-38b1bda elementor-section-boxed elementor-section-height-default elementor-section-height-default\" data-id=\"38b1bda\" data-element_type=\"section\" data-e-type=\"section\">\n\t\t\t\t\t\t<div class=\"elementor-container elementor-column-gap-default\">\n\t\t\t\t\t<div class=\"elementor-column elementor-col-100 elementor-top-column elementor-element elementor-element-82ae687\" data-id=\"82ae687\" data-element_type=\"column\" data-e-type=\"column\">\n\t\t\t<div class=\"elementor-widget-wrap elementor-element-populated\">\n\t\t\t\t\t\t<div class=\"elementor-element elementor-element-800e3c7 elementor-widget elementor-widget-heading\" data-id=\"800e3c7\" data-element_type=\"widget\" data-e-type=\"widget\" data-widget_type=\"heading.default\">\n\t\t\t\t<div class=\"elementor-widget-container\">\n\t\t\t\t\t<h1 class=\"elementor-heading-title elementor-size-default\">Pr\u00e4vention \"Gl\u00fccksspiel\"<\/h1>\t\t\t\t<\/div>\n\t\t\t\t<\/div>\n\t\t\t\t<div class=\"elementor-element elementor-element-56b160a elementor-widget elementor-widget-heading\" data-id=\"56b160a\" data-element_type=\"widget\" data-e-type=\"widget\" data-widget_type=\"heading.default\">\n\t\t\t\t<div class=\"elementor-widget-container\">\n\t\t\t\t\t<h2 class=\"elementor-heading-title elementor-size-default\">Qualifizierungsma\u00dfnahme f\u00fcr Besch\u00e4ftigte und Inhaber von Spielhallen und  Gastst\u00e4tten mit Geldspielger\u00e4ten sowie von Sportwettvermittlungsstellen nach \u00a76 Gl\u00fccksspielstaatsvertrag  (01.Juli 2021)<\/h2>\t\t\t\t<\/div>\n\t\t\t\t<\/div>\n\t\t\t\t\t<\/div>\n\t\t<\/div>\n\t\t\t\t\t<\/div>\n\t\t<\/section>\n\t\t\t\t<section class=\"elementor-section elementor-top-section elementor-element elementor-element-89991f4 elementor-section-boxed elementor-section-height-default elementor-section-height-default\" data-id=\"89991f4\" data-element_type=\"section\" data-e-type=\"section\">\n\t\t\t\t\t\t<div class=\"elementor-container elementor-column-gap-default\">\n\t\t\t\t\t<div class=\"elementor-column elementor-col-100 elementor-top-column elementor-element elementor-element-da65912\" data-id=\"da65912\" data-element_type=\"column\" data-e-type=\"column\">\n\t\t\t<div class=\"elementor-widget-wrap elementor-element-populated\">\n\t\t\t\t\t\t<div class=\"elementor-element elementor-element-2b81fa3 elementor-widget elementor-widget-text-editor\" data-id=\"2b81fa3\" data-element_type=\"widget\" data-e-type=\"widget\" data-widget_type=\"text-editor.default\">\n\t\t\t\t<div class=\"elementor-widget-container\">\n\t\t\t\t\t\t\t\t\t<p>Erhalten Sie ein gutes Verst\u00e4ndnis f\u00fcr Pathologisches Spielen und lernen Sie, wie Sie schwierige Situationen meistern und Betroffenen helfen k\u00f6nnen. Unsere Kurse vermitteln Wissen und Verstehen zu Sucht, Spielsucht, Hilfesystemen und rechtlichen Grundlagen zum Spielerschutz.<\/p><p>Eine Lernzielkontrolle am Ende des Kurses zeigt Ihnen direkt Ihren Wissensstand.<\/p>\t\t\t\t\t\t\t\t<\/div>\n\t\t\t\t<\/div>\n\t\t\t\t\t<\/div>\n\t\t<\/div>\n\t\t\t\t\t<\/div>\n\t\t<\/section>\n\t\t\t\t<section class=\"elementor-section elementor-top-section elementor-element elementor-element-42fddc8 elementor-section-boxed elementor-section-height-default elementor-section-height-default\" data-id=\"42fddc8\" data-element_type=\"section\" data-e-type=\"section\">\n\t\t\t\t\t\t<div class=\"elementor-container elementor-column-gap-default\">\n\t\t\t\t\t<div class=\"elementor-column elementor-col-100 elementor-top-column elementor-element elementor-element-e91cdc8\" data-id=\"e91cdc8\" data-element_type=\"column\" data-e-type=\"column\">\n\t\t\t<div class=\"elementor-widget-wrap elementor-element-populated\">\n\t\t\t\t\t\t<div class=\"elementor-element elementor-element-e618db7 elementor-widget elementor-widget-etheme_product_carousel\" data-id=\"e618db7\" data-element_type=\"widget\" data-e-type=\"widget\" data-settings=\"{&quot;slides_per_view&quot;:4,&quot;space_between&quot;:{&quot;unit&quot;:&quot;px&quot;,&quot;size&quot;:20,&quot;sizes&quot;:[]},&quot;space_between_widescreen&quot;:{&quot;unit&quot;:&quot;px&quot;,&quot;size&quot;:&quot;&quot;,&quot;sizes&quot;:[]},&quot;space_between_tablet&quot;:{&quot;unit&quot;:&quot;px&quot;,&quot;size&quot;:&quot;&quot;,&quot;sizes&quot;:[]},&quot;space_between_mobile&quot;:{&quot;unit&quot;:&quot;px&quot;,&quot;size&quot;:&quot;&quot;,&quot;sizes&quot;:[]},&quot;loop&quot;:&quot;yes&quot;,&quot;navigation&quot;:&quot;arrows&quot;}\" data-widget_type=\"etheme_product_carousel.default\">\n\t\t\t\t<div class=\"elementor-widget-container\">\n\t\t\t\t\t                <div class=\"etheme-elementor-swiper-entry swiper-entry middle-inbox arrows-hover\">\n                    <div class=\"swiper etheme-elementor-slider\" dir=\"ltr\">\n                        <div class=\"swiper-wrapper\">\n                            <div class=\"swiper-slide\">        \n        <div class=\"etheme-product-grid-item etheme-product-hover-mask3 etheme-product-hover-mode-white product type-product post-6214 status-publish first instock product_cat-elearning-gluecksspielsuchtpraevention product_cat-gluecksspielsuchtpraevention product_cat-spielhallenundgaststaetten product_tag-elearning product_tag-erstschulung product_tag-gaststaetten product_tag-geldspielgeraet product_tag-gluecksspiel product_tag-gluecksspielsucht product_tag-gluestv product_tag-online-schulung product_tag-pathologisches-spielen product_tag-praeventionsschulung product_tag-rheinland-pfalz product_tag-rlp product_tag-sozialkonzept product_tag-spielerschutz product_tag-spielerschutzschulung product_tag-spielhallen product_tag-spielsucht has-post-thumbnail featured downloadable virtual taxable purchasable product-type-simple\">\n        \n        <div class=\"etheme-product-grid-image\"><a href=\"https:\/\/www.jc-training.de\/en\/product\/erstschulung-spielhallen-und-gaststaetten-rheinland-pfalz-2025\/\"><img decoding=\"async\" width=\"300\" height=\"300\" src=\"https:\/\/www.jc-training.de\/wp-content\/uploads\/xstore\/xstore-placeholder-1x1.png\" class=\"attachment-woocommerce_thumbnail size-woocommerce_thumbnail lazyload lazyload-simple et-lazyload-fadeIn\" alt=\"Erstschulung - Spielhallen und Gastst\u00e4tten - Rheinland-Pfalz [Digital]\" sizes=\"(max-width: 300px) 100vw, 300px\" data-src=\"https:\/\/www.jc-training.de\/wp-content\/uploads\/2023\/05\/AdobeStock_190685093-eLearning-300x300.png\" data-srcset=\"https:\/\/www.jc-training.de\/wp-content\/uploads\/2023\/05\/AdobeStock_190685093-eLearning-300x300.png 300w, https:\/\/www.jc-training.de\/wp-content\/uploads\/2023\/05\/AdobeStock_190685093-eLearning-100x100.png 100w, https:\/\/www.jc-training.de\/wp-content\/uploads\/2023\/05\/AdobeStock_190685093-eLearning-150x150.png 150w, https:\/\/www.jc-training.de\/wp-content\/uploads\/2023\/05\/AdobeStock_190685093-eLearning-1x1.png 1w\" \/><\/a>                         <footer>\n                             <div class=\"footer-inner\"><a href=\"\/en\/wp-json\/wp\/v2\/pages\/2608?add-to-cart=6214\" aria-describedby=\"woocommerce_loop_add_to_cart_link_describedby_6214\" data-quantity=\"1\" class=\"button product_type_simple add_to_cart_button ajax_add_to_cart\" data-product_id=\"6214\" data-product_sku=\"\" aria-label=\"In den Warenkorb legen: \u201eErstschulung - Spielhallen und Gastst\u00e4tten - Rheinland-Pfalz [Digital]\u201c\" rel=\"nofollow\" data-success_message=\"\u201eErstschulung - Spielhallen und Gastst\u00e4tten - Rheinland-Pfalz [Digital]\u201c wurde deinem Warenkorb hinzugef\u00fcgt\" data-product_name=\"Erstschulung - Spielhallen und Gastst\u00e4tten - Rheinland-Pfalz [Digital]\" role=\"button\"><svg fill=\"currentColor\" xmlns=\"http:\/\/www.w3.org\/2000\/svg\" width=\"1em\" height=\"1em\" viewBox=\"0 0 24 24\">\n<path d=\"M23.76 4.248c-0.096-0.096-0.24-0.24-0.504-0.24h-18.48l-0.48-2.4c-0.024-0.288-0.384-0.528-0.624-0.528h-2.952c-0.384 0-0.624 0.264-0.624 0.624s0.264 0.648 0.624 0.648h2.424l2.328 11.832c0.312 1.608 1.848 2.856 3.48 2.856h11.28c0.384 0 0.624-0.264 0.624-0.624s-0.264-0.624-0.624-0.624h-11.16c-0.696 0-1.344-0.312-1.704-0.816l14.064-1.92c0.264 0 0.528-0.24 0.528-0.528l1.968-7.824v-0.024c-0.024-0.048-0.024-0.288-0.168-0.432zM22.392 5.184l-1.608 6.696-14.064 1.824-1.704-8.52h17.376zM8.568 17.736c-1.464 0-2.592 1.128-2.592 2.592s1.128 2.592 2.592 2.592c1.464 0 2.592-1.128 2.592-2.592s-1.128-2.592-2.592-2.592zM9.888 20.328c0 0.696-0.624 1.32-1.32 1.32s-1.32-0.624-1.32-1.32 0.624-1.32 1.32-1.32 1.32 0.624 1.32 1.32zM18.36 17.736c-1.464 0-2.592 1.128-2.592 2.592s1.128 2.592 2.592 2.592c1.464 0 2.592-1.128 2.592-2.592s-1.128-2.592-2.592-2.592zM19.704 20.328c0 0.696-0.624 1.32-1.32 1.32s-1.344-0.6-1.344-1.32 0.624-1.32 1.32-1.32 1.344 0.624 1.344 1.32z\"><\/path>\n<\/svg><\/a>\t<span id=\"woocommerce_loop_add_to_cart_link_describedby_6214\" class=\"screen-reader-text\">\n\t\t\t<\/span>\n<\/div>                         <\/footer>\n                 <\/div><div class=\"etheme-product-grid-content\"><div class=\"etheme-product-grid-categories\"><a href=\"https:\/\/www.jc-training.de\/en\/product-category\/gluecksspielsuchtpraevention\/\" rel=\"tag\">Gl\u00fccksspielsuchtpr\u00e4vention<\/a><\/span><\/div><h2 class=\"woocommerce-loop-product__title etheme-product-grid-title\"><a href=\"https:\/\/www.jc-training.de\/en\/product\/erstschulung-spielhallen-und-gaststaetten-rheinland-pfalz-2025\/\">Erstschulung &#8211; Spielhallen und Gastst\u00e4tten &#8211; Rheinland-Pfalz<\/a><\/h2><div class=\"star-rating-wrapper\"><\/div>\n\t<span class=\"price\"><span class=\"woocommerce-Price-amount amount\"><bdi>59,00&nbsp;<span class=\"woocommerce-Price-currencySymbol\">&euro;<\/span><\/bdi><\/span> <small class=\"woocommerce-price-suffix\">zzgl. MwSt.<\/small><\/span>\n<\/div>        <\/div>\n        <\/div><div class=\"swiper-slide\">        \n        <div class=\"etheme-product-grid-item etheme-product-hover-mask3 etheme-product-hover-mode-white product type-product post-6277 status-publish instock product_cat-elearning-gluecksspielsuchtpraevention product_cat-gluecksspielsuchtpraevention product_cat-spielhallenundgaststaetten product_tag-elearning product_tag-gaststaetten product_tag-geldspielgeraet product_tag-gluecksspiel product_tag-gluecksspielsucht product_tag-gluestv product_tag-online-schulung product_tag-pathologisches-spielen product_tag-praeventionsschulung product_tag-rheinland-pfalz product_tag-rlp product_tag-sozialkonzept product_tag-spielerschutz product_tag-spielerschutzschulung product_tag-spielhallen product_tag-spielsucht product_tag-wiederholungsschulung has-post-thumbnail featured downloadable virtual taxable purchasable product-type-simple\">\n        \n        <div class=\"etheme-product-grid-image\"><a href=\"https:\/\/www.jc-training.de\/en\/product\/wiederholungsschulung-spielhallen-und-gaststaetten-rheinland-pfalz\/\"><img decoding=\"async\" width=\"300\" height=\"300\" src=\"https:\/\/www.jc-training.de\/wp-content\/uploads\/xstore\/xstore-placeholder-1x1.png\" class=\"attachment-woocommerce_thumbnail size-woocommerce_thumbnail lazyload lazyload-simple et-lazyload-fadeIn\" alt=\"Wiederholungsschulung - Spielhallen und Gastst\u00e4tten - Rheinland-Pfalz [Digital]\" sizes=\"(max-width: 300px) 100vw, 300px\" data-src=\"https:\/\/www.jc-training.de\/wp-content\/uploads\/2023\/05\/AdobeStock_190685093-eLearning-300x300.png\" data-srcset=\"https:\/\/www.jc-training.de\/wp-content\/uploads\/2023\/05\/AdobeStock_190685093-eLearning-300x300.png 300w, https:\/\/www.jc-training.de\/wp-content\/uploads\/2023\/05\/AdobeStock_190685093-eLearning-100x100.png 100w, https:\/\/www.jc-training.de\/wp-content\/uploads\/2023\/05\/AdobeStock_190685093-eLearning-150x150.png 150w, https:\/\/www.jc-training.de\/wp-content\/uploads\/2023\/05\/AdobeStock_190685093-eLearning-1x1.png 1w\" \/><\/a>                         <footer>\n                             <div class=\"footer-inner\"><a href=\"\/en\/wp-json\/wp\/v2\/pages\/2608?add-to-cart=6277\" aria-describedby=\"woocommerce_loop_add_to_cart_link_describedby_6277\" data-quantity=\"1\" class=\"button product_type_simple add_to_cart_button ajax_add_to_cart\" data-product_id=\"6277\" data-product_sku=\"\" aria-label=\"In den Warenkorb legen: \u201eWiederholungsschulung - Spielhallen und Gastst\u00e4tten - Rheinland-Pfalz [Digital]\u201c\" rel=\"nofollow\" data-success_message=\"\u201eWiederholungsschulung - Spielhallen und Gastst\u00e4tten - Rheinland-Pfalz [Digital]\u201c wurde deinem Warenkorb hinzugef\u00fcgt\" data-product_name=\"Wiederholungsschulung - Spielhallen und Gastst\u00e4tten - Rheinland-Pfalz [Digital]\" role=\"button\"><svg fill=\"currentColor\" xmlns=\"http:\/\/www.w3.org\/2000\/svg\" width=\"1em\" height=\"1em\" viewBox=\"0 0 24 24\">\n<path d=\"M23.76 4.248c-0.096-0.096-0.24-0.24-0.504-0.24h-18.48l-0.48-2.4c-0.024-0.288-0.384-0.528-0.624-0.528h-2.952c-0.384 0-0.624 0.264-0.624 0.624s0.264 0.648 0.624 0.648h2.424l2.328 11.832c0.312 1.608 1.848 2.856 3.48 2.856h11.28c0.384 0 0.624-0.264 0.624-0.624s-0.264-0.624-0.624-0.624h-11.16c-0.696 0-1.344-0.312-1.704-0.816l14.064-1.92c0.264 0 0.528-0.24 0.528-0.528l1.968-7.824v-0.024c-0.024-0.048-0.024-0.288-0.168-0.432zM22.392 5.184l-1.608 6.696-14.064 1.824-1.704-8.52h17.376zM8.568 17.736c-1.464 0-2.592 1.128-2.592 2.592s1.128 2.592 2.592 2.592c1.464 0 2.592-1.128 2.592-2.592s-1.128-2.592-2.592-2.592zM9.888 20.328c0 0.696-0.624 1.32-1.32 1.32s-1.32-0.624-1.32-1.32 0.624-1.32 1.32-1.32 1.32 0.624 1.32 1.32zM18.36 17.736c-1.464 0-2.592 1.128-2.592 2.592s1.128 2.592 2.592 2.592c1.464 0 2.592-1.128 2.592-2.592s-1.128-2.592-2.592-2.592zM19.704 20.328c0 0.696-0.624 1.32-1.32 1.32s-1.344-0.6-1.344-1.32 0.624-1.32 1.32-1.32 1.344 0.624 1.344 1.32z\"><\/path>\n<\/svg><\/a>\t<span id=\"woocommerce_loop_add_to_cart_link_describedby_6277\" class=\"screen-reader-text\">\n\t\t\t<\/span>\n<\/div>                         <\/footer>\n                 <\/div><div class=\"etheme-product-grid-content\"><div class=\"etheme-product-grid-categories\"><a href=\"https:\/\/www.jc-training.de\/en\/product-category\/gluecksspielsuchtpraevention\/\" rel=\"tag\">Gl\u00fccksspielsuchtpr\u00e4vention<\/a><\/span><\/div><h2 class=\"woocommerce-loop-product__title etheme-product-grid-title\"><a href=\"https:\/\/www.jc-training.de\/en\/product\/wiederholungsschulung-spielhallen-und-gaststaetten-rheinland-pfalz\/\">Wiederholungsschulung &#8211; Spielhallen und Gastst\u00e4tten &#8211; Rheinland-Pfalz<\/a><\/h2><div class=\"star-rating-wrapper\"><\/div>\n\t<span class=\"price\"><span class=\"woocommerce-Price-amount amount\"><bdi>59,00&nbsp;<span class=\"woocommerce-Price-currencySymbol\">&euro;<\/span><\/bdi><\/span> <small class=\"woocommerce-price-suffix\">zzgl. MwSt.<\/small><\/span>\n<\/div>        <\/div>\n        <\/div>                        <\/div>\n                        \n                        \t\t<div class=\"swiper-button-prev swiper-custom-left et-swiper-elementor-nav type-arrow style-4\"><\/div>\n\t\t<div class=\"swiper-button-next swiper-custom-right et-swiper-elementor-nav type-arrow style-4\"><\/div>\n\t\t                    <\/div>\n                                    <\/div>\n                    \t\t\t\t<\/div>\n\t\t\t\t<\/div>\n\t\t\t\t\t<\/div>\n\t\t<\/div>\n\t\t\t\t\t<\/div>\n\t\t<\/section>\n\t\t\t\t<\/div>\n\t\t","protected":false},"excerpt":{"rendered":"<p>Flexibel &amp; nachhaltig eLearning Sie sind auf der Suche nach E-Learning f\u00fcr sich selbst, f\u00fcr Mitarbeiter oder das gesamte Unternehmen? Wir Ihnen \u00fcber eLearning-Kurse zu<\/p>","protected":false},"author":2174,"featured_media":0,"parent":0,"menu_order":0,"comment_status":"closed","ping_status":"closed","template":"","meta":{"_price":"","_stock":"","_tribe_ticket_header":"","_tribe_default_ticket_provider":"","_tribe_ticket_capacity":"0","_ticket_start_date":"","_ticket_end_date":"","_tribe_ticket_show_description":"","_tribe_ticket_show_not_going":false,"_tribe_ticket_use_global_stock":"","_tribe_ticket_global_stock_level":"","_global_stock_mode":"","_global_stock_cap":"","_tribe_rsvp_for_event":"","_tribe_ticket_going_count":"","_tribe_ticket_not_going_count":"","_tribe_tickets_list":"[]","_tribe_ticket_has_attendee_info_fields":false,"_EventAllDay":false,"_EventTimezone":"","_EventStartDate":"","_EventEndDate":"","_EventStartDateUTC":"","_EventEndDateUTC":"","_EventShowMap":false,"_EventShowMapLink":false,"_EventURL":"","_EventCost":"","_EventCostDescription":"","_EventCurrencySymbol":"","_EventCurrencyCode":"","_EventCurrencyPosition":"","_EventDateTimeSeparator":"","_EventTimeRangeSeparator":"","_EventOrganizerID":[],"_EventVenueID":[],"_OrganizerEmail":"","_OrganizerPhone":"","_OrganizerWebsite":"","_VenueAddress":"","_VenueCity":"","_VenueCountry":"","_VenueProvince":"","_VenueState":"","_VenueZip":"","_VenuePhone":"","_VenueURL":"","_VenueStateProvince":"","_VenueLat":"","_VenueLng":"","_VenueShowMap":false,"_VenueShowMapLink":false,"productId":0,"courseId":0,"footnotes":"","_tec_slr_enabled":"","_tec_slr_layout":""},"class_list":["post-2608","page","type-page","status-publish","hentry"],"ticketed":false,"_links":{"self":[{"href":"https:\/\/www.jc-training.de\/en\/wp-json\/wp\/v2\/pages\/2608","targetHints":{"allow":["GET"]}}],"collection":[{"href":"https:\/\/www.jc-training.de\/en\/wp-json\/wp\/v2\/pages"}],"about":[{"href":"https:\/\/www.jc-training.de\/en\/wp-json\/wp\/v2\/types\/page"}],"author":[{"embeddable":true,"href":"https:\/\/www.jc-training.de\/en\/wp-json\/wp\/v2\/users\/2174"}],"replies":[{"embeddable":true,"href":"https:\/\/www.jc-training.de\/en\/wp-json\/wp\/v2\/comments?post=2608"}],"version-history":[{"count":38,"href":"https:\/\/www.jc-training.de\/en\/wp-json\/wp\/v2\/pages\/2608\/revisions"}],"predecessor-version":[{"id":5150,"href":"https:\/\/www.jc-training.de\/en\/wp-json\/wp\/v2\/pages\/2608\/revisions\/5150"}],"wp:attachment":[{"href":"https:\/\/www.jc-training.de\/en\/wp-json\/wp\/v2\/media?parent=2608"}],"curies":[{"name":"wp","href":"https:\/\/api.w.org\/{rel}","templated":true}]}}