{"id":2610,"date":"2022-05-14T07:52:51","date_gmt":"2022-05-14T07:52:51","guid":{"rendered":"https:\/\/www.jc-training.de\/?page_id=2610"},"modified":"2023-09-03T12:42:00","modified_gmt":"2023-09-03T12:42:00","slug":"qualifizierungsprogramme","status":"publish","type":"page","link":"https:\/\/www.jc-training.de\/en\/organisationsentwicklung\/qualifizierungsprogramme\/","title":{"rendered":"Qualifizierungsprogramme"},"content":{"rendered":"<div data-elementor-type=\"wp-page\" data-elementor-id=\"2610\" class=\"elementor elementor-2610\" data-elementor-post-type=\"page\">\n\t\t\t\t\t\t<section class=\"elementor-section elementor-top-section elementor-element elementor-element-0000c78 elementor-section-boxed elementor-section-height-default elementor-section-height-default\" data-id=\"0000c78\" data-element_type=\"section\" data-e-type=\"section\">\n\t\t\t\t\t\t<div class=\"elementor-container elementor-column-gap-default\">\n\t\t\t\t\t<div class=\"elementor-column elementor-col-100 elementor-top-column elementor-element elementor-element-21a0626\" data-id=\"21a0626\" data-element_type=\"column\" data-e-type=\"column\">\n\t\t\t<div class=\"elementor-widget-wrap elementor-element-populated\">\n\t\t\t\t\t\t<div class=\"elementor-element elementor-element-fb3a2b7 elementor-widget elementor-widget-banner\" data-id=\"fb3a2b7\" data-element_type=\"widget\" data-e-type=\"widget\" data-settings=\"{&quot;use_default_tags&quot;:&quot;no&quot;}\" data-widget_type=\"banner.default\">\n\t\t\t\t<div class=\"elementor-widget-container\">\n\t\t\t\t\t        <div id=\"banner-3601\" class=\"banner  banner-type-6 et_image-with-hover et_image-hover-6 valign-middle font-style-dark\" >\n\n\t\t\t\n\t\t\t\t<img fetchpriority=\"high\" decoding=\"async\" width=\"1024\" height=\"341\" src=\"https:\/\/www.jc-training.de\/wp-content\/uploads\/elementor\/thumbs\/xstore-placeholder-r1cjxo19580qfbuxgzn16o8zhr5bw9ejhqbes3hi5k.png\" data-src=\"https:\/\/www.jc-training.de\/wp-content\/uploads\/2023\/03\/AdobeStock_371589909-1024x341.jpeg\" class=\"lazyload lazyload-simple et-lazyload-fadeIn\" alt=\"\" data-srcset=\"https:\/\/www.jc-training.de\/wp-content\/uploads\/2023\/03\/AdobeStock_371589909-1024x341.jpeg 1024w, https:\/\/www.jc-training.de\/wp-content\/uploads\/2023\/03\/AdobeStock_371589909-scaled-600x200.jpeg 600w, https:\/\/www.jc-training.de\/wp-content\/uploads\/2023\/03\/AdobeStock_371589909-300x100.jpeg 300w, https:\/\/www.jc-training.de\/wp-content\/uploads\/2023\/03\/AdobeStock_371589909-768x256.jpeg 768w, https:\/\/www.jc-training.de\/wp-content\/uploads\/2023\/03\/AdobeStock_371589909-1536x512.jpeg 1536w, https:\/\/www.jc-training.de\/wp-content\/uploads\/2023\/03\/AdobeStock_371589909-2048x683.jpeg 2048w, https:\/\/www.jc-training.de\/wp-content\/uploads\/2023\/03\/AdobeStock_371589909-1320x440.jpeg 1320w, https:\/\/www.jc-training.de\/wp-content\/uploads\/2023\/03\/AdobeStock_371589909-1x1.jpeg 1w, https:\/\/www.jc-training.de\/wp-content\/uploads\/2023\/03\/AdobeStock_371589909-10x3.jpeg 10w\" data-sizes=\"(max-width: 1024px) 100vw, 1024px\" \/>                <div class=\"banner-content\">\n\n\t\t\t\t\t<h1 class=\"banner-title\"><span>Qualifizierungsprogramme<\/span><\/h1>                    <div class=\"content-inner\">\n\n\t\t\t\t\t\t<p>Kompetenz f\u00fcr Ihr Unternehmen<\/p>\n                    <\/div>\n\t\t\t\t\t        <\/div>\n\n\t\t        <\/div>\n\n\t\t\t\t\t\t<\/div>\n\t\t\t\t<\/div>\n\t\t\t\t\t<\/div>\n\t\t<\/div>\n\t\t\t\t\t<\/div>\n\t\t<\/section>\n\t\t\t\t<section class=\"elementor-section elementor-top-section elementor-element elementor-element-616f4dc elementor-section-boxed elementor-section-height-default elementor-section-height-default\" data-id=\"616f4dc\" data-element_type=\"section\" data-e-type=\"section\">\n\t\t\t\t\t\t<div class=\"elementor-container elementor-column-gap-default\">\n\t\t\t\t\t<div class=\"elementor-column elementor-col-100 elementor-top-column elementor-element elementor-element-1b1dc1e\" data-id=\"1b1dc1e\" data-element_type=\"column\" data-e-type=\"column\">\n\t\t\t<div class=\"elementor-widget-wrap elementor-element-populated\">\n\t\t\t\t\t\t<div class=\"elementor-element elementor-element-fa23410 elementor-align-left elementor-widget elementor-widget-etheme_advanced_headline\" data-id=\"fa23410\" data-element_type=\"widget\" data-e-type=\"widget\" data-widget_type=\"etheme_advanced_headline.default\">\n\t\t\t\t<div class=\"elementor-widget-container\">\n\t\t\t\t\t        \n        <div class=\"etheme-a-h-wrapper\">\n        \n            \n\t\t\t\n        <h2 class=\"etheme-advanced-headline etheme-advanced-headline-mask\">\n\n            Qualifizierungsprogramme\n        <\/h2>\n\t\t\n                    \n        <\/div>\n        \n\t\t\t\t\t\t<\/div>\n\t\t\t\t<\/div>\n\t\t\t\t<div class=\"elementor-element elementor-element-1d886df elementor-widget elementor-widget-text-editor\" data-id=\"1d886df\" data-element_type=\"widget\" data-e-type=\"widget\" data-widget_type=\"text-editor.default\">\n\t\t\t\t<div class=\"elementor-widget-container\">\n\t\t\t\t\t\t\t\t\t<p>Unsere modular aufgebauten Entwicklungsprogramme f\u00fcr Mitarbeitende und F\u00fchrungskr\u00e4fte nutzen kreative Wege, um Lerninhalte zu vermitteln und bestehen aus mehreren aufeinander abgestimmten Einheiten. Die Trainings und Formate sind praxisnah gestaltet. Teilnehmende k\u00f6nnen das Erlernte unmittelbar im Unternehmensalltag verankern und anwenden. Dazu geh\u00f6ren interaktive Elemente wie Trainerinput, Einzel- und Gruppenarbeiten, Coaching, Rollenspiele, Simulationen, Fallstudien uvm.<br \/>In der Regel dauert ein Entwicklungsprogramm zwischen sechs und zw\u00f6lf Monate. Bei Bedarf sichern Sie die Verbindlichkeit durch eine Pr\u00fcfung oder eine Abschlussarbeit.\u00a0<\/p>\t\t\t\t\t\t\t\t<\/div>\n\t\t\t\t<\/div>\n\t\t\t\t\t<\/div>\n\t\t<\/div>\n\t\t\t\t\t<\/div>\n\t\t<\/section>\n\t\t\t\t<section class=\"elementor-section elementor-top-section elementor-element elementor-element-b7f9503 elementor-section-boxed elementor-section-height-default elementor-section-height-default\" data-id=\"b7f9503\" data-element_type=\"section\" data-e-type=\"section\">\n\t\t\t\t\t\t<div class=\"elementor-container elementor-column-gap-default\">\n\t\t\t\t\t<div class=\"elementor-column elementor-col-100 elementor-top-column elementor-element elementor-element-671d3c1\" data-id=\"671d3c1\" data-element_type=\"column\" data-e-type=\"column\">\n\t\t\t<div class=\"elementor-widget-wrap elementor-element-populated\">\n\t\t\t\t\t\t<div class=\"elementor-element elementor-element-851cf87 elementor-widget elementor-widget-heading\" data-id=\"851cf87\" data-element_type=\"widget\" data-e-type=\"widget\" data-widget_type=\"heading.default\">\n\t\t\t\t<div class=\"elementor-widget-container\">\n\t\t\t\t\t<h2 class=\"elementor-heading-title elementor-size-default\">Durch Weiterbildungsangebote Identifikation stiften und Mitarbeitende langfristig ans Unternehmen binden<\/h2>\t\t\t\t<\/div>\n\t\t\t\t<\/div>\n\t\t\t\t<div class=\"elementor-element elementor-element-c4df468 elementor-widget elementor-widget-text-editor\" data-id=\"c4df468\" data-element_type=\"widget\" data-e-type=\"widget\" data-widget_type=\"text-editor.default\">\n\t\t\t\t<div class=\"elementor-widget-container\">\n\t\t\t\t\t\t\t\t\t<p>Der Erfolg eines Unternehmens wird letztlich durch die Leistung seiner Mitarbeitenden bestimmt. Daher ist es f\u00fcr Unternehmen wichtig, starke Verbindungen zu ihren Mitarbeitenden aufzubauen und zu pflegen, um ein gesundes und wirksames Arbeitsumfeld \u00a0zu f\u00f6rdern. Ein Weg, um dies zu tun, ist durch die Bereitstellung von Weiterbildungsangeboten.<\/p>\t\t\t\t\t\t\t\t<\/div>\n\t\t\t\t<\/div>\n\t\t\t\t\t<\/div>\n\t\t<\/div>\n\t\t\t\t\t<\/div>\n\t\t<\/section>\n\t\t\t\t<section class=\"elementor-section elementor-top-section elementor-element elementor-element-5fa38b2 elementor-section-boxed elementor-section-height-default elementor-section-height-default\" data-id=\"5fa38b2\" data-element_type=\"section\" data-e-type=\"section\">\n\t\t\t\t\t\t<div class=\"elementor-container elementor-column-gap-default\">\n\t\t\t\t\t<div class=\"elementor-column elementor-col-100 elementor-top-column elementor-element elementor-element-6d500dc\" data-id=\"6d500dc\" data-element_type=\"column\" data-e-type=\"column\">\n\t\t\t<div class=\"elementor-widget-wrap elementor-element-populated\">\n\t\t\t\t\t\t<div class=\"elementor-element elementor-element-53d3bbd elementor-grid-2 elementor-grid-tablet-2 elementor-grid-mobile-1 etheme-parallax-scroll_effects elementor-widget elementor-widget-portfolio\" data-id=\"53d3bbd\" data-element_type=\"widget\" data-e-type=\"widget\" data-settings=\"{&quot;columns&quot;:&quot;2&quot;,&quot;etheme_parallax_scroll_y&quot;:-80,&quot;etheme_parallax&quot;:&quot;yes&quot;,&quot;columns_tablet&quot;:&quot;2&quot;,&quot;columns_mobile&quot;:&quot;1&quot;,&quot;item_ratio&quot;:{&quot;unit&quot;:&quot;px&quot;,&quot;size&quot;:0.66,&quot;sizes&quot;:[]},&quot;item_gap&quot;:{&quot;unit&quot;:&quot;px&quot;,&quot;size&quot;:&quot;&quot;,&quot;sizes&quot;:[]},&quot;row_gap&quot;:{&quot;unit&quot;:&quot;px&quot;,&quot;size&quot;:&quot;&quot;,&quot;sizes&quot;:[]},&quot;etheme_parallax_type&quot;:&quot;scroll_effects&quot;,&quot;etheme_parallax_scroll_scale&quot;:{&quot;unit&quot;:&quot;px&quot;,&quot;size&quot;:1,&quot;sizes&quot;:[]},&quot;etheme_parallax_scroll_x&quot;:0,&quot;etheme_parallax_scroll_z&quot;:0,&quot;etheme_parallax_scroll_rotate&quot;:{&quot;unit&quot;:&quot;px&quot;,&quot;size&quot;:0,&quot;sizes&quot;:[]},&quot;etheme_parallax_scroll_perspective&quot;:{&quot;unit&quot;:&quot;px&quot;,&quot;size&quot;:800,&quot;sizes&quot;:[]},&quot;etheme_parallax_scroll_smoothness&quot;:{&quot;unit&quot;:&quot;px&quot;,&quot;size&quot;:30,&quot;sizes&quot;:[]}}\" data-widget_type=\"portfolio.default\">\n\t\t\t\t<div class=\"elementor-widget-container\">\n\t\t\t\t\t\t\t<div class=\"elementor-portfolio elementor-grid elementor-posts-container\" role=\"list\">\n\t\t\t\t<article class=\"elementor-portfolio-item elementor-post  post-4520 product type-product status-publish has-post-thumbnail brand-organisationsentwicklung brand-persoenliche-entwicklung product_cat-kommunikation product_cat-persoenliche-entwicklung product_cat-qualifizierungsprogramme product_cat-seminare product_tag-abteilungsleitung product_tag-emotionale-kompetenz product_tag-fuehrung product_tag-fuehrungskompetenz product_tag-gruppe product_tag-gruppendynamik product_tag-ihk product_tag-kommunikation product_tag-projekt product_tag-regionalleitung product_tag-soziale-kompetenz product_tag-teamkonflikte product_tag-teamleitung product_tag-zertifikatskurs product_tag-zusammenarbeit first instock downloadable virtual taxable purchasable product-type-simple\" role=\"listitem\">\n\t\t\t<a class=\"elementor-post__thumbnail__link\" href=\"https:\/\/www.jc-training.de\/en\/product\/weiterbildungskonzept-fuer-fuehrungskraefte\/\">\n\t\t\t\t<div class=\"elementor-portfolio-item__img elementor-post__thumbnail\">\n\t\t\t<img decoding=\"async\" width=\"300\" height=\"201\" src=\"https:\/\/www.jc-training.de\/wp-content\/uploads\/xstore\/xstore-placeholder-300x300.png\" class=\"attachment-medium size-medium wp-image-4731 lazyload lazyload-simple et-lazyload-fadeIn\" alt=\"\" sizes=\"(max-width: 300px) 100vw, 300px\" data-src=\"https:\/\/www.jc-training.de\/wp-content\/uploads\/2023\/05\/IHK-Fuehrung-e1686400109924-300x201.png\" data-srcset=\"https:\/\/www.jc-training.de\/wp-content\/uploads\/2023\/05\/IHK-Fuehrung-e1686400109924-300x201.png 300w, https:\/\/www.jc-training.de\/wp-content\/uploads\/2023\/05\/IHK-Fuehrung-e1686400109924-600x402.png 600w, https:\/\/www.jc-training.de\/wp-content\/uploads\/2023\/05\/IHK-Fuehrung-e1686400109924-1024x686.png 1024w, https:\/\/www.jc-training.de\/wp-content\/uploads\/2023\/05\/IHK-Fuehrung-e1686400109924-768x514.png 768w, https:\/\/www.jc-training.de\/wp-content\/uploads\/2023\/05\/IHK-Fuehrung-e1686400109924-1x1.png 1w, https:\/\/www.jc-training.de\/wp-content\/uploads\/2023\/05\/IHK-Fuehrung-e1686400109924-10x7.png 10w, https:\/\/www.jc-training.de\/wp-content\/uploads\/2023\/05\/IHK-Fuehrung-e1686400109924.png 1510w\" \/>\t\t<\/div>\n\t\t\t\t<div class=\"elementor-portfolio-item__overlay\">\n\t\t\t\t<h3 class=\"elementor-portfolio-item__title\">\n\t\tWeiterbildungskonzept f\u00fcr F\u00fchrungskr\u00e4fte (IHK)\t\t<\/h3>\n\t\t\t\t<\/div>\n\t\t\t\t<\/a>\n\t\t<\/article>\n\t\t\t\t<\/div>\n\t\t\t\t\t\t<\/div>\n\t\t\t\t<\/div>\n\t\t\t\t\t<\/div>\n\t\t<\/div>\n\t\t\t\t\t<\/div>\n\t\t<\/section>\n\t\t\t\t<section class=\"elementor-section elementor-top-section elementor-element elementor-element-460aa94 elementor-section-boxed elementor-section-height-default elementor-section-height-default\" data-id=\"460aa94\" data-element_type=\"section\" data-e-type=\"section\">\n\t\t\t\t\t\t<div class=\"elementor-container elementor-column-gap-default\">\n\t\t\t\t\t<div class=\"elementor-column elementor-col-50 elementor-top-column elementor-element elementor-element-c517257\" data-id=\"c517257\" data-element_type=\"column\" data-e-type=\"column\">\n\t\t\t<div class=\"elementor-widget-wrap elementor-element-populated\">\n\t\t\t\t\t\t<div class=\"elementor-element elementor-element-d08b3dc elementor-widget elementor-widget-text-editor\" data-id=\"d08b3dc\" data-element_type=\"widget\" data-e-type=\"widget\" data-widget_type=\"text-editor.default\">\n\t\t\t\t<div class=\"elementor-widget-container\">\n\t\t\t\t\t\t\t\t\t<p>Einleitung<\/p><p>Es ist wichtig, Mitarbeitende emotional an das Unternehmen zu binden, da dies die allgemeine Motivation und Zufriedenheit im Unternehmen erh\u00f6ht. Durch eine starke Identifizierung der Besch\u00e4ftigten mit dem Unternehmen wird ein Gef\u00fchl der Zugeh\u00f6rigkeit und des Engagements geschaffen, was sich positiv auf Produktivit\u00e4t und Erfolg auswirkt.<\/p><p>Identifizierung durch Weiterbildungsangebote<\/p><p>Weiterbildungsprogramme bieten viele M\u00f6glichkeiten, eine bessere Identifizierung mit dem Unternehmen zu schaffen. Einzelne Programme k\u00f6nnen individuell auf die Bed\u00fcrfnisse des Mitarbeitenden oder der Abteilung zugeschnitten werden, sodass gew\u00e4hrleistet ist, dass das Erlernte nachhaltig ist und sich langfristig auszahlt. Dar\u00fcber hinaus k\u00f6nnen Weiterbildungsprogramme dazu beitragen, die fachliche Kompetenz zu erh\u00f6hen und so eine Unternehmenskultur zu schaffen, die f\u00fcr eine starke Identifizierung sorgt. Au\u00dferdem k\u00f6nnen Weiterbildungsprogramme den Austausch und die Interaktion unter den Mitarbeitenden f\u00f6rdern und ein Netzwerk in der Firma schaffen.<\/p><p>Langfristige Bindung der Mitarbeitenden<\/p><p>Um eine langfristige Bindung an das Unternehmen herzustellen, ist es wichtig, das Interesse und die Motivation der Mitarbeitenden zu f\u00f6rdern, indem man ihr Engagement und ihre Loyalit\u00e4t beachtet und durch R\u00fcckmeldungen von Vorgesetzten anerkannt wird. Gemeinsam k\u00f6nnen sie mithilfe interner und externer Personalentwicklungstools Ihre Mitarbeitenden langfristig an der pers\u00f6nlichen Entwicklung und der Ihres Unternehmens beteiligen.<\/p><p>Fazit<\/p><p>Es ist unerl\u00e4sslich, dass Unternehmen Weiterbildungsangebote nutzen, um eine starke Identifizierung mit dem Unternehmen zu schaffen und die langfristige Bindung der Mitarbeitenden zu f\u00f6rdern. Dar\u00fcber hinaus ist es wichtig, das Interesse und die Motivation zu f\u00f6rdern und eine angemessene Entlohnung zu gew\u00e4hrleisten. Eine starke Identifizierung der Mitarbeiter mit dem Unternehmen und eine langfristige Bindung sind die Grundlage f\u00fcr eine erfolgreiche Zukunft.<\/p>\t\t\t\t\t\t\t\t<\/div>\n\t\t\t\t<\/div>\n\t\t\t\t\t<\/div>\n\t\t<\/div>\n\t\t\t\t<div class=\"elementor-column elementor-col-50 elementor-top-column elementor-element elementor-element-98585bc\" data-id=\"98585bc\" data-element_type=\"column\" data-e-type=\"column\">\n\t\t\t<div class=\"elementor-widget-wrap elementor-element-populated\">\n\t\t\t\t\t\t<div class=\"elementor-element elementor-element-73ecae2 elementor-widget elementor-widget-text-editor\" data-id=\"73ecae2\" data-element_type=\"widget\" data-e-type=\"widget\" data-widget_type=\"text-editor.default\">\n\t\t\t\t<div class=\"elementor-widget-container\">\n\t\t\t\t\t\t\t\t\t<p>Unser Angebot<\/p><p>Weiterbildungskonzept f\u00fcr F\u00fchrungskr\u00e4fte \/ Entwicklung mit IHK-Zertifikat<\/p><p>Auch wenn wir oft von der \u201egeborenen F\u00fchrungskraft\u201c sprechen, ist es noch nie passiert, dass ein Mensch aus dem Nichts eine solche verantwortungsvolle Aufgabe mit Bravour gemeistert h\u00e4tte. Vielmehr ist es die konsequente Entwicklung, die f\u00fcr H\u00f6chstleistungen in einer bestimmten Funktion und Rolle verantwortlich zeichnet. Diese Ausbildung begleitet erfahrene F\u00fchrungskr\u00e4fte im Ausbau ihrer F\u00fchrungskompetenz und bietet aufstrebenden F\u00fchrungskr\u00e4ften das erforderliche Know-how, um sich auf eine solche Position ideal vorzubereiten. In sieben aufeinander folgenden Bausteinen, Gesamtdauer 12 Monate, lernen die Teilnehmer Schritt f\u00fcr Schritt ihren pers\u00f6nlichen F\u00fchrungsstil kennen und konsequent zu leben. In Form von Fragestellungen und Lernpartnerschaften innerhalb der Seminargruppe dient die Zeit zwischen den einzelnen Bl\u00f6cken der gezielten Entwicklung. Auf diese Art wird jeder in seiner pers\u00f6nlichen Entfaltung gef\u00f6rdert und der Transfer in den Alltag unterst\u00fctzt. In den ersten Bl\u00f6cken der Weiterbildung liegt der Schwerpunkt auf dem eigenen F\u00fchrungsselbstverst\u00e4ndnis, F\u00fchrungsaufgaben, F\u00fchrungserwartungen und F\u00fchrungsfunktionen. Gleichzeitig lernen die Teilnehmer M\u00f6glichkeiten und Grenzen der Motivation kennen. Im weiteren Verlauf geht es darum, konkretes Handwerkszeug wie strategische Planung, Umgang mit Zielvereinbarungen, Kritikgespr\u00e4che etc. n\u00e4her kennen zu lernen, einzu\u00fcben und anhand des eigenen Verhaltens zu reflektieren. Ein speziell entwickelter Outdoor-Block bietet f\u00fcr alle angehenden F\u00fchrungskr\u00e4fte die Gelegenheit, im Kontakt mit den anderen Teilnehmern, das gelebte F\u00fchrungsverhalten zu \u00fcberpr\u00fcfen und bei Bedarf zu korrigieren. Alle Themen und Inhalte der Ausbildung werden individuell auf die Stellenbeschreibungen und den Kompetenzrahmen Ihres Unternehmens angepasst. Mit dieser Ma\u00dfnahme schaffen Sie eine langfristige Perspektive f\u00fcr Ihre Mitarbeiter und eine hohe Identifikation mit Ihrem Unternehmen.<\/p>\t\t\t\t\t\t\t\t<\/div>\n\t\t\t\t<\/div>\n\t\t\t\t\t<\/div>\n\t\t<\/div>\n\t\t\t\t\t<\/div>\n\t\t<\/section>\n\t\t\t\t<\/div>","protected":false},"excerpt":{"rendered":"<p>Qualifizierungsprogramme Kompetenz f\u00fcr Ihr Unternehmen Qualifizierungsprogramme Unsere modular aufgebauten Entwicklungsprogramme f\u00fcr Mitarbeitende und F\u00fchrungskr\u00e4fte nutzen kreative Wege, um Lerninhalte zu vermitteln und bestehen aus mehreren<\/p>","protected":false},"author":2174,"featured_media":0,"parent":4845,"menu_order":0,"comment_status":"closed","ping_status":"closed","template":"","meta":{"_price":"","_stock":"","_tribe_ticket_header":"","_tribe_default_ticket_provider":"","_tribe_ticket_capacity":"0","_ticket_start_date":"","_ticket_end_date":"","_tribe_ticket_show_description":"","_tribe_ticket_show_not_going":false,"_tribe_ticket_use_global_stock":"","_tribe_ticket_global_stock_level":"","_global_stock_mode":"","_global_stock_cap":"","_tribe_rsvp_for_event":"","_tribe_ticket_going_count":"","_tribe_ticket_not_going_count":"","_tribe_tickets_list":"[]","_tribe_ticket_has_attendee_info_fields":false,"_EventAllDay":false,"_EventTimezone":"","_EventStartDate":"","_EventEndDate":"","_EventStartDateUTC":"","_EventEndDateUTC":"","_EventShowMap":false,"_EventShowMapLink":false,"_EventURL":"","_EventCost":"","_EventCostDescription":"","_EventCurrencySymbol":"","_EventCurrencyCode":"","_EventCurrencyPosition":"","_EventDateTimeSeparator":"","_EventTimeRangeSeparator":"","_EventOrganizerID":[],"_EventVenueID":[],"_OrganizerEmail":"","_OrganizerPhone":"","_OrganizerWebsite":"","_VenueAddress":"","_VenueCity":"","_VenueCountry":"","_VenueProvince":"","_VenueState":"","_VenueZip":"","_VenuePhone":"","_VenueURL":"","_VenueStateProvince":"","_VenueLat":"","_VenueLng":"","_VenueShowMap":false,"_VenueShowMapLink":false,"productId":0,"courseId":0,"footnotes":"","_tec_slr_enabled":"","_tec_slr_layout":""},"class_list":["post-2610","page","type-page","status-publish","hentry"],"ticketed":false,"_links":{"self":[{"href":"https:\/\/www.jc-training.de\/en\/wp-json\/wp\/v2\/pages\/2610","targetHints":{"allow":["GET"]}}],"collection":[{"href":"https:\/\/www.jc-training.de\/en\/wp-json\/wp\/v2\/pages"}],"about":[{"href":"https:\/\/www.jc-training.de\/en\/wp-json\/wp\/v2\/types\/page"}],"author":[{"embeddable":true,"href":"https:\/\/www.jc-training.de\/en\/wp-json\/wp\/v2\/users\/2174"}],"replies":[{"embeddable":true,"href":"https:\/\/www.jc-training.de\/en\/wp-json\/wp\/v2\/comments?post=2610"}],"version-history":[{"count":17,"href":"https:\/\/www.jc-training.de\/en\/wp-json\/wp\/v2\/pages\/2610\/revisions"}],"predecessor-version":[{"id":5227,"href":"https:\/\/www.jc-training.de\/en\/wp-json\/wp\/v2\/pages\/2610\/revisions\/5227"}],"up":[{"embeddable":true,"href":"https:\/\/www.jc-training.de\/en\/wp-json\/wp\/v2\/pages\/4845"}],"wp:attachment":[{"href":"https:\/\/www.jc-training.de\/en\/wp-json\/wp\/v2\/media?parent=2610"}],"curies":[{"name":"wp","href":"https:\/\/api.w.org\/{rel}","templated":true}]}}