{"id":4845,"date":"2023-06-20T10:19:53","date_gmt":"2023-06-20T10:19:53","guid":{"rendered":"https:\/\/www.jc-training.de\/?page_id=4845"},"modified":"2025-02-11T12:42:53","modified_gmt":"2025-02-11T11:42:53","slug":"organisationsentwicklung","status":"publish","type":"page","link":"https:\/\/www.jc-training.de\/en\/organisationsentwicklung\/","title":{"rendered":"Organisationsentwicklung"},"content":{"rendered":"<div data-elementor-type=\"wp-page\" data-elementor-id=\"4845\" class=\"elementor elementor-4845\" data-elementor-post-type=\"page\">\n\t\t\t\t\t\t<section class=\"elementor-section elementor-top-section elementor-element elementor-element-7a3560b elementor-section-boxed elementor-section-height-default elementor-section-height-default\" data-id=\"7a3560b\" data-element_type=\"section\" data-e-type=\"section\">\n\t\t\t\t\t\t<div class=\"elementor-container elementor-column-gap-default\">\n\t\t\t\t\t<div class=\"elementor-column elementor-col-100 elementor-top-column elementor-element elementor-element-d511c7e\" data-id=\"d511c7e\" data-element_type=\"column\" data-e-type=\"column\">\n\t\t\t<div class=\"elementor-widget-wrap elementor-element-populated\">\n\t\t\t\t\t\t<div class=\"elementor-element elementor-element-78ee8bd elementor-widget elementor-widget-banner\" data-id=\"78ee8bd\" data-element_type=\"widget\" data-e-type=\"widget\" data-settings=\"{&quot;use_default_tags&quot;:&quot;no&quot;}\" data-widget_type=\"banner.default\">\n\t\t\t\t<div class=\"elementor-widget-container\">\n\t\t\t\t\t        <div id=\"banner-8510\" class=\"banner  banner-type-6 et_image-with-hover et_image-hover-6 valign-middle font-style-dark\" >\n\n\t\t\t\n\t\t\t\t<img fetchpriority=\"high\" decoding=\"async\" width=\"1024\" height=\"341\" src=\"https:\/\/www.jc-training.de\/wp-content\/uploads\/elementor\/thumbs\/xstore-placeholder-r1cjxo19580qfbuxgzn16o8zhr5bw9ejhqbes3hi5k.png\" data-src=\"https:\/\/www.jc-training.de\/wp-content\/uploads\/2023\/03\/AdobeStock_530320034-klein-1024x341.jpg\" class=\"lazyload lazyload-simple et-lazyload-fadeIn\" alt=\"\" data-srcset=\"https:\/\/www.jc-training.de\/wp-content\/uploads\/2023\/03\/AdobeStock_530320034-klein-1024x341.jpg 1024w, https:\/\/www.jc-training.de\/wp-content\/uploads\/2023\/03\/AdobeStock_530320034-klein-scaled-600x200.jpg 600w, https:\/\/www.jc-training.de\/wp-content\/uploads\/2023\/03\/AdobeStock_530320034-klein-300x100.jpg 300w, https:\/\/www.jc-training.de\/wp-content\/uploads\/2023\/03\/AdobeStock_530320034-klein-768x256.jpg 768w, https:\/\/www.jc-training.de\/wp-content\/uploads\/2023\/03\/AdobeStock_530320034-klein-1536x512.jpg 1536w, https:\/\/www.jc-training.de\/wp-content\/uploads\/2023\/03\/AdobeStock_530320034-klein-2048x683.jpg 2048w, https:\/\/www.jc-training.de\/wp-content\/uploads\/2023\/03\/AdobeStock_530320034-klein-1320x440.jpg 1320w, https:\/\/www.jc-training.de\/wp-content\/uploads\/2023\/03\/AdobeStock_530320034-klein-1x1.jpg 1w, https:\/\/www.jc-training.de\/wp-content\/uploads\/2023\/03\/AdobeStock_530320034-klein-10x3.jpg 10w\" data-sizes=\"(max-width: 1024px) 100vw, 1024px\" \/>                <div class=\"banner-content\">\n\n\t\t\t\t\t<h1 class=\"banner-subtitle\"><span>psychologische<\/span><\/h1><h1 class=\"banner-title\"><span>Organisationsentwicklung<\/span><\/h1>                    <div class=\"content-inner\">\n\n\t\t\t\t\t\t<p>Menschen entwickeln Organisationen<\/p>\n                    <\/div>\n\t\t\t\t\t        <\/div>\n\n\t\t        <\/div>\n\n\t\t\t\t\t\t<\/div>\n\t\t\t\t<\/div>\n\t\t\t\t\t<\/div>\n\t\t<\/div>\n\t\t\t\t\t<\/div>\n\t\t<\/section>\n\t\t\t\t<section class=\"elementor-section elementor-top-section elementor-element elementor-element-7ac108d7 elementor-section-boxed elementor-section-height-default elementor-section-height-default\" data-id=\"7ac108d7\" data-element_type=\"section\" data-e-type=\"section\">\n\t\t\t\t\t\t<div class=\"elementor-container elementor-column-gap-default\">\n\t\t\t\t\t<div class=\"elementor-column elementor-col-50 elementor-top-column elementor-element elementor-element-77856a30\" data-id=\"77856a30\" data-element_type=\"column\" data-e-type=\"column\">\n\t\t\t<div class=\"elementor-widget-wrap elementor-element-populated\">\n\t\t\t\t\t\t<div class=\"elementor-element elementor-element-11ae9e72 elementor-widget elementor-widget-text-editor\" data-id=\"11ae9e72\" data-element_type=\"widget\" data-e-type=\"widget\" data-widget_type=\"text-editor.default\">\n\t\t\t\t<div class=\"elementor-widget-container\">\n\t\t\t\t\t\t\t\t\t<p>Die Strukturen einer Organisation sind nicht reiner Selbstzweck, sondern dienen dem reibungslosen Ablauf von Prozessen. Somit entwickeln sich Unternehmen fortw\u00e4hrend weiter, passen sich den externen sowie internen Erfordernissen an. Durch Umstrukturierung von Arbeitsbereichen entstehen neue Anforderungen an Mitarbeiter und Zusammenarbeit. Sowohl Ver\u00e4nderungen in der personellen Zusammensetzung als auch die Einf\u00fchrung neuer Arbeitstechniken oder Unternehmensstrukturen sollten professionell begleitet werden, um einen reibungslosen \u00dcbergang zu gew\u00e4hrleisten.<\/p><p>Der Wert und die langfristige Entwicklung eines Unternehmens ist im Wesentlichen dem Einsatz emotional gebundener Mitarbeiter zu verdanken. Mit Kompetenz und pers\u00f6nlichem Einsatz f\u00f6rdern Ihre Mitarbeiter das Unternehmen. Es ist wissenschaftlich erwiesen, dass die Qualit\u00e4t der Zusammenarbeit zwischen Abteilungen und\/oder Mitarbeitern entscheidender ist als Fachwissen. Schaffen Sie deswegen die optimalen Rahmenbedingungen f\u00fcr Ihre Mitarbeiter und F\u00fchrungskr\u00e4fte durch kompetente Begleitung des Unternehmens oder der Organisation mit erzielten Ma\u00dfnahmen. Wir sind Ihr Ansprechpartner, wenn es um die Begleitung struktureller Ver\u00e4nderungen geht oder Sie spezielle Bereiche Ihres Unternehmens f\u00f6rdern m\u00f6chten.<\/p>\t\t\t\t\t\t\t\t<\/div>\n\t\t\t\t<\/div>\n\t\t\t\t<div class=\"elementor-element elementor-element-48bead0d elementor-widget elementor-widget-text-editor\" data-id=\"48bead0d\" data-element_type=\"widget\" data-e-type=\"widget\" data-widget_type=\"text-editor.default\">\n\t\t\t\t<div class=\"elementor-widget-container\">\n\t\t\t\t\t\t\t\t\t<p><strong>M\u00f6gliche Aufgabenstellungen<\/strong><\/p>\t\t\t\t\t\t\t\t<\/div>\n\t\t\t\t<\/div>\n\t\t\t\t<section class=\"elementor-section elementor-inner-section elementor-element elementor-element-243533d4 elementor-section-boxed elementor-section-height-default elementor-section-height-default\" data-id=\"243533d4\" data-element_type=\"section\" data-e-type=\"section\">\n\t\t\t\t\t\t<div class=\"elementor-container elementor-column-gap-default\">\n\t\t\t\t\t<div class=\"elementor-column elementor-col-50 elementor-inner-column elementor-element elementor-element-1c2f206f\" data-id=\"1c2f206f\" data-element_type=\"column\" data-e-type=\"column\">\n\t\t\t<div class=\"elementor-widget-wrap elementor-element-populated\">\n\t\t\t\t\t\t<div class=\"elementor-element elementor-element-17dd0648 elementor-widget elementor-widget-text-editor\" data-id=\"17dd0648\" data-element_type=\"widget\" data-e-type=\"widget\" data-widget_type=\"text-editor.default\">\n\t\t\t\t<div class=\"elementor-widget-container\">\n\t\t\t\t\t\t\t\t\t<p>\u2022<br \/>\u2022<br \/>\u2022<br \/>\u2022<br \/>\u2022<br \/>\u2022<br \/>\u2022<\/p><p>\u00a0<\/p>\t\t\t\t\t\t\t\t<\/div>\n\t\t\t\t<\/div>\n\t\t\t\t\t<\/div>\n\t\t<\/div>\n\t\t\t\t<div class=\"elementor-column elementor-col-50 elementor-inner-column elementor-element elementor-element-5f2fbc6a\" data-id=\"5f2fbc6a\" data-element_type=\"column\" data-e-type=\"column\">\n\t\t\t<div class=\"elementor-widget-wrap elementor-element-populated\">\n\t\t\t\t\t\t<div class=\"elementor-element elementor-element-67524024 elementor-widget elementor-widget-text-editor\" data-id=\"67524024\" data-element_type=\"widget\" data-e-type=\"widget\" data-widget_type=\"text-editor.default\">\n\t\t\t\t<div class=\"elementor-widget-container\">\n\t\t\t\t\t\t\t\t\t<p>Dynamisierung von Hierarchien und Verantwortlichkeiten<br \/>Betriebliches Gesundheitsmanagement in kleinen und mittleren Betrieben<br \/>Ausbau der internen\u00a0Kommunikation \u00a0(z.B. zwischen\u00a0den Abteilungen)<br \/>Begleitung von Changemanagement\u00a0Prozessen<br \/>Einf\u00fchrung neuer\u00a0Arbeitstechniken\/-strukturen\u00a0(z.B. im IT-Bereich)<br \/>Zusammenf\u00fchrung\u00a0unterschiedlicher Teams\/Arbeitsbereiche\/Abteilungen<br \/>Aufbau sozialer Kompetenzen\u00a0f\u00fcr die Kulturtr\u00e4ger\u00a0innerhalb der Organisation<br \/>Unternehmensnachfolge\/Generationswechsel<\/p>\t\t\t\t\t\t\t\t<\/div>\n\t\t\t\t<\/div>\n\t\t\t\t\t<\/div>\n\t\t<\/div>\n\t\t\t\t\t<\/div>\n\t\t<\/section>\n\t\t\t\t\t<\/div>\n\t\t<\/div>\n\t\t\t\t<div class=\"elementor-column elementor-col-50 elementor-top-column elementor-element elementor-element-7753e5a8\" data-id=\"7753e5a8\" data-element_type=\"column\" data-e-type=\"column\">\n\t\t\t<div class=\"elementor-widget-wrap elementor-element-populated\">\n\t\t\t\t\t\t<div class=\"elementor-element elementor-element-a95b042 elementor-widget elementor-widget-image\" data-id=\"a95b042\" data-element_type=\"widget\" data-e-type=\"widget\" data-widget_type=\"image.default\">\n\t\t\t\t<div class=\"elementor-widget-container\">\n\t\t\t\t\t\t\t\t\t\t\t\t\t\t\t<img decoding=\"async\" width=\"1024\" height=\"683\" src=\"https:\/\/www.jc-training.de\/wp-content\/uploads\/xstore\/xstore-placeholder-1024x1024.png\" class=\"attachment-large size-large wp-image-4848 lazyload lazyload-simple et-lazyload-fadeIn\" alt=\"\" sizes=\"(max-width: 1024px) 100vw, 1024px\" data-src=\"https:\/\/www.jc-training.de\/wp-content\/uploads\/2023\/06\/AdobeStock_602192788-1024x683.jpeg\" data-srcset=\"https:\/\/www.jc-training.de\/wp-content\/uploads\/2023\/06\/AdobeStock_602192788-1024x683.jpeg 1024w, https:\/\/www.jc-training.de\/wp-content\/uploads\/2023\/06\/AdobeStock_602192788-scaled-600x400.jpeg 600w, https:\/\/www.jc-training.de\/wp-content\/uploads\/2023\/06\/AdobeStock_602192788-300x200.jpeg 300w, https:\/\/www.jc-training.de\/wp-content\/uploads\/2023\/06\/AdobeStock_602192788-768x512.jpeg 768w, https:\/\/www.jc-training.de\/wp-content\/uploads\/2023\/06\/AdobeStock_602192788-1536x1024.jpeg 1536w, https:\/\/www.jc-training.de\/wp-content\/uploads\/2023\/06\/AdobeStock_602192788-2048x1365.jpeg 2048w, https:\/\/www.jc-training.de\/wp-content\/uploads\/2023\/06\/AdobeStock_602192788-1x1.jpeg 1w, https:\/\/www.jc-training.de\/wp-content\/uploads\/2023\/06\/AdobeStock_602192788-10x7.jpeg 10w\" \/>\t\t\t\t\t\t\t\t\t\t\t\t\t\t\t<\/div>\n\t\t\t\t<\/div>\n\t\t\t\t<div class=\"elementor-element elementor-element-7d86f47c elementor-widget elementor-widget-text-editor\" data-id=\"7d86f47c\" data-element_type=\"widget\" data-e-type=\"widget\" data-widget_type=\"text-editor.default\">\n\t\t\t\t<div class=\"elementor-widget-container\">\n\t\t\t\t\t\t\t\t\t<p><strong>Zielgruppe<br \/><\/strong>Organisationen, die Ver\u00e4nderung aktiv gestalten m\u00f6chten.<\/p>\t\t\t\t\t\t\t\t<\/div>\n\t\t\t\t<\/div>\n\t\t\t\t<div class=\"elementor-element elementor-element-1044c98b elementor-widget elementor-widget-text-editor\" data-id=\"1044c98b\" data-element_type=\"widget\" data-e-type=\"widget\" data-widget_type=\"text-editor.default\">\n\t\t\t\t<div class=\"elementor-widget-container\">\n\t\t\t\t\t\t\t\t\t<p><strong>Zielsetzung<br \/><\/strong>Gemeinsam mit Ihnen bereiten wir\u00a0notwendige Ver\u00e4nderungen vor,\u00a0leiten die Ma\u00dfnahmen systemvertr\u00e4glich\u00a0ein und gew\u00e4hrleisten so\u00a0die nachhaltige Weiterentwicklung\u00a0des Unternehmens\/der Organisation.<br \/>Durch die professionell begleitete\u00a0Beteiligung im Ver\u00e4nderungsprozess\u00a0werden die Akzeptanz und die Implementierung\u00a0von neuen Strukturen\u00a0ma\u00dfgeblich gef\u00f6rdert.<\/p>\t\t\t\t\t\t\t\t<\/div>\n\t\t\t\t<\/div>\n\t\t\t\t\t<\/div>\n\t\t<\/div>\n\t\t\t\t\t<\/div>\n\t\t<\/section>\n\t\t\t\t<section class=\"elementor-section elementor-top-section elementor-element elementor-element-e45ec3d elementor-section-boxed elementor-section-height-default elementor-section-height-default\" data-id=\"e45ec3d\" data-element_type=\"section\" data-e-type=\"section\">\n\t\t\t\t\t\t<div class=\"elementor-container elementor-column-gap-default\">\n\t\t\t\t\t<div class=\"elementor-column elementor-col-100 elementor-top-column elementor-element elementor-element-cf64d88\" data-id=\"cf64d88\" data-element_type=\"column\" data-e-type=\"column\">\n\t\t\t<div class=\"elementor-widget-wrap elementor-element-populated\">\n\t\t\t\t\t\t<div class=\"elementor-element elementor-element-95a7753 elementor-widget-divider--view-line elementor-widget elementor-widget-divider\" data-id=\"95a7753\" data-element_type=\"widget\" data-e-type=\"widget\" data-widget_type=\"divider.default\">\n\t\t\t\t<div class=\"elementor-widget-container\">\n\t\t\t\t\t\t\t<div class=\"elementor-divider\">\n\t\t\t<span class=\"elementor-divider-separator\">\n\t\t\t\t\t\t<\/span>\n\t\t<\/div>\n\t\t\t\t\t\t<\/div>\n\t\t\t\t<\/div>\n\t\t\t\t\t<\/div>\n\t\t<\/div>\n\t\t\t\t\t<\/div>\n\t\t<\/section>\n\t\t\t\t<section class=\"elementor-section elementor-top-section elementor-element elementor-element-4ed2379e custom-team-members elementor-section-stretched elementor-section-boxed elementor-section-height-default elementor-section-height-default elementor-invisible\" data-id=\"4ed2379e\" data-element_type=\"section\" data-e-type=\"section\" data-settings=\"{&quot;stretch_section&quot;:&quot;section-stretched&quot;,&quot;background_background&quot;:&quot;classic&quot;,&quot;animation&quot;:&quot;fadeInUp&quot;}\">\n\t\t\t\t\t\t<div class=\"elementor-container elementor-column-gap-no\">\n\t\t\t\t\t<div class=\"elementor-column elementor-col-100 elementor-top-column elementor-element elementor-element-4b0a94c2\" data-id=\"4b0a94c2\" data-element_type=\"column\" data-e-type=\"column\">\n\t\t\t<div class=\"elementor-widget-wrap elementor-element-populated\">\n\t\t\t\t\t\t<section class=\"elementor-section elementor-inner-section elementor-element elementor-element-5a9fb956 elementor-section-boxed elementor-section-height-default elementor-section-height-default\" data-id=\"5a9fb956\" data-element_type=\"section\" data-e-type=\"section\">\n\t\t\t\t\t\t<div class=\"elementor-container elementor-column-gap-default\">\n\t\t\t\t\t<div class=\"elementor-column elementor-col-33 elementor-inner-column elementor-element elementor-element-7aa5cd5\" data-id=\"7aa5cd5\" data-element_type=\"column\" data-e-type=\"column\">\n\t\t\t<div class=\"elementor-widget-wrap\">\n\t\t\t\t\t\t\t<\/div>\n\t\t<\/div>\n\t\t\t\t<div class=\"elementor-column elementor-col-33 elementor-inner-column elementor-element elementor-element-2cb8983\" data-id=\"2cb8983\" data-element_type=\"column\" data-e-type=\"column\">\n\t\t\t<div class=\"elementor-widget-wrap elementor-element-populated\">\n\t\t\t\t\t\t<div class=\"elementor-element elementor-element-204ed17e elementor-widget elementor-widget-heading\" data-id=\"204ed17e\" data-element_type=\"widget\" data-e-type=\"widget\" data-widget_type=\"heading.default\">\n\t\t\t\t<div class=\"elementor-widget-container\">\n\t\t\t\t\t<h2 class=\"elementor-heading-title elementor-size-default\">Interesse geweckt?<\/h2>\t\t\t\t<\/div>\n\t\t\t\t<\/div>\n\t\t\t\t<div class=\"elementor-element elementor-element-3e9c8443 elementor-widget elementor-widget-heading\" data-id=\"3e9c8443\" data-element_type=\"widget\" data-e-type=\"widget\" data-widget_type=\"heading.default\">\n\t\t\t\t<div class=\"elementor-widget-container\">\n\t\t\t\t\t<h2 class=\"elementor-heading-title elementor-size-default\">F\u00fcr weitere Informationen\nkontaktieren Sie  <span class=\"active\">JConsulting &amp; Training<\/span> \u00fcber die folgenden Kontaktm\u00f6glichkeiten<\/h2>\t\t\t\t<\/div>\n\t\t\t\t<\/div>\n\t\t\t\t\t<\/div>\n\t\t<\/div>\n\t\t\t\t<div class=\"elementor-column elementor-col-33 elementor-inner-column elementor-element elementor-element-70868213\" data-id=\"70868213\" data-element_type=\"column\" data-e-type=\"column\">\n\t\t\t<div class=\"elementor-widget-wrap\">\n\t\t\t\t\t\t\t<\/div>\n\t\t<\/div>\n\t\t\t\t\t<\/div>\n\t\t<\/section>\n\t\t\t\t<section class=\"elementor-section elementor-inner-section elementor-element elementor-element-13e91679 elementor-section-boxed elementor-section-height-default elementor-section-height-default\" data-id=\"13e91679\" data-element_type=\"section\" data-e-type=\"section\">\n\t\t\t\t\t\t<div class=\"elementor-container elementor-column-gap-no\">\n\t\t\t\t\t<div class=\"elementor-column elementor-col-33 elementor-inner-column elementor-element elementor-element-64317ef4\" data-id=\"64317ef4\" data-element_type=\"column\" data-e-type=\"column\">\n\t\t\t<div class=\"elementor-widget-wrap elementor-element-populated\">\n\t\t\t\t\t\t<div class=\"elementor-element elementor-element-76119f01 elementor-position-top elementor-widget elementor-widget-image-box\" data-id=\"76119f01\" data-element_type=\"widget\" data-e-type=\"widget\" data-widget_type=\"image-box.default\">\n\t\t\t\t<div class=\"elementor-widget-container\">\n\t\t\t\t\t<div class=\"elementor-image-box-wrapper\"><figure class=\"elementor-image-box-img\"><img decoding=\"async\" src=\"https:\/\/xstore.8theme.com\/elementor\/demos\/online-courses\/wp-content\/uploads\/sites\/60\/2021\/02\/our-address.jpg\" title=\"\" alt=\"\" loading=\"lazy\" \/><\/figure><div class=\"elementor-image-box-content\"><h3 class=\"elementor-image-box-title\">Unsere Adresse<\/h3><p class=\"elementor-image-box-description\">Knollstr. 10<\/br>49179 Ostercappeln<\/br>Deutschland<\/p><\/div><\/div>\t\t\t\t<\/div>\n\t\t\t\t<\/div>\n\t\t\t\t\t<\/div>\n\t\t<\/div>\n\t\t\t\t<div class=\"elementor-column elementor-col-33 elementor-inner-column elementor-element elementor-element-4824890d\" data-id=\"4824890d\" data-element_type=\"column\" data-e-type=\"column\">\n\t\t\t<div class=\"elementor-widget-wrap elementor-element-populated\">\n\t\t\t\t\t\t<div class=\"elementor-element elementor-element-39bf1005 elementor-position-top elementor-widget elementor-widget-image-box\" data-id=\"39bf1005\" data-element_type=\"widget\" data-e-type=\"widget\" data-widget_type=\"image-box.default\">\n\t\t\t\t<div class=\"elementor-widget-container\">\n\t\t\t\t\t<div class=\"elementor-image-box-wrapper\"><figure class=\"elementor-image-box-img\"><img decoding=\"async\" src=\"https:\/\/xstore.8theme.com\/elementor\/demos\/online-courses\/wp-content\/uploads\/sites\/60\/2021\/02\/contact-us.jpg\" title=\"\" alt=\"\" loading=\"lazy\" \/><\/figure><div class=\"elementor-image-box-content\"><h3 class=\"elementor-image-box-title\">Unsere Kontakte<\/h3><p class=\"elementor-image-box-description\">Telefon: +49 5473 - 9129808 - 0<br>Telefax: +49 5473 - 9129808 - 9<br>\nMail: info@jc-training.de<\/p><\/div><\/div>\t\t\t\t<\/div>\n\t\t\t\t<\/div>\n\t\t\t\t\t<\/div>\n\t\t<\/div>\n\t\t\t\t<div class=\"elementor-column elementor-col-33 elementor-inner-column elementor-element elementor-element-3b54ac19\" data-id=\"3b54ac19\" data-element_type=\"column\" data-e-type=\"column\">\n\t\t\t<div class=\"elementor-widget-wrap elementor-element-populated\">\n\t\t\t\t\t\t<div class=\"elementor-element elementor-element-7b5491c1 elementor-position-top elementor-widget elementor-widget-image-box\" data-id=\"7b5491c1\" data-element_type=\"widget\" data-e-type=\"widget\" data-widget_type=\"image-box.default\">\n\t\t\t\t<div class=\"elementor-widget-container\">\n\t\t\t\t\t<div class=\"elementor-image-box-wrapper\"><figure class=\"elementor-image-box-img\"><img decoding=\"async\" src=\"https:\/\/xstore.8theme.com\/elementor\/demos\/online-courses\/wp-content\/uploads\/sites\/60\/2021\/02\/hour.jpg\" title=\"\" alt=\"\" loading=\"lazy\" \/><\/figure><div class=\"elementor-image-box-content\"><h3 class=\"elementor-image-box-title\">\u00d6ffnungszeiten f\u00fcr Beratungsgespr\u00e4che<\/h3><p class=\"elementor-image-box-description\">Montag - Freitag: 09:00 - 19:00<br><\/p><\/div><\/div>\t\t\t\t<\/div>\n\t\t\t\t<\/div>\n\t\t\t\t\t<\/div>\n\t\t<\/div>\n\t\t\t\t\t<\/div>\n\t\t<\/section>\n\t\t\t\t\t<\/div>\n\t\t<\/div>\n\t\t\t\t\t<\/div>\n\t\t<\/section>\n\t\t\t\t<section class=\"elementor-section elementor-top-section elementor-element elementor-element-1106730 elementor-section-stretched elementor-section-boxed elementor-section-height-default elementor-section-height-default\" data-id=\"1106730\" data-element_type=\"section\" data-e-type=\"section\" data-settings=\"{&quot;stretch_section&quot;:&quot;section-stretched&quot;,&quot;background_background&quot;:&quot;classic&quot;}\">\n\t\t\t\t\t\t<div class=\"elementor-container elementor-column-gap-default\">\n\t\t\t\t\t<div class=\"elementor-column elementor-col-33 elementor-top-column elementor-element elementor-element-e2b5cfd\" data-id=\"e2b5cfd\" data-element_type=\"column\" data-e-type=\"column\">\n\t\t\t<div class=\"elementor-widget-wrap\">\n\t\t\t\t\t\t\t<\/div>\n\t\t<\/div>\n\t\t\t\t<div class=\"elementor-column elementor-col-33 elementor-top-column elementor-element elementor-element-6cef7ef2 elementor-invisible\" data-id=\"6cef7ef2\" data-element_type=\"column\" data-e-type=\"column\" data-settings=\"{&quot;animation&quot;:&quot;fadeInUp&quot;}\">\n\t\t\t<div class=\"elementor-widget-wrap elementor-element-populated\">\n\t\t\t\t\t\t<div class=\"elementor-element elementor-element-1167f740 elementor-widget elementor-widget-google_maps\" data-id=\"1167f740\" data-element_type=\"widget\" data-e-type=\"widget\" data-widget_type=\"google_maps.default\">\n\t\t\t\t<div class=\"elementor-widget-container\">\n\t\t\t\t\t\t\t<div class=\"elementor-custom-embed\">\n\t\t\t<iframe loading=\"lazy\"\n\t\t\t\t\tsrc=\"https:\/\/maps.google.com\/maps?q=Knollstr.%2010%2C%2049179%20Ostercappeln&#038;t=m&#038;z=10&#038;output=embed&#038;iwloc=near\"\n\t\t\t\t\ttitle=\"Knollstr. 10, 49179 Ostercappeln\"\n\t\t\t\t\taria-label=\"Knollstr. 10, 49179 Ostercappeln\"\n\t\t\t><\/iframe>\n\t\t<\/div>\n\t\t\t\t\t\t<\/div>\n\t\t\t\t<\/div>\n\t\t\t\t\t<\/div>\n\t\t<\/div>\n\t\t\t\t<div class=\"elementor-column elementor-col-33 elementor-top-column elementor-element elementor-element-44b7158b\" data-id=\"44b7158b\" data-element_type=\"column\" data-e-type=\"column\">\n\t\t\t<div class=\"elementor-widget-wrap\">\n\t\t\t\t\t\t\t<\/div>\n\t\t<\/div>\n\t\t\t\t\t<\/div>\n\t\t<\/section>\n\t\t\t\t<\/div>","protected":false},"excerpt":{"rendered":"<p>psychologische Organisationsentwicklung Menschen entwickeln Organisationen Die Strukturen einer Organisation sind nicht reiner Selbstzweck, sondern dienen dem reibungslosen Ablauf von Prozessen. Somit entwickeln sich Unternehmen fortw\u00e4hrend<\/p>","protected":false},"author":2174,"featured_media":0,"parent":0,"menu_order":0,"comment_status":"closed","ping_status":"closed","template":"","meta":{"_price":"","_stock":"","_tribe_ticket_header":"","_tribe_default_ticket_provider":"","_tribe_ticket_capacity":"0","_ticket_start_date":"","_ticket_end_date":"","_tribe_ticket_show_description":"","_tribe_ticket_show_not_going":false,"_tribe_ticket_use_global_stock":"","_tribe_ticket_global_stock_level":"","_global_stock_mode":"","_global_stock_cap":"","_tribe_rsvp_for_event":"","_tribe_ticket_going_count":"","_tribe_ticket_not_going_count":"","_tribe_tickets_list":"[]","_tribe_ticket_has_attendee_info_fields":false,"_EventAllDay":false,"_EventTimezone":"","_EventStartDate":"","_EventEndDate":"","_EventStartDateUTC":"","_EventEndDateUTC":"","_EventShowMap":false,"_EventShowMapLink":false,"_EventURL":"","_EventCost":"","_EventCostDescription":"","_EventCurrencySymbol":"","_EventCurrencyCode":"","_EventCurrencyPosition":"","_EventDateTimeSeparator":"","_EventTimeRangeSeparator":"","_EventOrganizerID":[],"_EventVenueID":[],"_OrganizerEmail":"","_OrganizerPhone":"","_OrganizerWebsite":"","_VenueAddress":"","_VenueCity":"","_VenueCountry":"","_VenueProvince":"","_VenueState":"","_VenueZip":"","_VenuePhone":"","_VenueURL":"","_VenueStateProvince":"","_VenueLat":"","_VenueLng":"","_VenueShowMap":false,"_VenueShowMapLink":false,"productId":0,"courseId":0,"footnotes":"","_tec_slr_enabled":"","_tec_slr_layout":""},"class_list":["post-4845","page","type-page","status-publish","hentry"],"ticketed":false,"_links":{"self":[{"href":"https:\/\/www.jc-training.de\/en\/wp-json\/wp\/v2\/pages\/4845","targetHints":{"allow":["GET"]}}],"collection":[{"href":"https:\/\/www.jc-training.de\/en\/wp-json\/wp\/v2\/pages"}],"about":[{"href":"https:\/\/www.jc-training.de\/en\/wp-json\/wp\/v2\/types\/page"}],"author":[{"embeddable":true,"href":"https:\/\/www.jc-training.de\/en\/wp-json\/wp\/v2\/users\/2174"}],"replies":[{"embeddable":true,"href":"https:\/\/www.jc-training.de\/en\/wp-json\/wp\/v2\/comments?post=4845"}],"version-history":[{"count":52,"href":"https:\/\/www.jc-training.de\/en\/wp-json\/wp\/v2\/pages\/4845\/revisions"}],"predecessor-version":[{"id":6091,"href":"https:\/\/www.jc-training.de\/en\/wp-json\/wp\/v2\/pages\/4845\/revisions\/6091"}],"wp:attachment":[{"href":"https:\/\/www.jc-training.de\/en\/wp-json\/wp\/v2\/media?parent=4845"}],"curies":[{"name":"wp","href":"https:\/\/api.w.org\/{rel}","templated":true}]}}