{"id":4050,"date":"2023-03-05T11:25:43","date_gmt":"2023-03-05T11:25:43","guid":{"rendered":"https:\/\/www.jc-training.de\/?post_type=product&#038;p=4050"},"modified":"2025-02-05T19:48:08","modified_gmt":"2025-02-05T18:48:08","slug":"gruppendynamik","status":"publish","type":"product","link":"https:\/\/www.jc-training.de\/en\/product\/gruppendynamik\/","title":{"rendered":"Gruppendynamik"},"content":{"rendered":"<div data-elementor-type=\"product-post\" data-elementor-id=\"4050\" class=\"elementor elementor-4050\" data-elementor-post-type=\"product\">\n\t\t\t\t\t\t<section class=\"elementor-section elementor-top-section elementor-element elementor-element-433586ae elementor-section-boxed elementor-section-height-default elementor-section-height-default\" data-id=\"433586ae\" data-element_type=\"section\" data-e-type=\"section\">\n\t\t\t\t\t\t<div class=\"elementor-container elementor-column-gap-default\">\n\t\t\t\t\t<div class=\"elementor-column elementor-col-100 elementor-top-column elementor-element elementor-element-17c10996\" data-id=\"17c10996\" data-element_type=\"column\" data-e-type=\"column\">\n\t\t\t<div class=\"elementor-widget-wrap elementor-element-populated\">\n\t\t\t\t\t\t<div class=\"elementor-element elementor-element-7e86bfc5 elementor-widget elementor-widget-text-editor\" data-id=\"7e86bfc5\" data-element_type=\"widget\" data-e-type=\"widget\" data-widget_type=\"text-editor.default\">\n\t\t\t\t<div class=\"elementor-widget-container\">\n\t\t\t\t\t\t\t\t\t<p><span style=\"vertical-align: inherit;\"><span style=\"vertical-align: inherit;\">Gruppendynamik erleben wir als sozialpsychologisches Ph\u00e4nomen sobald mehrere Menschen aufeinander treffen. Unsere Interaktion in unterschiedlichen Gruppen ist die Basis von Erfolg oder Misserfolg im beruflichen wie privaten Kontext. Jede Person agiert in jeder Gruppe anders, jede Gruppe spricht jedes Mitglied anders an und l\u00f6st Unterschiedliches aus. Somit entscheiden soziale F\u00e4higkeiten mehr \u00fcber die Geschicke einer Organisation als reines Wissen und fachliche Kompetenzen.<\/span><\/span><\/p><p><span style=\"vertical-align: inherit;\"><span style=\"vertical-align: inherit;\">Das Seminarthema richtet sich besonders an Projektverantwortliche und F\u00fchrungskr\u00e4fte die in unterschiedlichen Gruppen und Teams Menschen zielgerichtet und produktiv miteinander verkn\u00fcpfen m\u00fcssen um bestm\u00f6gliche Ergebnisse zu erreichen. Aber auch an genau die Mitarbeitende, die im Kontakt mit anderen Menschen h\u00e4ufig St\u00f6rungen hinterlassen und die Zusammenarbeit nachhaltig erschweren.<\/span><\/span><\/p><p><span style=\"vertical-align: inherit;\"><span style=\"vertical-align: inherit;\">In diesem Seminar lernen die Teilnehmerinnen und Teilnehmer ihr Verhalten durch die Gruppe zu reflektieren und eine Anpassung im Sinne der eigenen Intention vorzunehmen.<\/span><\/span><\/p><p><span style=\"vertical-align: inherit;\"><span style=\"vertical-align: inherit;\">Wie erleben mich andere in der Zusammenarbeit in der Gruppe?<\/span><\/span><br \/><span style=\"vertical-align: inherit;\"><span style=\"vertical-align: inherit;\">Wie beobachte, analysiere und beeinflusse ich Prozesse in der Gruppe?<\/span><\/span><br \/><span style=\"vertical-align: inherit;\"><span style=\"vertical-align: inherit;\">Wie f\u00f6rdere\/behindere ich durch meine Einstellung und mein Verhalten die Entwicklung der Gruppe, Einzelner und mich selbst?<\/span><\/span><br \/><span style=\"vertical-align: inherit;\"><span style=\"vertical-align: inherit;\">Welche praxisorientierten Techniken und Vorgehensweisen helfen mir, den Rahmen f\u00fcr Zusammenarbeit zu schaffen?<\/span><\/span><br \/><span style=\"vertical-align: inherit;\"><span style=\"vertical-align: inherit;\">Welche meiner Verhaltensweisen erm\u00f6glichen oder erschweren Raum f\u00fcr Handeln, Verantwortung und Entscheidung in der Gruppe?<\/span><\/span><\/p>\t\t\t\t\t\t\t\t<\/div>\n\t\t\t\t<\/div>\n\t\t\t\t\t<\/div>\n\t\t<\/div>\n\t\t\t\t\t<\/div>\n\t\t<\/section>\n\t\t\t\t<section class=\"elementor-section elementor-top-section elementor-element elementor-element-6e54812 elementor-section-boxed elementor-section-height-default elementor-section-height-default\" data-id=\"6e54812\" data-element_type=\"section\" data-e-type=\"section\">\n\t\t\t\t\t\t<div class=\"elementor-container elementor-column-gap-default\">\n\t\t\t\t\t<div class=\"elementor-column elementor-col-100 elementor-top-column elementor-element elementor-element-e529d77\" data-id=\"e529d77\" data-element_type=\"column\" data-e-type=\"column\">\n\t\t\t<div class=\"elementor-widget-wrap\">\n\t\t\t\t\t\t\t<\/div>\n\t\t<\/div>\n\t\t\t\t\t<\/div>\n\t\t<\/section>\n\t\t\t\t<section class=\"elementor-section elementor-top-section elementor-element elementor-element-cc61a57 elementor-section-boxed elementor-section-height-default elementor-section-height-default\" data-id=\"cc61a57\" data-element_type=\"section\" data-e-type=\"section\">\n\t\t\t\t\t\t<div class=\"elementor-container elementor-column-gap-default\">\n\t\t\t\t\t<div class=\"elementor-column elementor-col-100 elementor-top-column elementor-element elementor-element-5ecc5d5\" data-id=\"5ecc5d5\" data-element_type=\"column\" data-e-type=\"column\">\n\t\t\t<div class=\"elementor-widget-wrap elementor-element-populated\">\n\t\t\t\t\t\t<div class=\"elementor-element elementor-element-eef2ab1 elementor--h-position-center elementor--v-position-middle elementor-arrows-position-inside elementor-pagination-position-inside elementor-widget elementor-widget-slides\" data-id=\"eef2ab1\" data-element_type=\"widget\" data-e-type=\"widget\" data-settings=\"{&quot;transition_speed&quot;:800,&quot;navigation&quot;:&quot;both&quot;,&quot;autoplay&quot;:&quot;yes&quot;,&quot;pause_on_hover&quot;:&quot;yes&quot;,&quot;pause_on_interaction&quot;:&quot;yes&quot;,&quot;autoplay_speed&quot;:5000,&quot;infinite&quot;:&quot;yes&quot;,&quot;transition&quot;:&quot;slide&quot;}\" data-widget_type=\"slides.default\">\n\t\t\t\t<div class=\"elementor-widget-container\">\n\t\t\t\t\t\t\t\t\t<div class=\"elementor-swiper\">\n\t\t\t\t\t<div class=\"elementor-slides-wrapper elementor-main-swiper swiper\" role=\"region\" aria-roledescription=\"carousel\" aria-label=\"Slides\" dir=\"ltr\" data-animation=\"fadeInUp\" data-no-translation-aria-label=\"\">\n\t\t\t\t<div class=\"swiper-wrapper elementor-slides\">\n\t\t\t\t\t\t\t\t\t\t<div class=\"elementor-repeater-item-04a24bc swiper-slide\" role=\"group\" aria-roledescription=\"slide\"><div class=\"swiper-slide-bg\" role=\"img\" aria-label=\"Diverse international executive business partners group discuss report at boardroom meeting table. Multiracial team negotiating project developing business strategy doing paperwork analysis in office.\"><\/div><div class=\"swiper-slide-inner\" ><div class=\"swiper-slide-contents\"><div class=\"elementor-slide-heading\">Gruppendynamik verstehen<\/div><div class=\"elementor-slide-description\">Synergien nutzen<\/div><\/div><\/div><\/div><div class=\"elementor-repeater-item-28f7778 swiper-slide\" role=\"group\" aria-roledescription=\"slide\"><div class=\"swiper-slide-bg\" role=\"img\" aria-label=\"AdobeStock_265815625 klein\"><\/div><div class=\"swiper-slide-inner\" ><div class=\"swiper-slide-contents\"><div class=\"elementor-slide-heading\">Prozesse steuern<\/div><div class=\"elementor-slide-description\">St\u00f6rungen bearbeiten<\/div><\/div><\/div><\/div><div class=\"elementor-repeater-item-392d7c2 swiper-slide\" role=\"group\" aria-roledescription=\"slide\"><div class=\"swiper-slide-bg\" role=\"img\" aria-label=\"\"><\/div><div class=\"swiper-slide-inner\" ><div class=\"swiper-slide-contents\"><div class=\"elementor-slide-heading\">Wirksame Zusammenarbeit<\/div><div class=\"elementor-slide-description\">Kommunikation f\u00f6rdern<\/div><\/div><\/div><\/div>\t\t\t\t<\/div>\n\t\t\t\t\t\t\t\t\t\t\t\t\t\t\t<div class=\"elementor-swiper-button elementor-swiper-button-prev\" role=\"button\" tabindex=\"0\" aria-label=\"Vorheriger Slide\" data-no-translation-aria-label=\"\">\n\t\t\t\t\t\t\t<i aria-hidden=\"true\" class=\"eicon-chevron-left\"><\/i>\t\t\t\t\t\t<\/div>\n\t\t\t\t\t\t<div class=\"elementor-swiper-button elementor-swiper-button-next\" role=\"button\" tabindex=\"0\" aria-label=\"N\u00e4chster Slide\" data-no-translation-aria-label=\"\">\n\t\t\t\t\t\t\t<i aria-hidden=\"true\" class=\"eicon-chevron-right\"><\/i>\t\t\t\t\t\t<\/div>\n\t\t\t\t\t\t\t\t\t\t\t\t\t\t\t\t<div class=\"swiper-pagination\"><\/div>\n\t\t\t\t\t\t\t\t\t\t\t\t<\/div>\n\t\t\t\t<\/div>\n\t\t\t\t\t\t\t\t<\/div>\n\t\t\t\t<\/div>\n\t\t\t\t\t<\/div>\n\t\t<\/div>\n\t\t\t\t\t<\/div>\n\t\t<\/section>\n\t\t\t\t<\/div>","protected":false},"excerpt":{"rendered":"<p align=\"center\">5 Tage<br \/>\n-Gruppendynamik-<\/p>","protected":false},"featured_media":3631,"template":"","meta":{"_price":"1950","_stock":null,"_tribe_ticket_header":"","_tribe_default_ticket_provider":"","_tribe_ticket_capacity":"0","_ticket_start_date":"","_ticket_end_date":"","_tribe_ticket_show_description":"","_tribe_ticket_show_not_going":false,"_tribe_ticket_use_global_stock":"","_tribe_ticket_global_stock_level":"","_global_stock_mode":"","_global_stock_cap":"","_tribe_rsvp_for_event":"","_tribe_ticket_going_count":"","_tribe_ticket_not_going_count":"","_tribe_tickets_list":"[]","_tribe_ticket_has_attendee_info_fields":false,"_EventAllDay":false,"_EventTimezone":"","_EventStartDate":"","_EventEndDate":"","_EventStartDateUTC":"","_EventEndDateUTC":"","_EventShowMap":false,"_EventShowMapLink":false,"_EventURL":"","_EventCost":"","_EventCostDescription":"","_EventCurrencySymbol":"","_EventCurrencyCode":"","_EventCurrencyPosition":"","_EventDateTimeSeparator":"","_EventTimeRangeSeparator":"","_EventOrganizerID":[],"_EventVenueID":[],"_OrganizerEmail":"","_OrganizerPhone":"","_OrganizerWebsite":"","_VenueAddress":"","_VenueCity":"","_VenueCountry":"","_VenueProvince":"","_VenueState":"","_VenueZip":"","_VenuePhone":"","_VenueURL":"","_VenueStateProvince":"","_VenueLat":"","_VenueLng":"","_VenueShowMap":false,"_VenueShowMapLink":false,"_tec_slr_enabled":"","_tec_slr_layout":""},"etheme_brands":[{"term_id":261,"name":"pers\u00f6nliche Entwicklung","slug":"persoenliche-entwicklung","term_group":0,"term_taxonomy_id":261,"taxonomy":"brand","description":"","parent":0,"count":8,"filter":"raw"}],"product_brand":[],"product_cat":[181,134,129],"product_tag":[138,142,141,139,143,145,137,144,140],"class_list":{"0":"post-4050","1":"product","2":"type-product","3":"status-publish","4":"has-post-thumbnail","6":"brand-persoenliche-entwicklung","7":"product_cat-kommunikation","8":"product_cat-persoenliche-entwicklung","9":"product_cat-seminare","10":"product_tag-emotionale-kompetenz","11":"product_tag-fuehrung","12":"product_tag-fuehrungskompetenz","13":"product_tag-gruppe","14":"product_tag-gruppendynamik","15":"product_tag-projekt","16":"product_tag-soziale-kompetenz","17":"product_tag-teamkonflikte","18":"product_tag-zusammenarbeit","20":"first","21":"instock","22":"downloadable","23":"virtual","24":"taxable","25":"purchasable","26":"product-type-simple"},"_links":{"self":[{"href":"https:\/\/www.jc-training.de\/en\/wp-json\/wp\/v2\/product\/4050","targetHints":{"allow":["GET"]}}],"collection":[{"href":"https:\/\/www.jc-training.de\/en\/wp-json\/wp\/v2\/product"}],"about":[{"href":"https:\/\/www.jc-training.de\/en\/wp-json\/wp\/v2\/types\/product"}],"version-history":[{"count":116,"href":"https:\/\/www.jc-training.de\/en\/wp-json\/wp\/v2\/product\/4050\/revisions"}],"predecessor-version":[{"id":6031,"href":"https:\/\/www.jc-training.de\/en\/wp-json\/wp\/v2\/product\/4050\/revisions\/6031"}],"wp:featuredmedia":[{"embeddable":true,"href":"https:\/\/www.jc-training.de\/en\/wp-json\/wp\/v2\/media\/3631"}],"wp:attachment":[{"href":"https:\/\/www.jc-training.de\/en\/wp-json\/wp\/v2\/media?parent=4050"}],"wp:term":[{"taxonomy":"brand","embeddable":true,"href":"https:\/\/www.jc-training.de\/en\/wp-json\/wp\/v2\/etheme_brands?post=4050"},{"taxonomy":"product_brand","embeddable":true,"href":"https:\/\/www.jc-training.de\/en\/wp-json\/wp\/v2\/product_brand?post=4050"},{"taxonomy":"product_cat","embeddable":true,"href":"https:\/\/www.jc-training.de\/en\/wp-json\/wp\/v2\/product_cat?post=4050"},{"taxonomy":"product_tag","embeddable":true,"href":"https:\/\/www.jc-training.de\/en\/wp-json\/wp\/v2\/product_tag?post=4050"}],"curies":[{"name":"wp","href":"https:\/\/api.w.org\/{rel}","templated":true}]}}