{"id":4536,"date":"2023-05-31T15:36:03","date_gmt":"2023-05-31T15:36:03","guid":{"rendered":"https:\/\/www.jc-training.de\/?post_type=product&#038;p=4536"},"modified":"2025-02-05T19:47:25","modified_gmt":"2025-02-05T18:47:25","slug":"fuehrungskompetenz","status":"publish","type":"product","link":"https:\/\/www.jc-training.de\/en\/product\/fuehrungskompetenz\/","title":{"rendered":"F\u00fchrungskompetenz"},"content":{"rendered":"<div data-elementor-type=\"product-post\" data-elementor-id=\"4536\" class=\"elementor elementor-4536\" data-elementor-post-type=\"product\">\n\t\t\t\t\t\t<section class=\"elementor-section elementor-top-section elementor-element elementor-element-edf102f elementor-section-boxed elementor-section-height-default elementor-section-height-default\" data-id=\"edf102f\" data-element_type=\"section\" data-e-type=\"section\">\n\t\t\t\t\t\t<div class=\"elementor-container elementor-column-gap-default\">\n\t\t\t\t\t<div class=\"elementor-column elementor-col-50 elementor-top-column elementor-element elementor-element-46595fa\" data-id=\"46595fa\" data-element_type=\"column\" data-e-type=\"column\">\n\t\t\t<div class=\"elementor-widget-wrap elementor-element-populated\">\n\t\t\t\t\t\t<div class=\"elementor-element elementor-element-41d67dd elementor-widget elementor-widget-text-editor\" data-id=\"41d67dd\" data-element_type=\"widget\" data-e-type=\"widget\" data-widget_type=\"text-editor.default\">\n\t\t\t\t<div class=\"elementor-widget-container\">\n\t\t\t\t\t\t\t\t\t<p><b>menschlich, professionell<\/b><\/p><p>Im Berufsleben wird vielfach erwartet, dass man mit seinen Anforderungen w\u00e4chst. Doch wie entsteht dieses pers\u00f6nliche Wachstum? Insbesondere, wenn auf einmal nicht mehr nur die eigene Fachexpertise gefragt ist, sondern auch die F\u00fchrung von Menschen hinzukommt. Nicht selten erleben Menschen in solchen Situationen, dass die altbew\u00e4hrten Verhaltensmuster unerwartete Ergebnisse erzielen. Schnell ist klar, es braucht auch hier neue Kompetenzen.<\/p><p>Die beiden Seminar-Module f\u00f6rdern erfahrene F\u00fchrungskr\u00e4fte beim Ausbau ihrer F\u00fchrungskompetenz und bieten aufstrebenden F\u00fchrungskr\u00e4ften das erforderliche Handwerkszeug, um sich auf eine solche Position ideal vorzubereiten. Im Seminar lernen die Teilnehmer Schritt f\u00fcr Schritt ihren pers\u00f6nlichen F\u00fchrungsstil kennen und konsequent zu leben.<\/p>\t\t\t\t\t\t\t\t<\/div>\n\t\t\t\t<\/div>\n\t\t\t\t\t<\/div>\n\t\t<\/div>\n\t\t\t\t<div class=\"elementor-column elementor-col-50 elementor-top-column elementor-element elementor-element-2a2c8c5\" data-id=\"2a2c8c5\" data-element_type=\"column\" data-e-type=\"column\">\n\t\t\t<div class=\"elementor-widget-wrap elementor-element-populated\">\n\t\t\t\t\t\t<div class=\"elementor-element elementor-element-0adaf66 elementor-widget elementor-widget-accordion\" data-id=\"0adaf66\" data-element_type=\"widget\" data-e-type=\"widget\" data-widget_type=\"accordion.default\">\n\t\t\t\t<div class=\"elementor-widget-container\">\n\t\t\t\t\t\t\t<div class=\"elementor-accordion\">\n\t\t\t\t\t\t\t<div class=\"elementor-accordion-item\">\n\t\t\t\t\t<div id=\"elementor-tab-title-1131\" class=\"elementor-tab-title\" data-tab=\"1\" role=\"button\" aria-controls=\"elementor-tab-content-1131\" aria-expanded=\"false\">\n\t\t\t\t\t\t\t\t\t\t\t\t\t<span class=\"elementor-accordion-icon elementor-accordion-icon-left\" aria-hidden=\"true\">\n\t\t\t\t\t\t\t\t\t\t\t\t\t\t\t<span class=\"elementor-accordion-icon-closed\"><i class=\"fas fa-plus\"><\/i><\/span>\n\t\t\t\t\t\t\t\t<span class=\"elementor-accordion-icon-opened\"><i class=\"fas fa-minus\"><\/i><\/span>\n\t\t\t\t\t\t\t\t\t\t\t\t\t\t<\/span>\n\t\t\t\t\t\t\t\t\t\t\t\t<a class=\"elementor-accordion-title\" tabindex=\"0\">Modul A<\/a>\n\t\t\t\t\t<\/div>\n\t\t\t\t\t<div id=\"elementor-tab-content-1131\" class=\"elementor-tab-content elementor-clearfix\" data-tab=\"1\" role=\"region\" aria-labelledby=\"elementor-tab-title-1131\"><p>Die Reflexion des eigenen F\u00fchrungshandelns ist der Schwerpunkt des ersten Moduls. Erste F\u00fchrungsinstrumente werden gemeinsam\u00a0 aufbereitet und trainiert.<\/p><p>\u2022 Erwartungen und Anforderungen an F\u00fchrung<br \/>\u2022 F\u00fchrungsrolle, Werte und Kultur<br \/>\u2022 F\u00fchrungsaufgaben, F\u00fchrungsinstrumente, F\u00fchrungsverhalten<br \/>\u2022 Situatives F\u00fchren<br \/>\u2022 Gesundes F\u00fchren und f\u00fchren in Teilzeit<br \/>\u2022 Motivation, Einbeziehung, Delegation<\/p><\/div>\n\t\t\t\t<\/div>\n\t\t\t\t\t\t\t<div class=\"elementor-accordion-item\">\n\t\t\t\t\t<div id=\"elementor-tab-title-1132\" class=\"elementor-tab-title\" data-tab=\"2\" role=\"button\" aria-controls=\"elementor-tab-content-1132\" aria-expanded=\"false\">\n\t\t\t\t\t\t\t\t\t\t\t\t\t<span class=\"elementor-accordion-icon elementor-accordion-icon-left\" aria-hidden=\"true\">\n\t\t\t\t\t\t\t\t\t\t\t\t\t\t\t<span class=\"elementor-accordion-icon-closed\"><i class=\"fas fa-plus\"><\/i><\/span>\n\t\t\t\t\t\t\t\t<span class=\"elementor-accordion-icon-opened\"><i class=\"fas fa-minus\"><\/i><\/span>\n\t\t\t\t\t\t\t\t\t\t\t\t\t\t<\/span>\n\t\t\t\t\t\t\t\t\t\t\t\t<a class=\"elementor-accordion-title\" tabindex=\"0\">Modul B<\/a>\n\t\t\t\t\t<\/div>\n\t\t\t\t\t<div id=\"elementor-tab-content-1132\" class=\"elementor-tab-content elementor-clearfix\" data-tab=\"2\" role=\"region\" aria-labelledby=\"elementor-tab-title-1132\"><p>Hier erkennen die Teilnehmer die Wirksamkeit Ihrer F\u00fchrungsinstrumente und insbesondere Ihres pers\u00f6nlichen F\u00fchrungsverhaltens anhand eines Outdoor-Trainings. Sie leiten selbstst\u00e4ndig Reflexionsprozesse ein und optimieren zielgerichtet die Gruppenprozesse.<\/p><p>\u2022 Welche Bedeutung haben f\u00fcr mich Vereinbarungen in Ma\u00dfnahmenplanungen?<br \/>\u2022 Wie erleben mich andere als F\u00fchrungskraft?<br \/>\u2022 Wie kann ich Gruppenprozesse bewusst steuern und das Arbeitsergebnis optimieren?<br \/>\u2022 Welche Voraussetzungen und Faktoren erfolgreicher Zusammenarbeit gibt es?<br \/>\u2022 Wie entsteht Motivation und welche M\u00f6glichkeiten habe ich diese zu beeinflussen?<\/p><\/div>\n\t\t\t\t<\/div>\n\t\t\t\t\t\t\t\t<\/div>\n\t\t\t\t\t\t<\/div>\n\t\t\t\t<\/div>\n\t\t\t\t\t<\/div>\n\t\t<\/div>\n\t\t\t\t\t<\/div>\n\t\t<\/section>\n\t\t\t\t<section class=\"elementor-section elementor-top-section elementor-element elementor-element-433586ae elementor-section-boxed elementor-section-height-default elementor-section-height-default\" data-id=\"433586ae\" data-element_type=\"section\" data-e-type=\"section\">\n\t\t\t\t\t\t<div class=\"elementor-container elementor-column-gap-default\">\n\t\t\t\t\t<div class=\"elementor-column elementor-col-100 elementor-top-column elementor-element elementor-element-17c10996\" data-id=\"17c10996\" data-element_type=\"column\" data-e-type=\"column\">\n\t\t\t<div class=\"elementor-widget-wrap elementor-element-populated\">\n\t\t\t\t\t\t\t<\/div>\n\t\t<\/div>\n\t\t\t\t\t<\/div>\n\t\t<\/section>\n\t\t\t\t<section class=\"elementor-section elementor-top-section elementor-element elementor-element-002ca4a elementor-section-boxed elementor-section-height-default elementor-section-height-default\" data-id=\"002ca4a\" data-element_type=\"section\" data-e-type=\"section\">\n\t\t\t\t\t\t<div class=\"elementor-container elementor-column-gap-default\">\n\t\t\t\t\t<div class=\"elementor-column elementor-col-100 elementor-top-column elementor-element elementor-element-e1ca75e\" data-id=\"e1ca75e\" data-element_type=\"column\" data-e-type=\"column\">\n\t\t\t<div class=\"elementor-widget-wrap elementor-element-populated\">\n\t\t\t\t\t\t<div class=\"elementor-element elementor-element-f8e30a3 elementor--h-position-center elementor--v-position-middle elementor-arrows-position-inside elementor-pagination-position-inside elementor-widget elementor-widget-global elementor-global-4550 elementor-widget-slides\" data-id=\"f8e30a3\" data-element_type=\"widget\" data-e-type=\"widget\" data-settings=\"{&quot;navigation&quot;:&quot;both&quot;,&quot;autoplay&quot;:&quot;yes&quot;,&quot;pause_on_hover&quot;:&quot;yes&quot;,&quot;pause_on_interaction&quot;:&quot;yes&quot;,&quot;autoplay_speed&quot;:5000,&quot;infinite&quot;:&quot;yes&quot;,&quot;transition&quot;:&quot;slide&quot;,&quot;transition_speed&quot;:500}\" data-widget_type=\"slides.default\">\n\t\t\t\t<div class=\"elementor-widget-container\">\n\t\t\t\t\t\t\t\t\t<div class=\"elementor-swiper\">\n\t\t\t\t\t<div class=\"elementor-slides-wrapper elementor-main-swiper swiper\" role=\"region\" aria-roledescription=\"carousel\" aria-label=\"Slides\" dir=\"ltr\" data-animation=\"fadeInUp\">\n\t\t\t\t<div class=\"swiper-wrapper elementor-slides\">\n\t\t\t\t\t\t\t\t\t\t<div class=\"elementor-repeater-item-44060e7 swiper-slide\" role=\"group\" aria-roledescription=\"slide\"><div class=\"swiper-slide-bg\" role=\"img\" aria-label=\"\"><\/div><div class=\"swiper-slide-inner\" ><div class=\"swiper-slide-contents\"><div class=\"elementor-slide-heading\">F\u00fchrungskompetenz<\/div><div class=\"elementor-slide-description\">menschlich, professionell<\/div><\/div><\/div><\/div><div class=\"elementor-repeater-item-0cb59e5 swiper-slide\" role=\"group\" aria-roledescription=\"slide\"><div class=\"swiper-slide-bg\" role=\"img\" aria-label=\"AdobeStock_295110698 k\"><\/div><div class=\"swiper-slide-inner\" ><div class=\"swiper-slide-contents\"><div class=\"elementor-slide-heading\">Mitarbeitergespr\u00e4che<\/div><div class=\"elementor-slide-description\">souver\u00e4n, auf Augenh\u00f6he<\/div><\/div><\/div><\/div><div class=\"elementor-repeater-item-098c988 swiper-slide\" role=\"group\" aria-roledescription=\"slide\"><div class=\"swiper-slide-bg\" role=\"img\" aria-label=\"Gruppendynamik- wirksame Zusammenarbeit\"><\/div><div class=\"swiper-slide-inner\" ><div class=\"swiper-slide-contents\"><div class=\"elementor-slide-heading\">Zusammenarbeit<\/div><div class=\"elementor-slide-description\">wirksam, verbunden<\/div><\/div><\/div><\/div>\t\t\t\t<\/div>\n\t\t\t\t\t\t\t\t\t\t\t\t\t\t\t<div class=\"elementor-swiper-button elementor-swiper-button-prev\" role=\"button\" tabindex=\"0\" aria-label=\"Previous slide\">\n\t\t\t\t\t\t\t<i aria-hidden=\"true\" class=\"eicon-chevron-left\"><\/i>\t\t\t\t\t\t<\/div>\n\t\t\t\t\t\t<div class=\"elementor-swiper-button elementor-swiper-button-next\" role=\"button\" tabindex=\"0\" aria-label=\"Next slide\">\n\t\t\t\t\t\t\t<i aria-hidden=\"true\" class=\"eicon-chevron-right\"><\/i>\t\t\t\t\t\t<\/div>\n\t\t\t\t\t\t\t\t\t\t\t\t\t\t\t\t<div class=\"swiper-pagination\"><\/div>\n\t\t\t\t\t\t\t\t\t\t\t\t<\/div>\n\t\t\t\t<\/div>\n\t\t\t\t\t\t\t\t<\/div>\n\t\t\t\t<\/div>\n\t\t\t\t\t<\/div>\n\t\t<\/div>\n\t\t\t\t\t<\/div>\n\t\t<\/section>\n\t\t\t\t<section class=\"elementor-section elementor-top-section elementor-element elementor-element-6e54812 elementor-section-boxed elementor-section-height-default elementor-section-height-default\" data-id=\"6e54812\" data-element_type=\"section\" data-e-type=\"section\">\n\t\t\t\t\t\t<div class=\"elementor-container elementor-column-gap-default\">\n\t\t\t\t\t<div class=\"elementor-column elementor-col-100 elementor-top-column elementor-element elementor-element-a87f03b\" data-id=\"a87f03b\" data-element_type=\"column\" data-e-type=\"column\">\n\t\t\t<div class=\"elementor-widget-wrap\">\n\t\t\t\t\t\t\t<\/div>\n\t\t<\/div>\n\t\t\t\t\t<\/div>\n\t\t<\/section>\n\t\t\t\t<section class=\"elementor-section elementor-top-section elementor-element elementor-element-cc61a57 elementor-section-boxed elementor-section-height-default elementor-section-height-default\" data-id=\"cc61a57\" data-element_type=\"section\" data-e-type=\"section\">\n\t\t\t\t\t\t<div class=\"elementor-container elementor-column-gap-default\">\n\t\t\t\t\t<div class=\"elementor-column elementor-col-100 elementor-top-column elementor-element elementor-element-7808170\" data-id=\"7808170\" data-element_type=\"column\" data-e-type=\"column\">\n\t\t\t<div class=\"elementor-widget-wrap\">\n\t\t\t\t\t\t\t<\/div>\n\t\t<\/div>\n\t\t\t\t\t<\/div>\n\t\t<\/section>\n\t\t\t\t<\/div>","protected":false},"excerpt":{"rendered":"<p align=\"center\">2 x 3 Tage<br \/>\n-F\u00fchrungskompetenz-<\/p>","protected":false},"featured_media":3629,"template":"","meta":{"_price":"1800","_stock":null,"_tribe_ticket_header":"","_tribe_default_ticket_provider":"","_tribe_ticket_capacity":"0","_ticket_start_date":"","_ticket_end_date":"","_tribe_ticket_show_description":"","_tribe_ticket_show_not_going":false,"_tribe_ticket_use_global_stock":"","_tribe_ticket_global_stock_level":"","_global_stock_mode":"","_global_stock_cap":"","_tribe_rsvp_for_event":"","_tribe_ticket_going_count":"","_tribe_ticket_not_going_count":"","_tribe_tickets_list":"[]","_tribe_ticket_has_attendee_info_fields":false,"_EventAllDay":false,"_EventTimezone":"","_EventStartDate":"","_EventEndDate":"","_EventStartDateUTC":"","_EventEndDateUTC":"","_EventShowMap":false,"_EventShowMapLink":false,"_EventURL":"","_EventCost":"","_EventCostDescription":"","_EventCurrencySymbol":"","_EventCurrencyCode":"","_EventCurrencyPosition":"","_EventDateTimeSeparator":"","_EventTimeRangeSeparator":"","_EventOrganizerID":[],"_EventVenueID":[],"_OrganizerEmail":"","_OrganizerPhone":"","_OrganizerWebsite":"","_VenueAddress":"","_VenueCity":"","_VenueCountry":"","_VenueProvince":"","_VenueState":"","_VenueZip":"","_VenuePhone":"","_VenueURL":"","_VenueStateProvince":"","_VenueLat":"","_VenueLng":"","_VenueShowMap":false,"_VenueShowMapLink":false,"_tec_slr_enabled":"","_tec_slr_layout":""},"etheme_brands":[{"term_id":262,"name":"Organisationsentwicklung","slug":"organisationsentwicklung","term_group":0,"term_taxonomy_id":262,"taxonomy":"brand","description":"","parent":0,"count":6,"filter":"raw"},{"term_id":261,"name":"pers\u00f6nliche Entwicklung","slug":"persoenliche-entwicklung","term_group":0,"term_taxonomy_id":261,"taxonomy":"brand","description":"","parent":0,"count":8,"filter":"raw"}],"product_brand":[],"product_cat":[181,136,134,129],"product_tag":[138,142,141,139,143,145,137,144,140],"class_list":{"0":"post-4536","1":"product","2":"type-product","3":"status-publish","4":"has-post-thumbnail","6":"brand-organisationsentwicklung","7":"brand-persoenliche-entwicklung","8":"product_cat-kommunikation","9":"product_cat-organisationsentwicklung","10":"product_cat-persoenliche-entwicklung","11":"product_cat-seminare","12":"product_tag-emotionale-kompetenz","13":"product_tag-fuehrung","14":"product_tag-fuehrungskompetenz","15":"product_tag-gruppe","16":"product_tag-gruppendynamik","17":"product_tag-projekt","18":"product_tag-soziale-kompetenz","19":"product_tag-teamkonflikte","20":"product_tag-zusammenarbeit","22":"first","23":"instock","24":"downloadable","25":"virtual","26":"taxable","27":"purchasable","28":"product-type-simple"},"_links":{"self":[{"href":"https:\/\/www.jc-training.de\/en\/wp-json\/wp\/v2\/product\/4536","targetHints":{"allow":["GET"]}}],"collection":[{"href":"https:\/\/www.jc-training.de\/en\/wp-json\/wp\/v2\/product"}],"about":[{"href":"https:\/\/www.jc-training.de\/en\/wp-json\/wp\/v2\/types\/product"}],"version-history":[{"count":24,"href":"https:\/\/www.jc-training.de\/en\/wp-json\/wp\/v2\/product\/4536\/revisions"}],"predecessor-version":[{"id":6030,"href":"https:\/\/www.jc-training.de\/en\/wp-json\/wp\/v2\/product\/4536\/revisions\/6030"}],"wp:featuredmedia":[{"embeddable":true,"href":"https:\/\/www.jc-training.de\/en\/wp-json\/wp\/v2\/media\/3629"}],"wp:attachment":[{"href":"https:\/\/www.jc-training.de\/en\/wp-json\/wp\/v2\/media?parent=4536"}],"wp:term":[{"taxonomy":"brand","embeddable":true,"href":"https:\/\/www.jc-training.de\/en\/wp-json\/wp\/v2\/etheme_brands?post=4536"},{"taxonomy":"product_brand","embeddable":true,"href":"https:\/\/www.jc-training.de\/en\/wp-json\/wp\/v2\/product_brand?post=4536"},{"taxonomy":"product_cat","embeddable":true,"href":"https:\/\/www.jc-training.de\/en\/wp-json\/wp\/v2\/product_cat?post=4536"},{"taxonomy":"product_tag","embeddable":true,"href":"https:\/\/www.jc-training.de\/en\/wp-json\/wp\/v2\/product_tag?post=4536"}],"curies":[{"name":"wp","href":"https:\/\/api.w.org\/{rel}","templated":true}]}}