{"id":4556,"date":"2023-06-01T09:47:10","date_gmt":"2023-06-01T09:47:10","guid":{"rendered":"https:\/\/www.jc-training.de\/?post_type=product&#038;p=4556"},"modified":"2025-02-06T10:12:14","modified_gmt":"2025-02-06T09:12:14","slug":"konfliktkompetenz","status":"publish","type":"product","link":"https:\/\/www.jc-training.de\/en\/product\/konfliktkompetenz\/","title":{"rendered":"Konfliktkompetenz"},"content":{"rendered":"<div data-elementor-type=\"product-post\" data-elementor-id=\"4556\" class=\"elementor elementor-4556\" data-elementor-post-type=\"product\">\n\t\t\t\t\t\t<section class=\"elementor-section elementor-top-section elementor-element elementor-element-edf102f elementor-section-boxed elementor-section-height-default elementor-section-height-default\" data-id=\"edf102f\" data-element_type=\"section\" data-e-type=\"section\">\n\t\t\t\t\t\t<div class=\"elementor-container elementor-column-gap-default\">\n\t\t\t\t\t<div class=\"elementor-column elementor-col-50 elementor-top-column elementor-element elementor-element-46595fa\" data-id=\"46595fa\" data-element_type=\"column\" data-e-type=\"column\">\n\t\t\t<div class=\"elementor-widget-wrap elementor-element-populated\">\n\t\t\t\t\t\t<div class=\"elementor-element elementor-element-41d67dd elementor-widget elementor-widget-text-editor\" data-id=\"41d67dd\" data-element_type=\"widget\" data-e-type=\"widget\" data-widget_type=\"text-editor.default\">\n\t\t\t\t<div class=\"elementor-widget-container\">\n\t\t\t\t\t\t\t\t\t<p><strong>Konfliktverhalten erleben, Konflikte souver\u00e4n bearbeiten<\/strong><\/p><p>In unserem Heranwachsen stiften Konflikte ein Gef\u00fchl f\u00fcr die eigenen Grenzen und \u00a0der pers\u00f6nlichen Identit\u00e4t und sie motivieren zur pers\u00f6nlichen Weiterentwicklung. Aber es sind auch diese Erfahrungen, die unser Konfliktverhalten nachhaltig pr\u00e4gen. Auch in einzelnen Organisationen und unserer Gesellschaft finden wir gelebte Konfliktkultur. Aber was ist denn ein Konflikt nun genau, und was \u00a0ist es, was uns an Konflikten so verunsichert?<\/p>\t\t\t\t\t\t\t\t<\/div>\n\t\t\t\t<\/div>\n\t\t\t\t\t<\/div>\n\t\t<\/div>\n\t\t\t\t<div class=\"elementor-column elementor-col-50 elementor-top-column elementor-element elementor-element-2a2c8c5\" data-id=\"2a2c8c5\" data-element_type=\"column\" data-e-type=\"column\">\n\t\t\t<div class=\"elementor-widget-wrap elementor-element-populated\">\n\t\t\t\t\t\t<div class=\"elementor-element elementor-element-60422df elementor-widget elementor-widget-text-editor\" data-id=\"60422df\" data-element_type=\"widget\" data-e-type=\"widget\" data-widget_type=\"text-editor.default\">\n\t\t\t\t<div class=\"elementor-widget-container\">\n\t\t\t\t\t\t\t\t\t<p>Die Teilnehmenden erkunden ihr eigenes Konfliktverhalten und lernen die Auswirkungen im Gruppenkontext kennen. In der Reflexion des eigenen Verhaltens werden Nutzen und Begrenzungen erkannt und aktiv entwickelt.<\/p><p><br \/>\u2022 Welches typische Verhalten nutze ich in schwierigen Situationen?<br \/>\u2022 Welche Voraussetzungen m\u00fcssen erf\u00fcllt sein, dass ich mich auf einen Konflikt einlassen kann?<br \/>\u2022 Wie schaffe ich N\u00e4he und Vertrauen im Konflikt?<br \/>\u2022 Was ist mein pers\u00f6nlicher Konfliktstil?<br \/>\u2022 Wie kann ich Konflikte zur Weiterentwicklung und Intensivierung der Zusammenarbeit nutzen?<\/p>\t\t\t\t\t\t\t\t<\/div>\n\t\t\t\t<\/div>\n\t\t\t\t\t<\/div>\n\t\t<\/div>\n\t\t\t\t\t<\/div>\n\t\t<\/section>\n\t\t\t\t<section class=\"elementor-section elementor-top-section elementor-element elementor-element-433586ae elementor-section-boxed elementor-section-height-default elementor-section-height-default\" data-id=\"433586ae\" data-element_type=\"section\" data-e-type=\"section\">\n\t\t\t\t\t\t<div class=\"elementor-container elementor-column-gap-default\">\n\t\t\t\t\t<div class=\"elementor-column elementor-col-100 elementor-top-column elementor-element elementor-element-17c10996\" data-id=\"17c10996\" data-element_type=\"column\" data-e-type=\"column\">\n\t\t\t<div class=\"elementor-widget-wrap elementor-element-populated\">\n\t\t\t\t\t\t\t<\/div>\n\t\t<\/div>\n\t\t\t\t\t<\/div>\n\t\t<\/section>\n\t\t\t\t<section class=\"elementor-section elementor-top-section elementor-element elementor-element-6e54812 elementor-section-boxed elementor-section-height-default elementor-section-height-default\" data-id=\"6e54812\" data-element_type=\"section\" data-e-type=\"section\">\n\t\t\t\t\t\t<div class=\"elementor-container elementor-column-gap-default\">\n\t\t\t\t\t<div class=\"elementor-column elementor-col-100 elementor-top-column elementor-element elementor-element-a87f03b\" data-id=\"a87f03b\" data-element_type=\"column\" data-e-type=\"column\">\n\t\t\t<div class=\"elementor-widget-wrap elementor-element-populated\">\n\t\t\t\t\t\t<div class=\"elementor-element elementor-element-779b97f elementor--h-position-center elementor--v-position-middle elementor-arrows-position-inside elementor-pagination-position-inside elementor-widget elementor-widget-slides\" data-id=\"779b97f\" data-element_type=\"widget\" data-e-type=\"widget\" data-settings=\"{&quot;navigation&quot;:&quot;both&quot;,&quot;autoplay&quot;:&quot;yes&quot;,&quot;pause_on_hover&quot;:&quot;yes&quot;,&quot;pause_on_interaction&quot;:&quot;yes&quot;,&quot;autoplay_speed&quot;:5000,&quot;infinite&quot;:&quot;yes&quot;,&quot;transition&quot;:&quot;slide&quot;,&quot;transition_speed&quot;:500}\" data-widget_type=\"slides.default\">\n\t\t\t\t<div class=\"elementor-widget-container\">\n\t\t\t\t\t\t\t\t\t<div class=\"elementor-swiper\">\n\t\t\t\t\t<div class=\"elementor-slides-wrapper elementor-main-swiper swiper\" role=\"region\" aria-roledescription=\"carousel\" aria-label=\"Slides\" dir=\"ltr\" data-animation=\"fadeInUp\">\n\t\t\t\t<div class=\"swiper-wrapper elementor-slides\">\n\t\t\t\t\t\t\t\t\t\t<div class=\"elementor-repeater-item-a5b7b56 swiper-slide\" role=\"group\" aria-roledescription=\"slide\"><div class=\"swiper-slide-bg\" role=\"img\" aria-label=\"AdobeStock_314695870 klein\"><\/div><div class=\"swiper-slide-inner\" ><div class=\"swiper-slide-contents\"><div class=\"elementor-slide-heading\">Konfliktverhalten erleben<\/div><div class=\"elementor-slide-description\">eigene Ressourcen erkennen<\/div><\/div><\/div><\/div><div class=\"elementor-repeater-item-4bdf353 swiper-slide\" role=\"group\" aria-roledescription=\"slide\"><div class=\"swiper-slide-bg\" role=\"img\" aria-label=\"Diverse business people partners group negotiating at boardroom meeting.Multiethnic executive team discussing financial partnership agreement project strategy brainstorming sitting at table in office.\"><\/div><div class=\"swiper-slide-inner\" ><div class=\"swiper-slide-contents\"><div class=\"elementor-slide-heading\">Konfliktbearbeitung<\/div><div class=\"elementor-slide-description\">souver\u00e4n, l\u00f6sungsorientiert<\/div><\/div><\/div><\/div><div class=\"elementor-repeater-item-4a7f3d4 swiper-slide\" role=\"group\" aria-roledescription=\"slide\"><div class=\"swiper-slide-bg\" role=\"img\" aria-label=\"\"><\/div><div class=\"swiper-slide-inner\" ><div class=\"swiper-slide-contents\"><div class=\"elementor-slide-heading\">Beziehungsarbeit<\/div><div class=\"elementor-slide-description\">eigne Bed\u00fcrfnisse verstehen und anderen zugestehen<\/div><\/div><\/div><\/div>\t\t\t\t<\/div>\n\t\t\t\t\t\t\t\t\t\t\t\t\t\t\t<div class=\"elementor-swiper-button elementor-swiper-button-prev\" role=\"button\" tabindex=\"0\" aria-label=\"Vorheriger Slide\" data-no-translation-aria-label=\"\">\n\t\t\t\t\t\t\t<i aria-hidden=\"true\" class=\"eicon-chevron-left\"><\/i>\t\t\t\t\t\t<\/div>\n\t\t\t\t\t\t<div class=\"elementor-swiper-button elementor-swiper-button-next\" role=\"button\" tabindex=\"0\" aria-label=\"N\u00e4chster Slide\" data-no-translation-aria-label=\"\">\n\t\t\t\t\t\t\t<i aria-hidden=\"true\" class=\"eicon-chevron-right\"><\/i>\t\t\t\t\t\t<\/div>\n\t\t\t\t\t\t\t\t\t\t\t\t\t\t\t\t<div class=\"swiper-pagination\"><\/div>\n\t\t\t\t\t\t\t\t\t\t\t\t<\/div>\n\t\t\t\t<\/div>\n\t\t\t\t\t\t\t\t<\/div>\n\t\t\t\t<\/div>\n\t\t\t\t\t<\/div>\n\t\t<\/div>\n\t\t\t\t\t<\/div>\n\t\t<\/section>\n\t\t\t\t<section class=\"elementor-section elementor-top-section elementor-element elementor-element-cc61a57 elementor-section-boxed elementor-section-height-default elementor-section-height-default\" data-id=\"cc61a57\" data-element_type=\"section\" data-e-type=\"section\">\n\t\t\t\t\t\t<div class=\"elementor-container elementor-column-gap-default\">\n\t\t\t\t\t<div class=\"elementor-column elementor-col-100 elementor-top-column elementor-element elementor-element-7808170\" data-id=\"7808170\" data-element_type=\"column\" data-e-type=\"column\">\n\t\t\t<div class=\"elementor-widget-wrap\">\n\t\t\t\t\t\t\t<\/div>\n\t\t<\/div>\n\t\t\t\t\t<\/div>\n\t\t<\/section>\n\t\t\t\t<\/div>","protected":false},"excerpt":{"rendered":"<p align=\"center\">\u00a03 Tage<br \/>\n-Konfliktkompetenz-<\/p>","protected":false},"featured_media":4558,"template":"","meta":{"_price":"900","_stock":null,"_tribe_ticket_header":"","_tribe_default_ticket_provider":"","_tribe_ticket_capacity":"0","_ticket_start_date":"","_ticket_end_date":"","_tribe_ticket_show_description":"","_tribe_ticket_show_not_going":false,"_tribe_ticket_use_global_stock":"","_tribe_ticket_global_stock_level":"","_global_stock_mode":"","_global_stock_cap":"","_tribe_rsvp_for_event":"","_tribe_ticket_going_count":"","_tribe_ticket_not_going_count":"","_tribe_tickets_list":"[]","_tribe_ticket_has_attendee_info_fields":false,"_EventAllDay":false,"_EventTimezone":"","_EventStartDate":"","_EventEndDate":"","_EventStartDateUTC":"","_EventEndDateUTC":"","_EventShowMap":false,"_EventShowMapLink":false,"_EventURL":"","_EventCost":"","_EventCostDescription":"","_EventCurrencySymbol":"","_EventCurrencyCode":"","_EventCurrencyPosition":"","_EventDateTimeSeparator":"","_EventTimeRangeSeparator":"","_EventOrganizerID":[],"_EventVenueID":[],"_OrganizerEmail":"","_OrganizerPhone":"","_OrganizerWebsite":"","_VenueAddress":"","_VenueCity":"","_VenueCountry":"","_VenueProvince":"","_VenueState":"","_VenueZip":"","_VenuePhone":"","_VenueURL":"","_VenueStateProvince":"","_VenueLat":"","_VenueLng":"","_VenueShowMap":false,"_VenueShowMapLink":false,"_tec_slr_enabled":"","_tec_slr_layout":""},"etheme_brands":[{"term_id":261,"name":"pers\u00f6nliche Entwicklung","slug":"persoenliche-entwicklung","term_group":0,"term_taxonomy_id":261,"taxonomy":"brand","description":"","parent":0,"count":8,"filter":"raw"}],"product_brand":[],"product_cat":[181,134,129],"product_tag":[138,142,141,139,143,271,269,270,145,137,144,140],"class_list":{"0":"post-4556","1":"product","2":"type-product","3":"status-publish","4":"has-post-thumbnail","6":"brand-persoenliche-entwicklung","7":"product_cat-kommunikation","8":"product_cat-persoenliche-entwicklung","9":"product_cat-seminare","10":"product_tag-emotionale-kompetenz","11":"product_tag-fuehrung","12":"product_tag-fuehrungskompetenz","13":"product_tag-gruppe","14":"product_tag-gruppendynamik","15":"product_tag-konflikt","16":"product_tag-konfliktbearbeitung","17":"product_tag-konfliktverhalten","18":"product_tag-projekt","19":"product_tag-soziale-kompetenz","20":"product_tag-teamkonflikte","21":"product_tag-zusammenarbeit","23":"first","24":"instock","25":"downloadable","26":"virtual","27":"taxable","28":"purchasable","29":"product-type-simple"},"_links":{"self":[{"href":"https:\/\/www.jc-training.de\/en\/wp-json\/wp\/v2\/product\/4556","targetHints":{"allow":["GET"]}}],"collection":[{"href":"https:\/\/www.jc-training.de\/en\/wp-json\/wp\/v2\/product"}],"about":[{"href":"https:\/\/www.jc-training.de\/en\/wp-json\/wp\/v2\/types\/product"}],"version-history":[{"count":10,"href":"https:\/\/www.jc-training.de\/en\/wp-json\/wp\/v2\/product\/4556\/revisions"}],"predecessor-version":[{"id":4735,"href":"https:\/\/www.jc-training.de\/en\/wp-json\/wp\/v2\/product\/4556\/revisions\/4735"}],"wp:featuredmedia":[{"embeddable":true,"href":"https:\/\/www.jc-training.de\/en\/wp-json\/wp\/v2\/media\/4558"}],"wp:attachment":[{"href":"https:\/\/www.jc-training.de\/en\/wp-json\/wp\/v2\/media?parent=4556"}],"wp:term":[{"taxonomy":"brand","embeddable":true,"href":"https:\/\/www.jc-training.de\/en\/wp-json\/wp\/v2\/etheme_brands?post=4556"},{"taxonomy":"product_brand","embeddable":true,"href":"https:\/\/www.jc-training.de\/en\/wp-json\/wp\/v2\/product_brand?post=4556"},{"taxonomy":"product_cat","embeddable":true,"href":"https:\/\/www.jc-training.de\/en\/wp-json\/wp\/v2\/product_cat?post=4556"},{"taxonomy":"product_tag","embeddable":true,"href":"https:\/\/www.jc-training.de\/en\/wp-json\/wp\/v2\/product_tag?post=4556"}],"curies":[{"name":"wp","href":"https:\/\/api.w.org\/{rel}","templated":true}]}}