{"id":4571,"date":"2023-06-01T10:28:42","date_gmt":"2023-06-01T10:28:42","guid":{"rendered":"https:\/\/www.jc-training.de\/?post_type=product&#038;p=4571"},"modified":"2025-02-06T10:11:53","modified_gmt":"2025-02-06T09:11:53","slug":"kommunikation","status":"publish","type":"product","link":"https:\/\/www.jc-training.de\/en\/product\/kommunikation\/","title":{"rendered":"Kommunikation &#038; emotionale Kompetenz"},"content":{"rendered":"<div data-elementor-type=\"product-post\" data-elementor-id=\"4571\" class=\"elementor elementor-4571\" data-elementor-post-type=\"product\">\n\t\t\t\t\t\t<section class=\"elementor-section elementor-top-section elementor-element elementor-element-edf102f elementor-section-boxed elementor-section-height-default elementor-section-height-default\" data-id=\"edf102f\" data-element_type=\"section\" data-e-type=\"section\">\n\t\t\t\t\t\t<div class=\"elementor-container elementor-column-gap-default\">\n\t\t\t\t\t<div class=\"elementor-column elementor-col-50 elementor-top-column elementor-element elementor-element-46595fa\" data-id=\"46595fa\" data-element_type=\"column\" data-e-type=\"column\">\n\t\t\t<div class=\"elementor-widget-wrap elementor-element-populated\">\n\t\t\t\t\t\t<div class=\"elementor-element elementor-element-41d67dd elementor-widget elementor-widget-text-editor\" data-id=\"41d67dd\" data-element_type=\"widget\" data-e-type=\"widget\" data-widget_type=\"text-editor.default\">\n\t\t\t\t<div class=\"elementor-widget-container\">\n\t\t\t\t\t\t\t\t\t<p><strong>Gespr\u00e4chsf\u00fchrung mit Haltung\u00a0<\/strong><\/p><p>Mitarbeiter, Kunden und Kollegen verhalten sich nicht immer rational, und das ist erst mal gut so. W\u00e4re der einzelne ein Homo Oeconomicus, dem immer bewusst ist, was richtig oder falsch ist, w\u00e4re unsere Welt nicht nur vorhersehbar, sondern auch sehr farblos. Es ist daher wichtig auch die zutiefst menschlichen Beweggr\u00fcnde und Zusammenh\u00e4nge zu kennen um einen reibungslosen und f\u00fcr alle Seiten fairen Umgang zu finden. Zu erkennen, was mein Gegen\u00fcber wirklich will, um richtig zu reagieren, wird in diesem Seminar erlebbar gemacht und trainiert.<\/p><p>Durch verschiedene \u00dcbungen und Reflexionseinheiten wird theoretisches Wissen lebendig und anwendbar. Grundlage ist sind Pers\u00f6nlichkeitsmodelle, welche tiefe Einblicke in das menschliche Handeln erlauben.<\/p>\t\t\t\t\t\t\t\t<\/div>\n\t\t\t\t<\/div>\n\t\t\t\t\t<\/div>\n\t\t<\/div>\n\t\t\t\t<div class=\"elementor-column elementor-col-50 elementor-top-column elementor-element elementor-element-2a2c8c5\" data-id=\"2a2c8c5\" data-element_type=\"column\" data-e-type=\"column\">\n\t\t\t<div class=\"elementor-widget-wrap elementor-element-populated\">\n\t\t\t\t\t\t<div class=\"elementor-element elementor-element-0adaf66 elementor-widget elementor-widget-accordion\" data-id=\"0adaf66\" data-element_type=\"widget\" data-e-type=\"widget\" data-widget_type=\"accordion.default\">\n\t\t\t\t<div class=\"elementor-widget-container\">\n\t\t\t\t\t\t\t<div class=\"elementor-accordion\">\n\t\t\t\t\t\t\t<div class=\"elementor-accordion-item\">\n\t\t\t\t\t<div id=\"elementor-tab-title-1131\" class=\"elementor-tab-title\" data-tab=\"1\" role=\"button\" aria-controls=\"elementor-tab-content-1131\" aria-expanded=\"false\">\n\t\t\t\t\t\t\t\t\t\t\t\t\t<span class=\"elementor-accordion-icon elementor-accordion-icon-left\" aria-hidden=\"true\">\n\t\t\t\t\t\t\t\t\t\t\t\t\t\t\t<span class=\"elementor-accordion-icon-closed\"><i class=\"fas fa-plus\"><\/i><\/span>\n\t\t\t\t\t\t\t\t<span class=\"elementor-accordion-icon-opened\"><i class=\"fas fa-minus\"><\/i><\/span>\n\t\t\t\t\t\t\t\t\t\t\t\t\t\t<\/span>\n\t\t\t\t\t\t\t\t\t\t\t\t<a class=\"elementor-accordion-title\" tabindex=\"0\">Modul A<\/a>\n\t\t\t\t\t<\/div>\n\t\t\t\t\t<div id=\"elementor-tab-content-1131\" class=\"elementor-tab-content elementor-clearfix\" data-tab=\"1\" role=\"region\" aria-labelledby=\"elementor-tab-title-1131\"><p>Mit Hilfe psychologischer Modelle und Praktiken verstehen die Teilnehmenden die Entwicklungsm\u00f6glichkeiten der menschlichen Pers\u00f6nlichkeit, der Beziehungen zwischen Individuen und dem Funktionieren von sozialen Systemen durch Kommunikation.<\/p><p>\u2022 Wie gehe ich mit mir selbst und anderen respektvoll um und gestehe gleichzeitig anderen die Rechte zu, die ich auch f\u00fcr mich beanspruche?<br \/>\u2022 Wie wirken meine eigenen Emotionen in meiner Kommunikation?<br \/>\u2022 Wie und in welcher Weise zeige ich mich nach au\u00dfen?<br \/>\u2022 Wann kommuniziere ich offen und zielgerichtet?<br \/>\u2022 Welchen Wert haben Zielvereinbarungen und Ma\u00dfnahmen in meiner Gespr\u00e4chsf\u00fchrung?<\/p><\/div>\n\t\t\t\t<\/div>\n\t\t\t\t\t\t\t<div class=\"elementor-accordion-item\">\n\t\t\t\t\t<div id=\"elementor-tab-title-1132\" class=\"elementor-tab-title\" data-tab=\"2\" role=\"button\" aria-controls=\"elementor-tab-content-1132\" aria-expanded=\"false\">\n\t\t\t\t\t\t\t\t\t\t\t\t\t<span class=\"elementor-accordion-icon elementor-accordion-icon-left\" aria-hidden=\"true\">\n\t\t\t\t\t\t\t\t\t\t\t\t\t\t\t<span class=\"elementor-accordion-icon-closed\"><i class=\"fas fa-plus\"><\/i><\/span>\n\t\t\t\t\t\t\t\t<span class=\"elementor-accordion-icon-opened\"><i class=\"fas fa-minus\"><\/i><\/span>\n\t\t\t\t\t\t\t\t\t\t\t\t\t\t<\/span>\n\t\t\t\t\t\t\t\t\t\t\t\t<a class=\"elementor-accordion-title\" tabindex=\"0\">Modul B<\/a>\n\t\t\t\t\t<\/div>\n\t\t\t\t\t<div id=\"elementor-tab-content-1132\" class=\"elementor-tab-content elementor-clearfix\" data-tab=\"2\" role=\"region\" aria-labelledby=\"elementor-tab-title-1132\"><p>Die Teilnehmenden erlernen anhand von unterschiedlichen Gespr\u00e4chsformen eine empf\u00e4ngerorientierte Kommunikation zu praktizieren und durch emotionale Komponenten die eigene Wirkung zu unterst\u00fctzen.<\/p><p>\u2022 Welche unterschiedlichen Gespr\u00e4chsvarianten nutze ich und wo kann ich noch dazugewinnen?<br \/>\u2022 Wie sind Mitarbeitergespr\u00e4che in meinem Alltag implementiert?<br \/>\u2022 Welche Haltung pr\u00e4feriere ich in der Kommunikation?<br \/>\u2022 Wie transportiere ich die aktuellen Themen\/Anforderungen bez\u00fcglich der Umsetzung gesch\u00e4ftspolitischer Ziele?<br \/>\u2022 Wie kann ich zu einer besseren L\u00f6sung f\u00fcr alle Beteiligten beitragen?<\/p><\/div>\n\t\t\t\t<\/div>\n\t\t\t\t\t\t\t\t<\/div>\n\t\t\t\t\t\t<\/div>\n\t\t\t\t<\/div>\n\t\t\t\t\t<\/div>\n\t\t<\/div>\n\t\t\t\t\t<\/div>\n\t\t<\/section>\n\t\t\t\t<section class=\"elementor-section elementor-top-section elementor-element elementor-element-433586ae elementor-section-boxed elementor-section-height-default elementor-section-height-default\" data-id=\"433586ae\" data-element_type=\"section\" data-e-type=\"section\">\n\t\t\t\t\t\t<div class=\"elementor-container elementor-column-gap-default\">\n\t\t\t\t\t<div class=\"elementor-column elementor-col-100 elementor-top-column elementor-element elementor-element-17c10996\" data-id=\"17c10996\" data-element_type=\"column\" data-e-type=\"column\">\n\t\t\t<div class=\"elementor-widget-wrap elementor-element-populated\">\n\t\t\t\t\t\t\t<\/div>\n\t\t<\/div>\n\t\t\t\t\t<\/div>\n\t\t<\/section>\n\t\t\t\t<section class=\"elementor-section elementor-top-section elementor-element elementor-element-6e54812 elementor-section-boxed elementor-section-height-default elementor-section-height-default\" data-id=\"6e54812\" data-element_type=\"section\" data-e-type=\"section\">\n\t\t\t\t\t\t<div class=\"elementor-container elementor-column-gap-default\">\n\t\t\t\t\t<div class=\"elementor-column elementor-col-100 elementor-top-column elementor-element elementor-element-a87f03b\" data-id=\"a87f03b\" data-element_type=\"column\" data-e-type=\"column\">\n\t\t\t<div class=\"elementor-widget-wrap elementor-element-populated\">\n\t\t\t\t\t\t<div class=\"elementor-element elementor-element-45a6601 elementor--h-position-center elementor--v-position-middle elementor-arrows-position-inside elementor-pagination-position-inside elementor-widget elementor-widget-global elementor-global-4589 elementor-widget-slides\" data-id=\"45a6601\" data-element_type=\"widget\" data-e-type=\"widget\" data-settings=\"{&quot;navigation&quot;:&quot;both&quot;,&quot;autoplay&quot;:&quot;yes&quot;,&quot;pause_on_hover&quot;:&quot;yes&quot;,&quot;pause_on_interaction&quot;:&quot;yes&quot;,&quot;autoplay_speed&quot;:5000,&quot;infinite&quot;:&quot;yes&quot;,&quot;transition&quot;:&quot;slide&quot;,&quot;transition_speed&quot;:500}\" data-widget_type=\"slides.default\">\n\t\t\t\t<div class=\"elementor-widget-container\">\n\t\t\t\t\t\t\t\t\t<div class=\"elementor-swiper\">\n\t\t\t\t\t<div class=\"elementor-slides-wrapper elementor-main-swiper swiper\" role=\"region\" aria-roledescription=\"carousel\" aria-label=\"Slides\" dir=\"ltr\" data-animation=\"fadeInUp\">\n\t\t\t\t<div class=\"swiper-wrapper elementor-slides\">\n\t\t\t\t\t\t\t\t\t\t<div class=\"elementor-repeater-item-738dbfb swiper-slide\" role=\"group\" aria-roledescription=\"slide\"><div class=\"swiper-slide-bg\" role=\"img\" aria-label=\"\"><\/div><div class=\"swiper-slide-inner\" ><div class=\"swiper-slide-contents\"><div class=\"elementor-slide-heading\">Kommunikation<\/div><div class=\"elementor-slide-description\">& emotionale Kompetenz<\/div><\/div><\/div><\/div><div class=\"elementor-repeater-item-2785f37 swiper-slide\" role=\"group\" aria-roledescription=\"slide\"><div class=\"swiper-slide-bg\" role=\"img\" aria-label=\"Smiling mature couple meeting with bank manager for investment. Beautiful mid adult woman with husband listening to businessman during meeting in conference room in modern office. Happy middle aged couple meeting loan advisor to buy a new home.\"><\/div><div class=\"swiper-slide-inner\" ><div class=\"swiper-slide-contents\"><div class=\"elementor-slide-heading\">Wirkung<\/div><div class=\"elementor-slide-description\">offen, auf Augenh\u00f6he<\/div><\/div><\/div><\/div><div class=\"elementor-repeater-item-ca2bd33 swiper-slide\" role=\"group\" aria-roledescription=\"slide\"><div class=\"swiper-slide-bg\" role=\"img\" aria-label=\"\"><\/div><div class=\"swiper-slide-inner\" ><div class=\"swiper-slide-contents\"><div class=\"elementor-slide-heading\">Mitarbeitergespr\u00e4che<\/div><div class=\"elementor-slide-description\">souver\u00e4n, zielgerichtet<\/div><\/div><\/div><\/div>\t\t\t\t<\/div>\n\t\t\t\t\t\t\t\t\t\t\t\t\t\t\t<div class=\"elementor-swiper-button elementor-swiper-button-prev\" role=\"button\" tabindex=\"0\" aria-label=\"Previous slide\">\n\t\t\t\t\t\t\t<i aria-hidden=\"true\" class=\"eicon-chevron-left\"><\/i>\t\t\t\t\t\t<\/div>\n\t\t\t\t\t\t<div class=\"elementor-swiper-button elementor-swiper-button-next\" role=\"button\" tabindex=\"0\" aria-label=\"Next slide\">\n\t\t\t\t\t\t\t<i aria-hidden=\"true\" class=\"eicon-chevron-right\"><\/i>\t\t\t\t\t\t<\/div>\n\t\t\t\t\t\t\t\t\t\t\t\t\t\t\t\t<div class=\"swiper-pagination\"><\/div>\n\t\t\t\t\t\t\t\t\t\t\t\t<\/div>\n\t\t\t\t<\/div>\n\t\t\t\t\t\t\t\t<\/div>\n\t\t\t\t<\/div>\n\t\t\t\t\t<\/div>\n\t\t<\/div>\n\t\t\t\t\t<\/div>\n\t\t<\/section>\n\t\t\t\t<section class=\"elementor-section elementor-top-section elementor-element elementor-element-cc61a57 elementor-section-boxed elementor-section-height-default elementor-section-height-default\" data-id=\"cc61a57\" data-element_type=\"section\" data-e-type=\"section\">\n\t\t\t\t\t\t<div class=\"elementor-container elementor-column-gap-default\">\n\t\t\t\t\t<div class=\"elementor-column elementor-col-100 elementor-top-column elementor-element elementor-element-7808170\" data-id=\"7808170\" data-element_type=\"column\" data-e-type=\"column\">\n\t\t\t<div class=\"elementor-widget-wrap\">\n\t\t\t\t\t\t\t<\/div>\n\t\t<\/div>\n\t\t\t\t\t<\/div>\n\t\t<\/section>\n\t\t\t\t<\/div>","protected":false},"excerpt":{"rendered":"<p align=\"center\">2 x 3 Tage<br \/>\n-Kommunikation &amp; emotionale Kompetenz-<\/p>","protected":false},"featured_media":4572,"template":"","meta":{"_price":"1800","_stock":null,"_tribe_ticket_header":"","_tribe_default_ticket_provider":"","_tribe_ticket_capacity":"0","_ticket_start_date":"","_ticket_end_date":"","_tribe_ticket_show_description":"","_tribe_ticket_show_not_going":false,"_tribe_ticket_use_global_stock":"","_tribe_ticket_global_stock_level":"","_global_stock_mode":"","_global_stock_cap":"","_tribe_rsvp_for_event":"","_tribe_ticket_going_count":"","_tribe_ticket_not_going_count":"","_tribe_tickets_list":"[]","_tribe_ticket_has_attendee_info_fields":false,"_EventAllDay":false,"_EventTimezone":"","_EventStartDate":"","_EventEndDate":"","_EventStartDateUTC":"","_EventEndDateUTC":"","_EventShowMap":false,"_EventShowMapLink":false,"_EventURL":"","_EventCost":"","_EventCostDescription":"","_EventCurrencySymbol":"","_EventCurrencyCode":"","_EventCurrencyPosition":"","_EventDateTimeSeparator":"","_EventTimeRangeSeparator":"","_EventOrganizerID":[],"_EventVenueID":[],"_OrganizerEmail":"","_OrganizerPhone":"","_OrganizerWebsite":"","_VenueAddress":"","_VenueCity":"","_VenueCountry":"","_VenueProvince":"","_VenueState":"","_VenueZip":"","_VenuePhone":"","_VenueURL":"","_VenueStateProvince":"","_VenueLat":"","_VenueLng":"","_VenueShowMap":false,"_VenueShowMapLink":false,"_tec_slr_enabled":"","_tec_slr_layout":""},"etheme_brands":[{"term_id":261,"name":"pers\u00f6nliche Entwicklung","slug":"persoenliche-entwicklung","term_group":0,"term_taxonomy_id":261,"taxonomy":"brand","description":"","parent":0,"count":8,"filter":"raw"}],"product_brand":[],"product_cat":[134,129],"product_tag":[138,142,141,195,139,143,193,194,196,145,137,144,140],"class_list":{"0":"post-4571","1":"product","2":"type-product","3":"status-publish","4":"has-post-thumbnail","6":"brand-persoenliche-entwicklung","7":"product_cat-persoenliche-entwicklung","8":"product_cat-seminare","9":"product_tag-emotionale-kompetenz","10":"product_tag-fuehrung","11":"product_tag-fuehrungskompetenz","12":"product_tag-gespraechsfuehrung","13":"product_tag-gruppe","14":"product_tag-gruppendynamik","15":"product_tag-kommunikation","16":"product_tag-kommunikationskompetenz","17":"product_tag-mitarbeitergespraeche","18":"product_tag-projekt","19":"product_tag-soziale-kompetenz","20":"product_tag-teamkonflikte","21":"product_tag-zusammenarbeit","23":"first","24":"instock","25":"downloadable","26":"virtual","27":"taxable","28":"purchasable","29":"product-type-simple"},"_links":{"self":[{"href":"https:\/\/www.jc-training.de\/en\/wp-json\/wp\/v2\/product\/4571","targetHints":{"allow":["GET"]}}],"collection":[{"href":"https:\/\/www.jc-training.de\/en\/wp-json\/wp\/v2\/product"}],"about":[{"href":"https:\/\/www.jc-training.de\/en\/wp-json\/wp\/v2\/types\/product"}],"version-history":[{"count":15,"href":"https:\/\/www.jc-training.de\/en\/wp-json\/wp\/v2\/product\/4571\/revisions"}],"predecessor-version":[{"id":4733,"href":"https:\/\/www.jc-training.de\/en\/wp-json\/wp\/v2\/product\/4571\/revisions\/4733"}],"wp:featuredmedia":[{"embeddable":true,"href":"https:\/\/www.jc-training.de\/en\/wp-json\/wp\/v2\/media\/4572"}],"wp:attachment":[{"href":"https:\/\/www.jc-training.de\/en\/wp-json\/wp\/v2\/media?parent=4571"}],"wp:term":[{"taxonomy":"brand","embeddable":true,"href":"https:\/\/www.jc-training.de\/en\/wp-json\/wp\/v2\/etheme_brands?post=4571"},{"taxonomy":"product_brand","embeddable":true,"href":"https:\/\/www.jc-training.de\/en\/wp-json\/wp\/v2\/product_brand?post=4571"},{"taxonomy":"product_cat","embeddable":true,"href":"https:\/\/www.jc-training.de\/en\/wp-json\/wp\/v2\/product_cat?post=4571"},{"taxonomy":"product_tag","embeddable":true,"href":"https:\/\/www.jc-training.de\/en\/wp-json\/wp\/v2\/product_tag?post=4571"}],"curies":[{"name":"wp","href":"https:\/\/api.w.org\/{rel}","templated":true}]}}