{"id":6008,"date":"2025-02-05T18:08:07","date_gmt":"2025-02-05T17:08:07","guid":{"rendered":"https:\/\/www.jc-training.de\/?post_type=product&#038;p=6008"},"modified":"2025-02-05T19:14:50","modified_gmt":"2025-02-05T18:14:50","slug":"teamentwicklung","status":"publish","type":"product","link":"https:\/\/www.jc-training.de\/en\/product\/teamentwicklung\/","title":{"rendered":"Teamentwicklung"},"content":{"rendered":"<div data-elementor-type=\"product-post\" data-elementor-id=\"6008\" class=\"elementor elementor-6008\" data-elementor-post-type=\"product\">\n\t\t\t\t\t\t<section class=\"elementor-section elementor-top-section elementor-element elementor-element-edf102f elementor-section-boxed elementor-section-height-default elementor-section-height-default\" data-id=\"edf102f\" data-element_type=\"section\" data-e-type=\"section\">\n\t\t\t\t\t\t<div class=\"elementor-container elementor-column-gap-default\">\n\t\t\t\t\t<div class=\"elementor-column elementor-col-50 elementor-top-column elementor-element elementor-element-46595fa\" data-id=\"46595fa\" data-element_type=\"column\" data-e-type=\"column\">\n\t\t\t<div class=\"elementor-widget-wrap elementor-element-populated\">\n\t\t\t\t\t\t<div class=\"elementor-element elementor-element-41d67dd elementor-widget elementor-widget-text-editor\" data-id=\"41d67dd\" data-element_type=\"widget\" data-e-type=\"widget\" data-widget_type=\"text-editor.default\">\n\t\t\t\t<div class=\"elementor-widget-container\">\n\t\t\t\t\t\t\t\t\t<h4>Zusammenarbeit st\u00e4rken, Potenziale entfalten<\/h4><p>Ein starkes Team ist mehr als die Summe seiner fachlichen Kompetenzen. In vielen Unternehmen arbeiten Mitarbeitende zwar gemeinsam an Projekten, doch oft fehlt eine bewusste Entwicklung der Teamdynamik. Ohne klare Strukturen, Abstimmungen und ein wertsch\u00e4tzendes Miteinander entstehen Reibungen, die nicht nur die Zusammenarbeit belasten, sondern auch wirtschaftliche Sch\u00e4den verursachen.<\/p><p>Studien zeigen, dass Konfliktkosten in Unternehmen bis zu 20 % der Personalkosten ausmachen k\u00f6nnen \u2013 eine Herausforderung, die in Zeiten zunehmenden Wettbewerbs an Bedeutung gewinnt. Effektive Teamentwicklung bedeutet, Konflikte fr\u00fchzeitig zu erkennen, Kommunikationswege zu verbessern und eine Kultur der Klarheit und Zusammenarbeit zu schaffen.<\/p>\t\t\t\t\t\t\t\t<\/div>\n\t\t\t\t<\/div>\n\t\t\t\t\t<\/div>\n\t\t<\/div>\n\t\t\t\t<div class=\"elementor-column elementor-col-50 elementor-top-column elementor-element elementor-element-2a2c8c5\" data-id=\"2a2c8c5\" data-element_type=\"column\" data-e-type=\"column\">\n\t\t\t<div class=\"elementor-widget-wrap elementor-element-populated\">\n\t\t\t\t\t\t<div class=\"elementor-element elementor-element-60422df elementor-widget elementor-widget-text-editor\" data-id=\"60422df\" data-element_type=\"widget\" data-e-type=\"widget\" data-widget_type=\"text-editor.default\">\n\t\t\t\t<div class=\"elementor-widget-container\">\n\t\t\t\t\t\t\t\t\t<p>In unseren praxisnahen Trainings begleiten wir Teams, Abteilungen und Organisationen dabei, soziale Beziehungen zu st\u00e4rken, klare Absprachen zu treffen und einen konstruktiven Umgang mit Herausforderungen zu entwickeln. Durch gezielte Impulse und erprobte Methoden f\u00f6rdern wir ein Arbeitsklima, in dem Vertrauen, Effizienz und gemeinsamer Erfolg im Mittelpunkt stehen.<\/p><p>Lassen Sie uns gemeinsam Zusammenarbeit st\u00e4rken und Potenziale entfalten.<\/p>\t\t\t\t\t\t\t\t<\/div>\n\t\t\t\t<\/div>\n\t\t\t\t\t<\/div>\n\t\t<\/div>\n\t\t\t\t\t<\/div>\n\t\t<\/section>\n\t\t\t\t<section class=\"elementor-section elementor-top-section elementor-element elementor-element-976a1ec elementor-section-boxed elementor-section-height-default elementor-section-height-default\" data-id=\"976a1ec\" data-element_type=\"section\" data-e-type=\"section\">\n\t\t\t\t\t\t<div class=\"elementor-container elementor-column-gap-default\">\n\t\t\t\t\t<div class=\"elementor-column elementor-col-100 elementor-top-column elementor-element elementor-element-1644127\" data-id=\"1644127\" data-element_type=\"column\" data-e-type=\"column\">\n\t\t\t<div class=\"elementor-widget-wrap elementor-element-populated\">\n\t\t\t\t\t\t<div class=\"elementor-element elementor-element-eaea595 elementor-widget-divider--view-line elementor-widget elementor-widget-divider\" data-id=\"eaea595\" data-element_type=\"widget\" data-e-type=\"widget\" data-widget_type=\"divider.default\">\n\t\t\t\t<div class=\"elementor-widget-container\">\n\t\t\t\t\t\t\t<div class=\"elementor-divider\">\n\t\t\t<span class=\"elementor-divider-separator\">\n\t\t\t\t\t\t<\/span>\n\t\t<\/div>\n\t\t\t\t\t\t<\/div>\n\t\t\t\t<\/div>\n\t\t\t\t\t<\/div>\n\t\t<\/div>\n\t\t\t\t\t<\/div>\n\t\t<\/section>\n\t\t\t\t<section class=\"elementor-section elementor-top-section elementor-element elementor-element-433586ae elementor-section-boxed elementor-section-height-default elementor-section-height-default\" data-id=\"433586ae\" data-element_type=\"section\" data-e-type=\"section\">\n\t\t\t\t\t\t<div class=\"elementor-container elementor-column-gap-default\">\n\t\t\t\t\t<div class=\"elementor-column elementor-col-50 elementor-top-column elementor-element elementor-element-17c10996\" data-id=\"17c10996\" data-element_type=\"column\" data-e-type=\"column\">\n\t\t\t<div class=\"elementor-widget-wrap elementor-element-populated\">\n\t\t\t\t\t\t<div class=\"elementor-element elementor-element-d744cce elementor-widget__width-initial elementor-widget elementor-widget-text-editor\" data-id=\"d744cce\" data-element_type=\"widget\" data-e-type=\"widget\" data-widget_type=\"text-editor.default\">\n\t\t\t\t<div class=\"elementor-widget-container\">\n\t\t\t\t\t\t\t\t\t<h4>Outdoor<\/h4><p>Seminare unter freiem Himmel f\u00f6rdern die Teamentwicklung und bewegen eine Gruppe, aufeinander zuzugehen. Um mit Spa\u00df die pers\u00f6nlichen Grenzen auszutesten, sich auf andere verlassen zu \u00fcben und die Akzeptanz f\u00fcreinander zu erh\u00f6hen werden theoretisches Wissen und Outdoor-Aktivit\u00e4ten miteinander kombiniert.<\/p>\t\t\t\t\t\t\t\t<\/div>\n\t\t\t\t<\/div>\n\t\t\t\t\t<\/div>\n\t\t<\/div>\n\t\t\t\t<div class=\"elementor-column elementor-col-50 elementor-top-column elementor-element elementor-element-983eb1d\" data-id=\"983eb1d\" data-element_type=\"column\" data-e-type=\"column\">\n\t\t\t<div class=\"elementor-widget-wrap elementor-element-populated\">\n\t\t\t\t\t\t<div class=\"elementor-element elementor-element-fee9195 elementor-widget elementor-widget-etheme_slides\" data-id=\"fee9195\" data-element_type=\"widget\" data-e-type=\"widget\" data-settings=\"{&quot;effect&quot;:&quot;slide&quot;,&quot;slides_per_view&quot;:&quot;1&quot;,&quot;space_between&quot;:{&quot;unit&quot;:&quot;px&quot;,&quot;size&quot;:20,&quot;sizes&quot;:[]},&quot;space_between_widescreen&quot;:{&quot;unit&quot;:&quot;px&quot;,&quot;size&quot;:&quot;&quot;,&quot;sizes&quot;:[]},&quot;space_between_tablet&quot;:{&quot;unit&quot;:&quot;px&quot;,&quot;size&quot;:&quot;&quot;,&quot;sizes&quot;:[]},&quot;space_between_mobile&quot;:{&quot;unit&quot;:&quot;px&quot;,&quot;size&quot;:&quot;&quot;,&quot;sizes&quot;:[]},&quot;navigation&quot;:&quot;arrows&quot;}\" data-widget_type=\"etheme_slides.default\">\n\t\t\t\t<div class=\"elementor-widget-container\">\n\t\t\t\t\t        <div class=\"etheme-elementor-swiper-entry swiper-entry middle-inbox arrows-always\">\n            <div class=\"swiper etheme-elementor-slider swiper-container-main\" dir=\"ltr\" data-animation=\"fadeIn\">\n                <div class=\"swiper-wrapper etheme-elementor-slides\">\n\t\t\t\t\t\t\t\t\t\t<div class=\"elementor-repeater-item-3d97cb2 swiper-slide\"><div class=\"swiper-slide-bg\" style=\"background-image: url(https:\/\/www.jc-training.de\/wp-content\/uploads\/2023\/02\/AdobeStock_440017811-klein-scaled.jpg);\"><\/div><div class=\"swiper-slide-inner\" ><div class=\"swiper-slide-contents\"><div class=\"etheme-slide-heading\">Gemeinsam Neues erfahren<\/div><\/div><\/div><\/div><div class=\"elementor-repeater-item-dcbb703 swiper-slide\"><div class=\"swiper-slide-bg\" style=\"background-image: url(https:\/\/www.jc-training.de\/wp-content\/uploads\/2023\/02\/AdobeStock_254503500-klein-scaled.jpg);\"><\/div><div class=\"swiper-slide-inner\" ><div class=\"swiper-slide-contents\"><div class=\"etheme-slide-heading\">Solidarit\u00e4t erleben<\/div><\/div><\/div><\/div><div class=\"elementor-repeater-item-9d0e7ef swiper-slide\"><div class=\"swiper-slide-bg\" style=\"background-image: url(https:\/\/www.jc-training.de\/wp-content\/uploads\/2023\/02\/AdobeStock_198922348-klein-scaled.jpg);\"><\/div><div class=\"swiper-slide-inner\" ><div class=\"swiper-slide-contents\"><div class=\"etheme-slide-heading\">Gemeinsam Abspachen treffen<\/div><\/div><\/div><\/div><div class=\"elementor-repeater-item-461b310 swiper-slide\"><div class=\"swiper-slide-bg\" style=\"background-image: url(https:\/\/www.jc-training.de\/wp-content\/uploads\/2023\/02\/AdobeStock_197122081-scaled.jpeg);\"><\/div><div class=\"swiper-slide-inner\" ><div class=\"swiper-slide-contents\"><div class=\"etheme-slide-heading\">Kompetenzen nutzen<\/div><\/div><\/div><\/div>\t\t\t\t<\/div>\n                \n                \t\t<div class=\"swiper-button-prev swiper-custom-left et-swiper-elementor-nav type-arrow style-2\"><\/div>\n\t\t<div class=\"swiper-button-next swiper-custom-right et-swiper-elementor-nav type-arrow style-2\"><\/div>\n\t\t\t\t\t<\/div>\n\t\n\t                 \n\t\t<\/div>\n\t\t\t\t\t\t<\/div>\n\t\t\t\t<\/div>\n\t\t\t\t\t<\/div>\n\t\t<\/div>\n\t\t\t\t\t<\/div>\n\t\t<\/section>\n\t\t\t\t<section class=\"elementor-section elementor-top-section elementor-element elementor-element-a6393c3 elementor-section-boxed elementor-section-height-default elementor-section-height-default\" data-id=\"a6393c3\" data-element_type=\"section\" data-e-type=\"section\">\n\t\t\t\t\t\t<div class=\"elementor-container elementor-column-gap-default\">\n\t\t\t\t\t<div class=\"elementor-column elementor-col-100 elementor-top-column elementor-element elementor-element-18617ca\" data-id=\"18617ca\" data-element_type=\"column\" data-e-type=\"column\">\n\t\t\t<div class=\"elementor-widget-wrap elementor-element-populated\">\n\t\t\t\t\t\t<div class=\"elementor-element elementor-element-c1725c5 elementor-widget-divider--view-line elementor-widget elementor-widget-divider\" data-id=\"c1725c5\" data-element_type=\"widget\" data-e-type=\"widget\" data-widget_type=\"divider.default\">\n\t\t\t\t<div class=\"elementor-widget-container\">\n\t\t\t\t\t\t\t<div class=\"elementor-divider\">\n\t\t\t<span class=\"elementor-divider-separator\">\n\t\t\t\t\t\t<\/span>\n\t\t<\/div>\n\t\t\t\t\t\t<\/div>\n\t\t\t\t<\/div>\n\t\t\t\t\t<\/div>\n\t\t<\/div>\n\t\t\t\t\t<\/div>\n\t\t<\/section>\n\t\t\t\t<section class=\"elementor-section elementor-top-section elementor-element elementor-element-6e54812 elementor-section-boxed elementor-section-height-default elementor-section-height-default\" data-id=\"6e54812\" data-element_type=\"section\" data-e-type=\"section\">\n\t\t\t\t\t\t<div class=\"elementor-container elementor-column-gap-default\">\n\t\t\t\t\t<div class=\"elementor-column elementor-col-100 elementor-top-column elementor-element elementor-element-a87f03b\" data-id=\"a87f03b\" data-element_type=\"column\" data-e-type=\"column\">\n\t\t\t<div class=\"elementor-widget-wrap elementor-element-populated\">\n\t\t\t\t\t\t<div class=\"elementor-element elementor-element-779b97f elementor--h-position-center elementor--v-position-middle elementor-arrows-position-inside elementor-pagination-position-inside elementor-widget elementor-widget-slides\" data-id=\"779b97f\" data-element_type=\"widget\" data-e-type=\"widget\" data-settings=\"{&quot;navigation&quot;:&quot;both&quot;,&quot;autoplay&quot;:&quot;yes&quot;,&quot;pause_on_hover&quot;:&quot;yes&quot;,&quot;pause_on_interaction&quot;:&quot;yes&quot;,&quot;autoplay_speed&quot;:5000,&quot;infinite&quot;:&quot;yes&quot;,&quot;transition&quot;:&quot;slide&quot;,&quot;transition_speed&quot;:500}\" data-widget_type=\"slides.default\">\n\t\t\t\t<div class=\"elementor-widget-container\">\n\t\t\t\t\t\t\t\t\t<div class=\"elementor-swiper\">\n\t\t\t\t\t<div class=\"elementor-slides-wrapper elementor-main-swiper swiper\" role=\"region\" aria-roledescription=\"carousel\" aria-label=\"Slider\" dir=\"ltr\" data-animation=\"fadeInUp\">\n\t\t\t\t<div class=\"swiper-wrapper elementor-slides\">\n\t\t\t\t\t\t\t\t\t\t<div class=\"elementor-repeater-item-a5b7b56 swiper-slide\" role=\"group\" aria-roledescription=\"slide\"><div class=\"swiper-slide-bg\" role=\"img\" aria-label=\"AdobeStock_314695870 klein\"><\/div><div class=\"swiper-slide-inner\" ><div class=\"swiper-slide-contents\"><div class=\"elementor-slide-heading\">Konfliktverhalten erleben<\/div><div class=\"elementor-slide-description\">eigene Ressourcen erkennen<\/div><\/div><\/div><\/div><div class=\"elementor-repeater-item-4bdf353 swiper-slide\" role=\"group\" aria-roledescription=\"slide\"><div class=\"swiper-slide-bg\" role=\"img\" aria-label=\"Diverse business people partners group negotiating at boardroom meeting.Multiethnic executive team discussing financial partnership agreement project strategy brainstorming sitting at table in office.\"><\/div><div class=\"swiper-slide-inner\" ><div class=\"swiper-slide-contents\"><div class=\"elementor-slide-heading\">Konfliktbearbeitung<\/div><div class=\"elementor-slide-description\">souver\u00e4n, l\u00f6sungsorientiert<\/div><\/div><\/div><\/div><div class=\"elementor-repeater-item-4a7f3d4 swiper-slide\" role=\"group\" aria-roledescription=\"slide\"><div class=\"swiper-slide-bg\" role=\"img\" aria-label=\"\"><\/div><div class=\"swiper-slide-inner\" ><div class=\"swiper-slide-contents\"><div class=\"elementor-slide-heading\">Beziehungsarbeit<\/div><div class=\"elementor-slide-description\">eigne Bed\u00fcrfnisse verstehen und anderen zugestehen<\/div><\/div><\/div><\/div>\t\t\t\t<\/div>\n\t\t\t\t\t\t\t\t\t\t\t\t\t\t\t<div class=\"elementor-swiper-button elementor-swiper-button-prev\" role=\"button\" tabindex=\"0\" aria-label=\"Vorheriger Slide\" data-no-translation-aria-label=\"\">\n\t\t\t\t\t\t\t<i aria-hidden=\"true\" class=\"eicon-chevron-left\"><\/i>\t\t\t\t\t\t<\/div>\n\t\t\t\t\t\t<div class=\"elementor-swiper-button elementor-swiper-button-next\" role=\"button\" tabindex=\"0\" aria-label=\"N\u00e4chster Slide\" data-no-translation-aria-label=\"\">\n\t\t\t\t\t\t\t<i aria-hidden=\"true\" class=\"eicon-chevron-right\"><\/i>\t\t\t\t\t\t<\/div>\n\t\t\t\t\t\t\t\t\t\t\t\t\t\t\t\t<div class=\"swiper-pagination\"><\/div>\n\t\t\t\t\t\t\t\t\t\t\t\t<\/div>\n\t\t\t\t<\/div>\n\t\t\t\t\t\t\t\t<\/div>\n\t\t\t\t<\/div>\n\t\t\t\t\t<\/div>\n\t\t<\/div>\n\t\t\t\t\t<\/div>\n\t\t<\/section>\n\t\t\t\t<\/div>","protected":false},"excerpt":{"rendered":"<p align=\"center\">Teamentwicklung &#8211; nach Absprache<\/p>","protected":false},"featured_media":3659,"template":"","meta":{"_price":"","_stock":"","_tribe_ticket_header":"","_tribe_default_ticket_provider":"","_tribe_ticket_capacity":"0","_ticket_start_date":"","_ticket_end_date":"","_tribe_ticket_show_description":"","_tribe_ticket_show_not_going":false,"_tribe_ticket_use_global_stock":"","_tribe_ticket_global_stock_level":"","_global_stock_mode":"","_global_stock_cap":"","_tribe_rsvp_for_event":"","_tribe_ticket_going_count":"","_tribe_ticket_not_going_count":"","_tribe_tickets_list":"[]","_tribe_ticket_has_attendee_info_fields":false,"_EventAllDay":false,"_EventTimezone":"","_EventStartDate":"","_EventEndDate":"","_EventStartDateUTC":"","_EventEndDateUTC":"","_EventShowMap":false,"_EventShowMapLink":false,"_EventURL":"","_EventCost":"","_EventCostDescription":"","_EventCurrencySymbol":"","_EventCurrencyCode":"","_EventCurrencyPosition":"","_EventDateTimeSeparator":"","_EventTimeRangeSeparator":"","_EventOrganizerID":[],"_EventVenueID":[],"_OrganizerEmail":"","_OrganizerPhone":"","_OrganizerWebsite":"","_VenueAddress":"","_VenueCity":"","_VenueCountry":"","_VenueProvince":"","_VenueState":"","_VenueZip":"","_VenuePhone":"","_VenueURL":"","_VenueStateProvince":"","_VenueLat":"","_VenueLng":"","_VenueShowMap":false,"_VenueShowMapLink":false,"_tec_slr_enabled":"","_tec_slr_layout":""},"etheme_brands":[{"term_id":262,"name":"Organisationsentwicklung","slug":"organisationsentwicklung","term_group":0,"term_taxonomy_id":262,"taxonomy":"brand","description":"","parent":0,"count":6,"filter":"raw"}],"product_brand":[],"product_cat":[136],"product_tag":[138,142,141,139,143,212,210,213,264,145,137,211,263,144,140],"class_list":{"0":"post-6008","1":"product","2":"type-product","3":"status-publish","4":"has-post-thumbnail","6":"brand-organisationsentwicklung","7":"product_cat-organisationsentwicklung","8":"product_tag-emotionale-kompetenz","9":"product_tag-fuehrung","10":"product_tag-fuehrungskompetenz","11":"product_tag-gruppe","12":"product_tag-gruppendynamik","13":"product_tag-konferenzen","14":"product_tag-moderation","15":"product_tag-moderieren","16":"product_tag-organisationsentwicklung","17":"product_tag-projekt","18":"product_tag-soziale-kompetenz","19":"product_tag-teambesprechungen","20":"product_tag-teamentwicklung","21":"product_tag-teamkonflikte","22":"product_tag-zusammenarbeit","24":"first","25":"outofstock","26":"taxable","27":"shipping-taxable","28":"product-type-simple"},"_links":{"self":[{"href":"https:\/\/www.jc-training.de\/en\/wp-json\/wp\/v2\/product\/6008","targetHints":{"allow":["GET"]}}],"collection":[{"href":"https:\/\/www.jc-training.de\/en\/wp-json\/wp\/v2\/product"}],"about":[{"href":"https:\/\/www.jc-training.de\/en\/wp-json\/wp\/v2\/types\/product"}],"version-history":[{"count":12,"href":"https:\/\/www.jc-training.de\/en\/wp-json\/wp\/v2\/product\/6008\/revisions"}],"predecessor-version":[{"id":6022,"href":"https:\/\/www.jc-training.de\/en\/wp-json\/wp\/v2\/product\/6008\/revisions\/6022"}],"wp:featuredmedia":[{"embeddable":true,"href":"https:\/\/www.jc-training.de\/en\/wp-json\/wp\/v2\/media\/3659"}],"wp:attachment":[{"href":"https:\/\/www.jc-training.de\/en\/wp-json\/wp\/v2\/media?parent=6008"}],"wp:term":[{"taxonomy":"brand","embeddable":true,"href":"https:\/\/www.jc-training.de\/en\/wp-json\/wp\/v2\/etheme_brands?post=6008"},{"taxonomy":"product_brand","embeddable":true,"href":"https:\/\/www.jc-training.de\/en\/wp-json\/wp\/v2\/product_brand?post=6008"},{"taxonomy":"product_cat","embeddable":true,"href":"https:\/\/www.jc-training.de\/en\/wp-json\/wp\/v2\/product_cat?post=6008"},{"taxonomy":"product_tag","embeddable":true,"href":"https:\/\/www.jc-training.de\/en\/wp-json\/wp\/v2\/product_tag?post=6008"}],"curies":[{"name":"wp","href":"https:\/\/api.w.org\/{rel}","templated":true}]}}