{"id":6209,"date":"2025-04-08T09:17:37","date_gmt":"2025-04-08T07:17:37","guid":{"rendered":"https:\/\/www.jc-training.de\/produkt\/umfassende-schulung-spielhallen-und-gaststaetten-rheinland-pfalz\/"},"modified":"2025-11-08T13:11:32","modified_gmt":"2025-11-08T12:11:32","slug":"umfassende-schulung-spielhallen-und-gaststaetten-rheinland-pfalz","status":"publish","type":"product","link":"https:\/\/www.jc-training.de\/en\/product\/umfassende-schulung-spielhallen-und-gaststaetten-rheinland-pfalz\/","title":{"rendered":"umfassende Schulung &#8211; Spielhallen und Gastst\u00e4tten &#8211; Rheinland-Pfalz"},"content":{"rendered":"<p dir=\"ltr\" style=\"text-align:left;\">Umfassende Schulung (Basisschulung) f\u00fcr das mit der Aufsicht betraute Personal und deren Vorgesetzte in Spielhallen und Gastst\u00e4tten mit Geldspielger\u00e4ten in Rheinland-Pfalz. <strong>Diese Schulung ist in Pr\u00e4senzform zu absolvieren.<\/strong><\/p>\n<p dir=\"ltr\" style=\"text-align:left;\">Diese Schulung erfolgt vor Aufnahme der T\u00e4tigkeit oder innerhalb von 6 Monaten nach der Erstschulung (eLearning).\u00a0<\/p>\n<p dir=\"ltr\" style=\"text-align:left;\">Sie ist im Abstand von 3 Jahren (bei Verbundspielhallen 2 Jahren) durch eine Wiederholungsschulung (eLearning oder Pr\u00e4senz)aufzufrischen.<\/p>","protected":false},"excerpt":{"rendered":"<h3>umfassende Schulung &#8211;\u00a0Spielhallen und Gastst\u00e4tten &#8211; Rheinland-Pfalz [Pr\u00e4senz]<\/h3>\n","protected":false},"featured_media":6200,"template":"","meta":{"_price":"180","_stock":"","_tribe_ticket_header":"","_tribe_default_ticket_provider":"","_tribe_ticket_capacity":"14","_ticket_start_date":"","_ticket_end_date":"","_tribe_ticket_show_description":"","_tribe_ticket_show_not_going":false,"_tribe_ticket_use_global_stock":"","_tribe_ticket_global_stock_level":"","_global_stock_mode":"","_global_stock_cap":"","_tribe_rsvp_for_event":"","_tribe_ticket_going_count":"","_tribe_ticket_not_going_count":"","_tribe_tickets_list":"[]","_tribe_ticket_has_attendee_info_fields":false,"_EventAllDay":false,"_EventTimezone":"","_EventStartDate":"","_EventEndDate":"","_EventStartDateUTC":"","_EventEndDateUTC":"","_EventShowMap":false,"_EventShowMapLink":false,"_EventURL":"","_EventCost":"","_EventCostDescription":"","_EventCurrencySymbol":"","_EventCurrencyCode":"","_EventCurrencyPosition":"","_EventDateTimeSeparator":"","_EventTimeRangeSeparator":"","_EventOrganizerID":[],"_EventVenueID":[],"_OrganizerEmail":"","_OrganizerPhone":"","_OrganizerWebsite":"","_VenueAddress":"","_VenueCity":"","_VenueCountry":"","_VenueProvince":"","_VenueState":"","_VenueZip":"","_VenuePhone":"","_VenueURL":"","_VenueStateProvince":"","_VenueLat":"","_VenueLng":"","_VenueShowMap":false,"_VenueShowMapLink":false,"_tec_slr_enabled":"","_tec_slr_layout":""},"etheme_brands":[{"term_id":170,"name":"Gl\u00fccksspielsuchtpr\u00e4vention","slug":"gluecksspielsuchtpraevention","term_group":0,"term_taxonomy_id":170,"taxonomy":"brand","description":"","parent":0,"count":6,"filter":"raw"}],"product_brand":[],"product_cat":[161,164],"product_tag":[197,240,118,117,121,149,108,123,116,109,110,111],"class_list":{"0":"post-6209","1":"product","2":"type-product","3":"status-publish","4":"has-post-thumbnail","6":"brand-gluecksspielsuchtpraevention","7":"product_cat-gluecksspielsuchtpraevention","8":"product_cat-spielhallenundgaststaetten","9":"product_tag-basisschulung","10":"product_tag-gaststaette","11":"product_tag-gluecksspiel","12":"product_tag-pathologisches-spielen","13":"product_tag-praeventionsschulung","14":"product_tag-rheinland-pfalz","15":"product_tag-rlp","16":"product_tag-sozialkonzept","17":"product_tag-spielerschutz","18":"product_tag-spielhalle","19":"product_tag-spielsucht","20":"product_tag-umfassende-schulung","22":"first","23":"instock","24":"taxable","25":"shipping-taxable","26":"purchasable","27":"product-type-variable","28":"has-default-attributes"},"_links":{"self":[{"href":"https:\/\/www.jc-training.de\/en\/wp-json\/wp\/v2\/product\/6209","targetHints":{"allow":["GET"]}}],"collection":[{"href":"https:\/\/www.jc-training.de\/en\/wp-json\/wp\/v2\/product"}],"about":[{"href":"https:\/\/www.jc-training.de\/en\/wp-json\/wp\/v2\/types\/product"}],"version-history":[{"count":15,"href":"https:\/\/www.jc-training.de\/en\/wp-json\/wp\/v2\/product\/6209\/revisions"}],"predecessor-version":[{"id":6979,"href":"https:\/\/www.jc-training.de\/en\/wp-json\/wp\/v2\/product\/6209\/revisions\/6979"}],"wp:featuredmedia":[{"embeddable":true,"href":"https:\/\/www.jc-training.de\/en\/wp-json\/wp\/v2\/media\/6200"}],"wp:attachment":[{"href":"https:\/\/www.jc-training.de\/en\/wp-json\/wp\/v2\/media?parent=6209"}],"wp:term":[{"taxonomy":"brand","embeddable":true,"href":"https:\/\/www.jc-training.de\/en\/wp-json\/wp\/v2\/etheme_brands?post=6209"},{"taxonomy":"product_brand","embeddable":true,"href":"https:\/\/www.jc-training.de\/en\/wp-json\/wp\/v2\/product_brand?post=6209"},{"taxonomy":"product_cat","embeddable":true,"href":"https:\/\/www.jc-training.de\/en\/wp-json\/wp\/v2\/product_cat?post=6209"},{"taxonomy":"product_tag","embeddable":true,"href":"https:\/\/www.jc-training.de\/en\/wp-json\/wp\/v2\/product_tag?post=6209"}],"curies":[{"name":"wp","href":"https:\/\/api.w.org\/{rel}","templated":true}]}}