{"id":6214,"date":"2025-04-08T09:17:37","date_gmt":"2025-04-08T07:17:37","guid":{"rendered":"https:\/\/www.jc-training.de\/produkt\/erstschulung-spielhallen-und-gaststaetten-rheinland-pfalz-2025\/"},"modified":"2025-09-30T11:12:20","modified_gmt":"2025-09-30T09:12:20","slug":"erstschulung-spielhallen-und-gaststaetten-rheinland-pfalz-2025","status":"publish","type":"product","link":"https:\/\/www.jc-training.de\/en\/product\/erstschulung-spielhallen-und-gaststaetten-rheinland-pfalz-2025\/","title":{"rendered":"Erstschulung &#8211; Spielhallen und Gastst\u00e4tten &#8211; Rheinland-Pfalz"},"content":{"rendered":"<p dir=\"ltr\" style=\"text-align:left;\">Erstschulung f\u00fcr das mit der Aufsicht betraute Personal und deren Vorgesetzte in Spielhallen und Gastst\u00e4tten mit Geldspielger\u00e4ten in Rheinland-Pfalz.<\/p>\n<p dir=\"ltr\" style=\"text-align:left;\">Das eingesetzte Personal ist vor Aufnahme der T\u00e4tigkeit zu schulen. Diese Erstschulung ist 6 Monate g\u00fcltig und kann nur durch eine bis dahin absolvierte umfassenden Schulung (Basisschulung) verl\u00e4ngert werden.<\/p>","protected":false},"excerpt":{"rendered":"<h3>&#8211; Spielhallen und Gastst\u00e4tten &#8211; Erstschulung f\u00fcr Rheinland-Pfalz als eLearning<\/h3>","protected":false},"featured_media":4651,"template":"","meta":{"_price":"59","_stock":"","_tribe_ticket_header":"","_tribe_default_ticket_provider":"","_tribe_ticket_capacity":"10","_ticket_start_date":"","_ticket_end_date":"","_tribe_ticket_show_description":"","_tribe_ticket_show_not_going":false,"_tribe_ticket_use_global_stock":"","_tribe_ticket_global_stock_level":"","_global_stock_mode":"","_global_stock_cap":"","_tribe_rsvp_for_event":"","_tribe_ticket_going_count":"","_tribe_ticket_not_going_count":"","_tribe_tickets_list":"[]","_tribe_ticket_has_attendee_info_fields":false,"_EventAllDay":false,"_EventTimezone":"","_EventStartDate":"","_EventEndDate":"","_EventStartDateUTC":"","_EventEndDateUTC":"","_EventShowMap":false,"_EventShowMapLink":false,"_EventURL":"","_EventCost":"","_EventCostDescription":"","_EventCurrencySymbol":"","_EventCurrencyCode":"","_EventCurrencyPosition":"","_EventDateTimeSeparator":"","_EventTimeRangeSeparator":"","_EventOrganizerID":[],"_EventVenueID":[],"_OrganizerEmail":"","_OrganizerPhone":"","_OrganizerWebsite":"","_VenueAddress":"","_VenueCity":"","_VenueCountry":"","_VenueProvince":"","_VenueState":"","_VenueZip":"","_VenuePhone":"","_VenueURL":"","_VenueStateProvince":"","_VenueLat":"","_VenueLng":"","_VenueShowMap":false,"_VenueShowMapLink":false,"_tec_slr_enabled":"","_tec_slr_layout":""},"etheme_brands":[{"term_id":169,"name":"eLearning","slug":"elearning","term_group":0,"term_taxonomy_id":169,"taxonomy":"brand","description":"","parent":0,"count":4,"filter":"raw"},{"term_id":170,"name":"Gl\u00fccksspielsuchtpr\u00e4vention","slug":"gluecksspielsuchtpraevention","term_group":0,"term_taxonomy_id":170,"taxonomy":"brand","description":"","parent":0,"count":6,"filter":"raw"}],"product_brand":[],"product_cat":[189,161,164],"product_tag":[148,188,242,173,118,171,175,241,117,121,149,108,123,116,172,243,110],"class_list":{"0":"post-6214","1":"product","2":"type-product","3":"status-publish","4":"has-post-thumbnail","6":"brand-elearning","7":"brand-gluecksspielsuchtpraevention","8":"product_cat-elearning-gluecksspielsuchtpraevention","9":"product_cat-gluecksspielsuchtpraevention","10":"product_cat-spielhallenundgaststaetten","11":"product_tag-elearning","12":"product_tag-erstschulung","13":"product_tag-gaststaetten","14":"product_tag-geldspielgeraet","15":"product_tag-gluecksspiel","16":"product_tag-gluecksspielsucht","17":"product_tag-gluestv","18":"product_tag-online-schulung","19":"product_tag-pathologisches-spielen","20":"product_tag-praeventionsschulung","21":"product_tag-rheinland-pfalz","22":"product_tag-rlp","23":"product_tag-sozialkonzept","24":"product_tag-spielerschutz","25":"product_tag-spielerschutzschulung","26":"product_tag-spielhallen","27":"product_tag-spielsucht","29":"first","30":"instock","31":"featured","32":"downloadable","33":"virtual","34":"taxable","35":"purchasable","36":"product-type-simple"},"_links":{"self":[{"href":"https:\/\/www.jc-training.de\/en\/wp-json\/wp\/v2\/product\/6214","targetHints":{"allow":["GET"]}}],"collection":[{"href":"https:\/\/www.jc-training.de\/en\/wp-json\/wp\/v2\/product"}],"about":[{"href":"https:\/\/www.jc-training.de\/en\/wp-json\/wp\/v2\/types\/product"}],"version-history":[{"count":8,"href":"https:\/\/www.jc-training.de\/en\/wp-json\/wp\/v2\/product\/6214\/revisions"}],"predecessor-version":[{"id":6422,"href":"https:\/\/www.jc-training.de\/en\/wp-json\/wp\/v2\/product\/6214\/revisions\/6422"}],"wp:featuredmedia":[{"embeddable":true,"href":"https:\/\/www.jc-training.de\/en\/wp-json\/wp\/v2\/media\/4651"}],"wp:attachment":[{"href":"https:\/\/www.jc-training.de\/en\/wp-json\/wp\/v2\/media?parent=6214"}],"wp:term":[{"taxonomy":"brand","embeddable":true,"href":"https:\/\/www.jc-training.de\/en\/wp-json\/wp\/v2\/etheme_brands?post=6214"},{"taxonomy":"product_brand","embeddable":true,"href":"https:\/\/www.jc-training.de\/en\/wp-json\/wp\/v2\/product_brand?post=6214"},{"taxonomy":"product_cat","embeddable":true,"href":"https:\/\/www.jc-training.de\/en\/wp-json\/wp\/v2\/product_cat?post=6214"},{"taxonomy":"product_tag","embeddable":true,"href":"https:\/\/www.jc-training.de\/en\/wp-json\/wp\/v2\/product_tag?post=6214"}],"curies":[{"name":"wp","href":"https:\/\/api.w.org\/{rel}","templated":true}]}}